{"id":4522,"date":"2024-07-19T15:05:52","date_gmt":"2024-07-19T07:05:52","guid":{"rendered":"https:\/\/hingelocks.com\/?page_id=4522"},"modified":"2024-07-19T19:48:03","modified_gmt":"2024-07-19T11:48:03","slug":"application","status":"publish","type":"page","link":"https:\/\/hingelocks.com\/cs\/application\/","title":{"rendered":"Aplikace"},"content":{"rendered":"<div data-elementor-type=\"wp-page\" data-elementor-id=\"4522\" class=\"elementor elementor-4522\" data-elementor-post-type=\"page\">\n\t\t\t\t<div class=\"elementor-element elementor-element-4dc181d e-flex e-con-boxed e-con e-parent\" data-id=\"4dc181d\" data-element_type=\"container\" data-settings=\"{&quot;background_background&quot;:&quot;classic&quot;}\">\n\t\t\t\t\t<div class=\"e-con-inner\">\n\t\t<div class=\"elementor-element elementor-element-66e8e15 e-grid e-con-full e-con e-child\" data-id=\"66e8e15\" data-element_type=\"container\" data-settings=\"{&quot;background_background&quot;:&quot;classic&quot;}\">\n\t\t\t\t<div class=\"elementor-element elementor-element-dbd4fcd elementor-widget elementor-widget-heading\" data-id=\"dbd4fcd\" data-element_type=\"widget\" data-widget_type=\"heading.default\">\n\t\t\t\t<div class=\"elementor-widget-container\">\n\t\t\t\t\t<h2 class=\"elementor-heading-title elementor-size-default\">Aplikace<\/h2>\t\t\t\t<\/div>\n\t\t\t\t<\/div>\n\t\t\t\t<div class=\"elementor-element elementor-element-b237dc6 elementor-widget elementor-widget-text-editor\" data-id=\"b237dc6\" data-element_type=\"widget\" data-widget_type=\"text-editor.default\">\n\t\t\t\t<div class=\"elementor-widget-container\">\n\t\t\t\t\t\t\t\t\t<p>Poskytujeme profesion\u00e1ln\u00ed \u0159e\u0161en\u00ed z\u00e1padek a z\u00e1v\u011bs\u016f pro va\u0161e odv\u011btv\u00ed.<\/p>\t\t\t\t\t\t\t\t<\/div>\n\t\t\t\t<\/div>\n\t\t\t\t<\/div>\n\t\t\t\t\t<\/div>\n\t\t\t\t<\/div>\n\t\t<div class=\"elementor-element elementor-element-247bd10 e-flex e-con-boxed e-con e-parent\" data-id=\"247bd10\" data-element_type=\"container\">\n\t\t\t\t\t<div class=\"e-con-inner\">\n\t\t<div class=\"elementor-element elementor-element-c3684d4 e-con-full e-flex e-con e-child\" data-id=\"c3684d4\" data-element_type=\"container\">\n\t\t\t\t<div class=\"elementor-element elementor-element-2c3b0c2 elementor-widget elementor-widget-image\" data-id=\"2c3b0c2\" data-element_type=\"widget\" data-widget_type=\"image.default\">\n\t\t\t\t<div class=\"elementor-widget-container\">\n\t\t\t\t\t\t\t\t\t\t\t\t\t\t\t<img fetchpriority=\"high\" decoding=\"async\" width=\"600\" height=\"400\" src=\"https:\/\/hingelocks.com\/wp-content\/uploads\/2024\/07\/Special-Vehicle-Shipping-Industry.jpg\" class=\"attachment-large size-large wp-image-1238\" alt=\"\" srcset=\"https:\/\/hingelocks.com\/wp-content\/uploads\/2024\/07\/Special-Vehicle-Shipping-Industry.jpg 600w, https:\/\/hingelocks.com\/wp-content\/uploads\/2024\/07\/Special-Vehicle-Shipping-Industry-300x200.jpg 300w\" sizes=\"(max-width: 600px) 100vw, 600px\" \/>\t\t\t\t\t\t\t\t\t\t\t\t\t\t\t<\/div>\n\t\t\t\t<\/div>\n\t\t\t\t<div class=\"elementor-element elementor-element-dbf1bb2 elementor-widget elementor-widget-heading\" data-id=\"dbf1bb2\" data-element_type=\"widget\" data-widget_type=\"heading.default\">\n\t\t\t\t<div class=\"elementor-widget-container\">\n\t\t\t\t\t<h2 class=\"elementor-heading-title elementor-size-default\">Odv\u011btv\u00ed p\u0159epravy speci\u00e1ln\u00edch vozidel\n<\/h2>\t\t\t\t<\/div>\n\t\t\t\t<\/div>\n\t\t\t\t<div class=\"elementor-element elementor-element-adee5aa elementor-widget elementor-widget-text-editor\" data-id=\"adee5aa\" data-element_type=\"widget\" data-widget_type=\"text-editor.default\">\n\t\t\t\t<div class=\"elementor-widget-container\">\n\t\t\t\t\t\t\t\t\t<p>Odoln\u00e1 konstrukce v\u00fdrobku zaji\u0161\u0165uje spolehliv\u00fd v\u00fdkon a dlouhou \u017eivotnost.<\/p>\t\t\t\t\t\t\t\t<\/div>\n\t\t\t\t<\/div>\n\t\t\t\t<div class=\"elementor-element elementor-element-bb44cae elementor-widget elementor-widget-button\" data-id=\"bb44cae\" data-element_type=\"widget\" data-widget_type=\"button.default\">\n\t\t\t\t<div class=\"elementor-widget-container\">\n\t\t\t\t\t\t\t\t\t<div class=\"elementor-button-wrapper\">\n\t\t\t\t\t<a class=\"elementor-button elementor-button-link elementor-size-sm\" href=\"https:\/\/hingelocks.com\/cs\/special-vehicle-shipping-industry\/\">\n\t\t\t\t\t\t<span class=\"elementor-button-content-wrapper\">\n\t\t\t\t\t\t\t\t\t<span class=\"elementor-button-text\">Prozkoumat v\u00edce<\/span>\n\t\t\t\t\t<\/span>\n\t\t\t\t\t<\/a>\n\t\t\t\t<\/div>\n\t\t\t\t\t\t\t\t<\/div>\n\t\t\t\t<\/div>\n\t\t\t\t<\/div>\n\t\t<div class=\"elementor-element elementor-element-01ead56 e-con-full e-flex e-con e-child\" data-id=\"01ead56\" data-element_type=\"container\">\n\t\t\t\t<div class=\"elementor-element elementor-element-1a7d219 elementor-widget elementor-widget-image\" data-id=\"1a7d219\" data-element_type=\"widget\" data-widget_type=\"image.default\">\n\t\t\t\t<div class=\"elementor-widget-container\">\n\t\t\t\t\t\t\t\t\t\t\t\t\t\t\t<img decoding=\"async\" width=\"600\" height=\"400\" src=\"https:\/\/hingelocks.com\/wp-content\/uploads\/2024\/07\/high-speed-train.jpg\" class=\"attachment-large size-large wp-image-1239\" alt=\"\" srcset=\"https:\/\/hingelocks.com\/wp-content\/uploads\/2024\/07\/high-speed-train.jpg 600w, https:\/\/hingelocks.com\/wp-content\/uploads\/2024\/07\/high-speed-train-300x200.jpg 300w\" sizes=\"(max-width: 600px) 100vw, 600px\" \/>\t\t\t\t\t\t\t\t\t\t\t\t\t\t\t<\/div>\n\t\t\t\t<\/div>\n\t\t\t\t<div class=\"elementor-element elementor-element-26b33c2 elementor-widget elementor-widget-heading\" data-id=\"26b33c2\" data-element_type=\"widget\" data-widget_type=\"heading.default\">\n\t\t\t\t<div class=\"elementor-widget-container\">\n\t\t\t\t\t<h2 class=\"elementor-heading-title elementor-size-default\">\u017delezni\u010dn\u00ed a dopravn\u00ed pr\u016fmysl\n<\/h2>\t\t\t\t<\/div>\n\t\t\t\t<\/div>\n\t\t\t\t<div class=\"elementor-element elementor-element-2750ca7 elementor-widget elementor-widget-text-editor\" data-id=\"2750ca7\" data-element_type=\"widget\" data-widget_type=\"text-editor.default\">\n\t\t\t\t<div class=\"elementor-widget-container\">\n\t\t\t\t\t\t\t\t\t<p>Inovativn\u00ed \u0159e\u0161en\u00ed pro \u00fa\u010dinn\u00e9 sn\u00ed\u017een\u00ed vibrac\u00ed a hluku v \u017eelezni\u010dn\u00edch a dopravn\u00edch aplikac\u00edch.<\/p>\t\t\t\t\t\t\t\t<\/div>\n\t\t\t\t<\/div>\n\t\t\t\t<div class=\"elementor-element elementor-element-db3b1ac elementor-widget elementor-widget-button\" data-id=\"db3b1ac\" data-element_type=\"widget\" data-widget_type=\"button.default\">\n\t\t\t\t<div class=\"elementor-widget-container\">\n\t\t\t\t\t\t\t\t\t<div class=\"elementor-button-wrapper\">\n\t\t\t\t\t<a class=\"elementor-button elementor-button-link elementor-size-sm\" href=\"https:\/\/hingelocks.com\/cs\/railway-and-transportation-industries\/\">\n\t\t\t\t\t\t<span class=\"elementor-button-content-wrapper\">\n\t\t\t\t\t\t\t\t\t<span class=\"elementor-button-text\">Prozkoumat v\u00edce<\/span>\n\t\t\t\t\t<\/span>\n\t\t\t\t\t<\/a>\n\t\t\t\t<\/div>\n\t\t\t\t\t\t\t\t<\/div>\n\t\t\t\t<\/div>\n\t\t\t\t<\/div>\n\t\t<div class=\"elementor-element elementor-element-dab5305 e-con-full e-flex e-con e-child\" data-id=\"dab5305\" data-element_type=\"container\">\n\t\t\t\t<div class=\"elementor-element elementor-element-3d6f735 elementor-widget elementor-widget-image\" data-id=\"3d6f735\" data-element_type=\"widget\" data-widget_type=\"image.default\">\n\t\t\t\t<div class=\"elementor-widget-container\">\n\t\t\t\t\t\t\t\t\t\t\t\t\t\t\t<img decoding=\"async\" width=\"600\" height=\"400\" src=\"https:\/\/hingelocks.com\/wp-content\/uploads\/2024\/07\/Power-distribution-cabinet.jpg\" class=\"attachment-large size-large wp-image-1240\" alt=\"\" srcset=\"https:\/\/hingelocks.com\/wp-content\/uploads\/2024\/07\/Power-distribution-cabinet.jpg 600w, https:\/\/hingelocks.com\/wp-content\/uploads\/2024\/07\/Power-distribution-cabinet-300x200.jpg 300w\" sizes=\"(max-width: 600px) 100vw, 600px\" \/>\t\t\t\t\t\t\t\t\t\t\t\t\t\t\t<\/div>\n\t\t\t\t<\/div>\n\t\t\t\t<div class=\"elementor-element elementor-element-9827935 elementor-widget elementor-widget-heading\" data-id=\"9827935\" data-element_type=\"widget\" data-widget_type=\"heading.default\">\n\t\t\t\t<div class=\"elementor-widget-container\">\n\t\t\t\t\t<h2 class=\"elementor-heading-title elementor-size-default\">Nap\u00e1jec\u00ed rozv\u00e1d\u011b\u010d\n<\/h2>\t\t\t\t<\/div>\n\t\t\t\t<\/div>\n\t\t\t\t<div class=\"elementor-element elementor-element-27e7fd8 elementor-widget elementor-widget-text-editor\" data-id=\"27e7fd8\" data-element_type=\"widget\" data-widget_type=\"text-editor.default\">\n\t\t\t\t<div class=\"elementor-widget-container\">\n\t\t\t\t\t\t\t\t\t<p>V\u00fdrobky pro vysok\u00e9 zat\u00ed\u017een\u00ed nab\u00edzej\u00edc\u00ed izolaci hluku a redukci vibrac\u00ed pro rozvodn\u00e9 sk\u0159\u00edn\u011b.<\/p>\t\t\t\t\t\t\t\t<\/div>\n\t\t\t\t<\/div>\n\t\t\t\t<div class=\"elementor-element elementor-element-2c2465f elementor-widget elementor-widget-button\" data-id=\"2c2465f\" data-element_type=\"widget\" data-widget_type=\"button.default\">\n\t\t\t\t<div class=\"elementor-widget-container\">\n\t\t\t\t\t\t\t\t\t<div class=\"elementor-button-wrapper\">\n\t\t\t\t\t<a class=\"elementor-button elementor-button-link elementor-size-sm\" href=\"https:\/\/hingelocks.com\/cs\/high-low-voltage-power-distribution-cabinet\/\">\n\t\t\t\t\t\t<span class=\"elementor-button-content-wrapper\">\n\t\t\t\t\t\t\t\t\t<span class=\"elementor-button-text\">Prozkoumat v\u00edce<\/span>\n\t\t\t\t\t<\/span>\n\t\t\t\t\t<\/a>\n\t\t\t\t<\/div>\n\t\t\t\t\t\t\t\t<\/div>\n\t\t\t\t<\/div>\n\t\t\t\t<\/div>\n\t\t\t\t\t<\/div>\n\t\t\t\t<\/div>\n\t\t<div class=\"elementor-element elementor-element-fa0a320 e-flex e-con-boxed e-con e-parent\" data-id=\"fa0a320\" data-element_type=\"container\">\n\t\t\t\t\t<div class=\"e-con-inner\">\n\t\t<div class=\"elementor-element elementor-element-98cc6ae e-con-full e-flex e-con e-child\" data-id=\"98cc6ae\" data-element_type=\"container\">\n\t\t\t\t<div class=\"elementor-element elementor-element-1c87d4f elementor-widget elementor-widget-image\" data-id=\"1c87d4f\" data-element_type=\"widget\" data-widget_type=\"image.default\">\n\t\t\t\t<div class=\"elementor-widget-container\">\n\t\t\t\t\t\t\t\t\t\t\t\t\t\t\t<img loading=\"lazy\" decoding=\"async\" width=\"600\" height=\"400\" src=\"https:\/\/hingelocks.com\/wp-content\/uploads\/2024\/07\/Charging-Pile.jpg\" class=\"attachment-large size-large wp-image-1242\" alt=\"\" srcset=\"https:\/\/hingelocks.com\/wp-content\/uploads\/2024\/07\/Charging-Pile.jpg 600w, https:\/\/hingelocks.com\/wp-content\/uploads\/2024\/07\/Charging-Pile-300x200.jpg 300w\" sizes=\"(max-width: 600px) 100vw, 600px\" \/>\t\t\t\t\t\t\t\t\t\t\t\t\t\t\t<\/div>\n\t\t\t\t<\/div>\n\t\t\t\t<div class=\"elementor-element elementor-element-720ec1e elementor-widget elementor-widget-heading\" data-id=\"720ec1e\" data-element_type=\"widget\" data-widget_type=\"heading.default\">\n\t\t\t\t<div class=\"elementor-widget-container\">\n\t\t\t\t\t<h2 class=\"elementor-heading-title elementor-size-default\">Nov\u00fd energetick\u00fd pr\u016fmysl\n<\/h2>\t\t\t\t<\/div>\n\t\t\t\t<\/div>\n\t\t\t\t<div class=\"elementor-element elementor-element-14dda8f elementor-widget elementor-widget-text-editor\" data-id=\"14dda8f\" data-element_type=\"widget\" data-widget_type=\"text-editor.default\">\n\t\t\t\t<div class=\"elementor-widget-container\">\n\t\t\t\t\t\t\t\t\t<p>\u0158e\u0161en\u00ed nab\u00edjec\u00edch hrom\u00e1dek se z\u00e1padkami s vysokou \u00farovn\u00ed ochrany pro vy\u0161\u0161\u00ed bezpe\u010dnost a spolehlivost.<\/p>\t\t\t\t\t\t\t\t<\/div>\n\t\t\t\t<\/div>\n\t\t\t\t<div class=\"elementor-element elementor-element-f257452 elementor-widget elementor-widget-button\" data-id=\"f257452\" data-element_type=\"widget\" data-widget_type=\"button.default\">\n\t\t\t\t<div class=\"elementor-widget-container\">\n\t\t\t\t\t\t\t\t\t<div class=\"elementor-button-wrapper\">\n\t\t\t\t\t<a class=\"elementor-button elementor-button-link elementor-size-sm\" href=\"https:\/\/hingelocks.com\/cs\/new-energy-industry\/\">\n\t\t\t\t\t\t<span class=\"elementor-button-content-wrapper\">\n\t\t\t\t\t\t\t\t\t<span class=\"elementor-button-text\">Prozkoumat v\u00edce<\/span>\n\t\t\t\t\t<\/span>\n\t\t\t\t\t<\/a>\n\t\t\t\t<\/div>\n\t\t\t\t\t\t\t\t<\/div>\n\t\t\t\t<\/div>\n\t\t\t\t<\/div>\n\t\t<div class=\"elementor-element elementor-element-99d30af e-con-full e-flex e-con e-child\" data-id=\"99d30af\" data-element_type=\"container\">\n\t\t\t\t<div class=\"elementor-element elementor-element-20735c9 elementor-widget elementor-widget-image\" data-id=\"20735c9\" data-element_type=\"widget\" data-widget_type=\"image.default\">\n\t\t\t\t<div class=\"elementor-widget-container\">\n\t\t\t\t\t\t\t\t\t\t\t\t\t\t\t<img loading=\"lazy\" decoding=\"async\" width=\"600\" height=\"400\" src=\"https:\/\/hingelocks.com\/wp-content\/uploads\/2024\/07\/Electrical-System.jpg\" class=\"attachment-large size-large wp-image-1247\" alt=\"\" srcset=\"https:\/\/hingelocks.com\/wp-content\/uploads\/2024\/07\/Electrical-System.jpg 600w, https:\/\/hingelocks.com\/wp-content\/uploads\/2024\/07\/Electrical-System-300x200.jpg 300w\" sizes=\"(max-width: 600px) 100vw, 600px\" \/>\t\t\t\t\t\t\t\t\t\t\t\t\t\t\t<\/div>\n\t\t\t\t<\/div>\n\t\t\t\t<div class=\"elementor-element elementor-element-7f8bff8 elementor-widget elementor-widget-heading\" data-id=\"7f8bff8\" data-element_type=\"widget\" data-widget_type=\"heading.default\">\n\t\t\t\t<div class=\"elementor-widget-container\">\n\t\t\t\t\t<h2 class=\"elementor-heading-title elementor-size-default\">Elektrick\u00fd syst\u00e9m\n<\/h2>\t\t\t\t<\/div>\n\t\t\t\t<\/div>\n\t\t\t\t<div class=\"elementor-element elementor-element-14101e9 elementor-widget elementor-widget-text-editor\" data-id=\"14101e9\" data-element_type=\"widget\" data-widget_type=\"text-editor.default\">\n\t\t\t\t<div class=\"elementor-widget-container\">\n\t\t\t\t\t\t\t\t\t<p>Ucelen\u00fd sortiment bezpe\u010dn\u00fdch z\u00e1mk\u016f, z\u00e1v\u011bs\u016f a p\u0159\u00edslu\u0161enstv\u00ed pro vnit\u0159n\u00ed i venkovn\u00ed sk\u0159\u00edn\u011b.<\/p>\t\t\t\t\t\t\t\t<\/div>\n\t\t\t\t<\/div>\n\t\t\t\t<div class=\"elementor-element elementor-element-2f29048 elementor-widget elementor-widget-button\" data-id=\"2f29048\" data-element_type=\"widget\" data-widget_type=\"button.default\">\n\t\t\t\t<div class=\"elementor-widget-container\">\n\t\t\t\t\t\t\t\t\t<div class=\"elementor-button-wrapper\">\n\t\t\t\t\t<a class=\"elementor-button elementor-button-link elementor-size-sm\" href=\"https:\/\/hingelocks.com\/cs\/electrical-system\/\">\n\t\t\t\t\t\t<span class=\"elementor-button-content-wrapper\">\n\t\t\t\t\t\t\t\t\t<span class=\"elementor-button-text\">Prozkoumat v\u00edce<\/span>\n\t\t\t\t\t<\/span>\n\t\t\t\t\t<\/a>\n\t\t\t\t<\/div>\n\t\t\t\t\t\t\t\t<\/div>\n\t\t\t\t<\/div>\n\t\t\t\t<\/div>\n\t\t<div class=\"elementor-element elementor-element-9211475 e-con-full e-flex e-con e-child\" data-id=\"9211475\" data-element_type=\"container\">\n\t\t\t\t<div class=\"elementor-element elementor-element-4eeabde elementor-widget elementor-widget-image\" data-id=\"4eeabde\" data-element_type=\"widget\" data-widget_type=\"image.default\">\n\t\t\t\t<div class=\"elementor-widget-container\">\n\t\t\t\t\t\t\t\t\t\t\t\t\t\t\t<img loading=\"lazy\" decoding=\"async\" width=\"600\" height=\"400\" src=\"https:\/\/hingelocks.com\/wp-content\/uploads\/2024\/07\/IT-Industry-Data-Center.jpg\" class=\"attachment-large size-large wp-image-1243\" alt=\"\" srcset=\"https:\/\/hingelocks.com\/wp-content\/uploads\/2024\/07\/IT-Industry-Data-Center.jpg 600w, https:\/\/hingelocks.com\/wp-content\/uploads\/2024\/07\/IT-Industry-Data-Center-300x200.jpg 300w\" sizes=\"(max-width: 600px) 100vw, 600px\" \/>\t\t\t\t\t\t\t\t\t\t\t\t\t\t\t<\/div>\n\t\t\t\t<\/div>\n\t\t\t\t<div class=\"elementor-element elementor-element-303895d elementor-widget elementor-widget-heading\" data-id=\"303895d\" data-element_type=\"widget\" data-widget_type=\"heading.default\">\n\t\t\t\t<div class=\"elementor-widget-container\">\n\t\t\t\t\t<h2 class=\"elementor-heading-title elementor-size-default\">Pr\u016fmyslov\u00e1 sk\u0159\u00ed\u0148 IT\n<\/h2>\t\t\t\t<\/div>\n\t\t\t\t<\/div>\n\t\t\t\t<div class=\"elementor-element elementor-element-3c8ef3f elementor-widget elementor-widget-text-editor\" data-id=\"3c8ef3f\" data-element_type=\"widget\" data-widget_type=\"text-editor.default\">\n\t\t\t\t<div class=\"elementor-widget-container\">\n\t\t\t\t\t\t\t\t\t<p>Vysoce zabezpe\u010den\u00e9 produkty ur\u010den\u00e9 k ochran\u011b organiza\u010dn\u00edch dat v pr\u016fmyslov\u00fdch sk\u0159\u00edn\u00edch IT.<\/p>\t\t\t\t\t\t\t\t<\/div>\n\t\t\t\t<\/div>\n\t\t\t\t<div class=\"elementor-element elementor-element-eb7878f elementor-widget elementor-widget-button\" data-id=\"eb7878f\" data-element_type=\"widget\" data-widget_type=\"button.default\">\n\t\t\t\t<div class=\"elementor-widget-container\">\n\t\t\t\t\t\t\t\t\t<div class=\"elementor-button-wrapper\">\n\t\t\t\t\t<a class=\"elementor-button elementor-button-link elementor-size-sm\" href=\"https:\/\/hingelocks.com\/cs\/it-industrial-cabinet\/\">\n\t\t\t\t\t\t<span class=\"elementor-button-content-wrapper\">\n\t\t\t\t\t\t\t\t\t<span class=\"elementor-button-text\">Prozkoumat v\u00edce<\/span>\n\t\t\t\t\t<\/span>\n\t\t\t\t\t<\/a>\n\t\t\t\t<\/div>\n\t\t\t\t\t\t\t\t<\/div>\n\t\t\t\t<\/div>\n\t\t\t\t<\/div>\n\t\t\t\t\t<\/div>\n\t\t\t\t<\/div>\n\t\t<div class=\"elementor-element elementor-element-761f400 e-flex e-con-boxed e-con e-parent\" data-id=\"761f400\" data-element_type=\"container\">\n\t\t\t\t\t<div class=\"e-con-inner\">\n\t\t<div class=\"elementor-element elementor-element-ed9e480 e-con-full e-flex e-con e-child\" data-id=\"ed9e480\" data-element_type=\"container\">\n\t\t\t\t<div class=\"elementor-element elementor-element-1c13cf0 elementor-widget elementor-widget-image\" data-id=\"1c13cf0\" data-element_type=\"widget\" data-widget_type=\"image.default\">\n\t\t\t\t<div class=\"elementor-widget-container\">\n\t\t\t\t\t\t\t\t\t\t\t\t\t\t\t<img loading=\"lazy\" decoding=\"async\" width=\"600\" height=\"400\" src=\"https:\/\/hingelocks.com\/wp-content\/uploads\/2024\/07\/Industrial-Equipment-1.jpg\" class=\"attachment-large size-large wp-image-1241\" alt=\"\" srcset=\"https:\/\/hingelocks.com\/wp-content\/uploads\/2024\/07\/Industrial-Equipment-1.jpg 600w, https:\/\/hingelocks.com\/wp-content\/uploads\/2024\/07\/Industrial-Equipment-1-300x200.jpg 300w\" sizes=\"(max-width: 600px) 100vw, 600px\" \/>\t\t\t\t\t\t\t\t\t\t\t\t\t\t\t<\/div>\n\t\t\t\t<\/div>\n\t\t\t\t<div class=\"elementor-element elementor-element-6286952 elementor-widget elementor-widget-heading\" data-id=\"6286952\" data-element_type=\"widget\" data-widget_type=\"heading.default\">\n\t\t\t\t<div class=\"elementor-widget-container\">\n\t\t\t\t\t<h2 class=\"elementor-heading-title elementor-size-default\">Pr\u016fmyslov\u00e9 stroje a za\u0159\u00edzen\u00ed\n<\/h2>\t\t\t\t<\/div>\n\t\t\t\t<\/div>\n\t\t\t\t<div class=\"elementor-element elementor-element-fe13490 elementor-widget elementor-widget-text-editor\" data-id=\"fe13490\" data-element_type=\"widget\" data-widget_type=\"text-editor.default\">\n\t\t\t\t<div class=\"elementor-widget-container\">\n\t\t\t\t\t\t\t\t\t<p>Cenov\u011b v\u00fdhodn\u00e9 bezpe\u010dnostn\u00ed z\u00e1padky stroj\u016f, kter\u00e9 p\u0159in\u00e1\u0161ej\u00ed skute\u010dnou hodnotu.<\/p>\t\t\t\t\t\t\t\t<\/div>\n\t\t\t\t<\/div>\n\t\t\t\t<div class=\"elementor-element elementor-element-25ac297 elementor-widget elementor-widget-button\" data-id=\"25ac297\" data-element_type=\"widget\" data-widget_type=\"button.default\">\n\t\t\t\t<div class=\"elementor-widget-container\">\n\t\t\t\t\t\t\t\t\t<div class=\"elementor-button-wrapper\">\n\t\t\t\t\t<a class=\"elementor-button elementor-button-link elementor-size-sm\" href=\"#\">\n\t\t\t\t\t\t<span class=\"elementor-button-content-wrapper\">\n\t\t\t\t\t\t\t\t\t<span class=\"elementor-button-text\">Prozkoumat v\u00edce<\/span>\n\t\t\t\t\t<\/span>\n\t\t\t\t\t<\/a>\n\t\t\t\t<\/div>\n\t\t\t\t\t\t\t\t<\/div>\n\t\t\t\t<\/div>\n\t\t\t\t<\/div>\n\t\t<div class=\"elementor-element elementor-element-810bf6b e-con-full e-flex e-con e-child\" data-id=\"810bf6b\" data-element_type=\"container\">\n\t\t\t\t<div class=\"elementor-element elementor-element-9e051e7 elementor-widget elementor-widget-image\" data-id=\"9e051e7\" data-element_type=\"widget\" data-widget_type=\"image.default\">\n\t\t\t\t<div class=\"elementor-widget-container\">\n\t\t\t\t\t\t\t\t\t\t\t\t\t\t\t<img loading=\"lazy\" decoding=\"async\" width=\"600\" height=\"400\" src=\"https:\/\/hingelocks.com\/wp-content\/uploads\/2024\/07\/Other-Industries.jpg\" class=\"attachment-large size-large wp-image-1251\" alt=\"\" srcset=\"https:\/\/hingelocks.com\/wp-content\/uploads\/2024\/07\/Other-Industries.jpg 600w, https:\/\/hingelocks.com\/wp-content\/uploads\/2024\/07\/Other-Industries-300x200.jpg 300w\" sizes=\"(max-width: 600px) 100vw, 600px\" \/>\t\t\t\t\t\t\t\t\t\t\t\t\t\t\t<\/div>\n\t\t\t\t<\/div>\n\t\t\t\t<div class=\"elementor-element elementor-element-3b61344 elementor-widget elementor-widget-heading\" data-id=\"3b61344\" data-element_type=\"widget\" data-widget_type=\"heading.default\">\n\t\t\t\t<div class=\"elementor-widget-container\">\n\t\t\t\t\t<h2 class=\"elementor-heading-title elementor-size-default\">Ostatn\u00ed odv\u011btv\u00ed<\/h2>\t\t\t\t<\/div>\n\t\t\t\t<\/div>\n\t\t\t\t<div class=\"elementor-element elementor-element-fa6a7eb elementor-widget elementor-widget-text-editor\" data-id=\"fa6a7eb\" data-element_type=\"widget\" data-widget_type=\"text-editor.default\">\n\t\t\t\t<div class=\"elementor-widget-container\">\n\t\t\t\t\t\t\t\t\t<p>Dokonal\u00e1 integrace, kr\u00e1sn\u00fd design a jednoduch\u00e9 ovl\u00e1d\u00e1n\u00ed pro sk\u0159\u00ed\u0148ky a kartot\u00e9ky<\/p>\t\t\t\t\t\t\t\t<\/div>\n\t\t\t\t<\/div>\n\t\t\t\t<div class=\"elementor-element elementor-element-3e3f23f elementor-widget elementor-widget-button\" data-id=\"3e3f23f\" data-element_type=\"widget\" data-widget_type=\"button.default\">\n\t\t\t\t<div class=\"elementor-widget-container\">\n\t\t\t\t\t\t\t\t\t<div class=\"elementor-button-wrapper\">\n\t\t\t\t\t<a class=\"elementor-button elementor-button-link elementor-size-sm\" href=\"#\">\n\t\t\t\t\t\t<span class=\"elementor-button-content-wrapper\">\n\t\t\t\t\t\t\t\t\t<span class=\"elementor-button-text\">Prozkoumat v\u00edce<\/span>\n\t\t\t\t\t<\/span>\n\t\t\t\t\t<\/a>\n\t\t\t\t<\/div>\n\t\t\t\t\t\t\t\t<\/div>\n\t\t\t\t<\/div>\n\t\t\t\t<\/div>\n\t\t<div class=\"elementor-element elementor-element-23ee4dc e-con-full e-flex e-con e-child\" data-id=\"23ee4dc\" data-element_type=\"container\">\n\t\t\t\t<\/div>\n\t\t\t\t\t<\/div>\n\t\t\t\t<\/div>\n\t\t\t\t<\/div>","protected":false},"excerpt":{"rendered":"<p>Applications We Provide Professional Latches and Hinge solutions for your industries. Special Vehicle Shipping Industry Heavy-duty, durable product designs ensuring reliable performance and long-lasting use . Explore More Railway and Transportation Industries Innovative solutions to effectively reduce vibration and noise in railway and transportation applications. Explore More Power distribution cabinet Heavy-duty products offering noise isolation [&hellip;]<\/p>","protected":false},"author":1,"featured_media":0,"parent":0,"menu_order":0,"comment_status":"closed","ping_status":"closed","template":"","meta":{"_seopress_robots_primary_cat":"","_seopress_titles_title":"","_seopress_titles_desc":"","_seopress_robots_index":"","_import_markdown_pro_load_document_selector":0,"_import_markdown_pro_submit_text_textarea":"","footnotes":""},"_links":{"self":[{"href":"https:\/\/hingelocks.com\/cs\/wp-json\/wp\/v2\/pages\/4522"}],"collection":[{"href":"https:\/\/hingelocks.com\/cs\/wp-json\/wp\/v2\/pages"}],"about":[{"href":"https:\/\/hingelocks.com\/cs\/wp-json\/wp\/v2\/types\/page"}],"author":[{"embeddable":true,"href":"https:\/\/hingelocks.com\/cs\/wp-json\/wp\/v2\/users\/1"}],"replies":[{"embeddable":true,"href":"https:\/\/hingelocks.com\/cs\/wp-json\/wp\/v2\/comments?post=4522"}],"version-history":[{"count":82,"href":"https:\/\/hingelocks.com\/cs\/wp-json\/wp\/v2\/pages\/4522\/revisions"}],"predecessor-version":[{"id":4642,"href":"https:\/\/hingelocks.com\/cs\/wp-json\/wp\/v2\/pages\/4522\/revisions\/4642"}],"wp:attachment":[{"href":"https:\/\/hingelocks.com\/cs\/wp-json\/wp\/v2\/media?parent=4522"}],"curies":[{"name":"wp","href":"https:\/\/api.w.org\/{rel}","templated":true}]}}