{"id":3028,"date":"2024-07-14T16:38:21","date_gmt":"2024-07-14T08:38:21","guid":{"rendered":"https:\/\/hingelocks.com\/product\/ms505\/"},"modified":"2024-07-14T16:38:38","modified_gmt":"2024-07-14T08:38:38","slug":"ms505","status":"publish","type":"product","link":"https:\/\/hingelocks.com\/cs\/produkt\/ms505\/","title":{"rendered":"MS505"},"content":{"rendered":"<p><img src='https:\/\/hingelocks.com\/wp-content\/uploads\/2024\/07\/201922794040346.jpg'\/><br \/><img src='https:\/\/hingelocks.com\/wp-content\/uploads\/2024\/07\/201578103913135EN01.jpg'>                             <\/p>\n<h2>Specifikace<\/h2>\n<p>                                                      <img decoding=\"async\" src=\"https:\/\/hingelocks.com\/wp-content\/uploads\/2024\/07\/201578103913882EN02.jpg\" class=\"w80\"><\/p>","protected":false},"excerpt":{"rendered":"<div class=\"name\">Funkce<\/div>\n<p>                                                           \u25cf Material:Zinc die-casting body,Zinc plating cam\u3001fixing parts<br \/>\u25cf Povrchov\u00e1 \u00faprava: leskl\u00e9 chromov\u00e1n\u00ed<br \/>\u25cf Panel thickness:1~5mm<br \/>\u25cf Remark:Left cam and right cam are available                                                                  <\/p>\n<div class=\"name\">Materi\u00e1l<\/div>\n<p>                                                                    \u25cf Slitina zinku                                                                                    <\/p>\n<div class=\"name\">Dokon\u010den\u00ed<\/div>\n<p>                                                                    \u25cf Elektrolytick\u00fd plech<\/p>","protected":false},"featured_media":3032,"template":"","meta":{"_seopress_robots_primary_cat":"","_seopress_titles_title":"","_seopress_titles_desc":"","_seopress_robots_index":"","_import_markdown_pro_load_document_selector":0,"_import_markdown_pro_submit_text_textarea":""},"product_cat":[52],"product_tag":[],"_links":{"self":[{"href":"https:\/\/hingelocks.com\/cs\/wp-json\/wp\/v2\/product\/3028"}],"collection":[{"href":"https:\/\/hingelocks.com\/cs\/wp-json\/wp\/v2\/product"}],"about":[{"href":"https:\/\/hingelocks.com\/cs\/wp-json\/wp\/v2\/types\/product"}],"wp:featuredmedia":[{"embeddable":true,"href":"https:\/\/hingelocks.com\/cs\/wp-json\/wp\/v2\/media\/3032"}],"wp:attachment":[{"href":"https:\/\/hingelocks.com\/cs\/wp-json\/wp\/v2\/media?parent=3028"}],"wp:term":[{"taxonomy":"product_cat","embeddable":true,"href":"https:\/\/hingelocks.com\/cs\/wp-json\/wp\/v2\/product_cat?post=3028"},{"taxonomy":"product_tag","embeddable":true,"href":"https:\/\/hingelocks.com\/cs\/wp-json\/wp\/v2\/product_tag?post=3028"}],"curies":[{"name":"wp","href":"https:\/\/api.w.org\/{rel}","templated":true}]}}