{"id":3064,"date":"2024-07-14T16:40:29","date_gmt":"2024-07-14T08:40:29","guid":{"rendered":"https:\/\/hingelocks.com\/product\/ms6003z\/"},"modified":"2024-07-14T16:41:24","modified_gmt":"2024-07-14T08:41:24","slug":"ms6003z","status":"publish","type":"product","link":"https:\/\/hingelocks.com\/cs\/produkt\/ms6003z\/","title":{"rendered":"MS6003Z"},"content":{"rendered":"<p><img src='https:\/\/hingelocks.com\/wp-content\/uploads\/2024\/07\/2015525152655180.jpg'\/><br \/><img src='https:\/\/hingelocks.com\/wp-content\/uploads\/2024\/07\/2015525152655837.jpg'\/><br \/><img src='https:\/\/hingelocks.com\/wp-content\/uploads\/2024\/07\/2015525152655695EN03.jpg'\/>                             <\/p>\n<h2>Specifikace<\/h2>\n<p>                                                      <img decoding=\"async\" src=\"https:\/\/hingelocks.com\/wp-content\/uploads\/2024\/07\/2015525151933967EN04.jpg\" class=\"w80\"><\/p>","protected":false},"excerpt":{"rendered":"<div class=\"name\">Funkce<\/div>\n<p>                                                           \u25cf material: zinc alloy lock galvanized cam<br \/>\u25cf Dokon\u010den\u00ed: Chromov\u00e1n\u00ed s punt\u00edky<br \/>\u25cf Panel thickness:1~3mm                                                                  <\/p>\n<div class=\"name\">Materi\u00e1l<\/div>\n<p>                                                                    \u25cf Slitina zinku                                                                                    <\/p>\n<div class=\"name\">Dokon\u010den\u00ed<\/div>\n<p>                                                                    \u25cf Elektrolytick\u00fd plech<\/p>","protected":false},"featured_media":3069,"template":"","meta":{"_seopress_robots_primary_cat":"","_seopress_titles_title":"","_seopress_titles_desc":"","_seopress_robots_index":"","_import_markdown_pro_load_document_selector":0,"_import_markdown_pro_submit_text_textarea":""},"product_cat":[52],"product_tag":[],"_links":{"self":[{"href":"https:\/\/hingelocks.com\/cs\/wp-json\/wp\/v2\/product\/3064"}],"collection":[{"href":"https:\/\/hingelocks.com\/cs\/wp-json\/wp\/v2\/product"}],"about":[{"href":"https:\/\/hingelocks.com\/cs\/wp-json\/wp\/v2\/types\/product"}],"wp:featuredmedia":[{"embeddable":true,"href":"https:\/\/hingelocks.com\/cs\/wp-json\/wp\/v2\/media\/3069"}],"wp:attachment":[{"href":"https:\/\/hingelocks.com\/cs\/wp-json\/wp\/v2\/media?parent=3064"}],"wp:term":[{"taxonomy":"product_cat","embeddable":true,"href":"https:\/\/hingelocks.com\/cs\/wp-json\/wp\/v2\/product_cat?post=3064"},{"taxonomy":"product_tag","embeddable":true,"href":"https:\/\/hingelocks.com\/cs\/wp-json\/wp\/v2\/product_tag?post=3064"}],"curies":[{"name":"wp","href":"https:\/\/api.w.org\/{rel}","templated":true}]}}