{"id":3341,"date":"2024-07-14T17:04:22","date_gmt":"2024-07-14T09:04:22","guid":{"rendered":"https:\/\/hingelocks.com\/product\/ms712\/"},"modified":"2024-07-14T17:04:22","modified_gmt":"2024-07-14T09:04:22","slug":"ms712","status":"publish","type":"product","link":"https:\/\/hingelocks.com\/cs\/produkt\/ms712\/","title":{"rendered":"MS712"},"content":{"rendered":"<p><img decoding=\"async\" src=\"https:\/\/www.essentrahengzhu.comhttps:\/\/www.essentrahengzhu.com\/upload\/image\/20230707\/1688690845685053181.jpg\" title=\"1688690845685053181.jpg\" alt=\"712\uff08EN)02.jpg\"\/><\/p>\n<h2>Specifikace<\/h2>","protected":false},"excerpt":{"rendered":"<div class=\"name\">Funkce<\/div>\n<p>                                                           \u25cf Material:Zinc die-casting body\uff0cZinc plating steel cam<br \/>\u25cf Povrchov\u00e1 \u00faprava: leskl\u00e9 chromov\u00e1n\u00ed<br \/>\u25cf Panel thickness:1~8mm<br \/>\u25cf Remark:compression lock,6mm pull up<br \/>\u25cf                                                                   <\/p>\n<div class=\"name\">Materi\u00e1l<\/div>\n<div class=\"name\">Dokon\u010den\u00ed<\/div>","protected":false},"featured_media":3342,"template":"","meta":{"_seopress_robots_primary_cat":"","_seopress_titles_title":"","_seopress_titles_desc":"","_seopress_robots_index":"","_import_markdown_pro_load_document_selector":0,"_import_markdown_pro_submit_text_textarea":""},"product_cat":[52],"product_tag":[],"_links":{"self":[{"href":"https:\/\/hingelocks.com\/cs\/wp-json\/wp\/v2\/product\/3341"}],"collection":[{"href":"https:\/\/hingelocks.com\/cs\/wp-json\/wp\/v2\/product"}],"about":[{"href":"https:\/\/hingelocks.com\/cs\/wp-json\/wp\/v2\/types\/product"}],"wp:featuredmedia":[{"embeddable":true,"href":"https:\/\/hingelocks.com\/cs\/wp-json\/wp\/v2\/media\/3342"}],"wp:attachment":[{"href":"https:\/\/hingelocks.com\/cs\/wp-json\/wp\/v2\/media?parent=3341"}],"wp:term":[{"taxonomy":"product_cat","embeddable":true,"href":"https:\/\/hingelocks.com\/cs\/wp-json\/wp\/v2\/product_cat?post=3341"},{"taxonomy":"product_tag","embeddable":true,"href":"https:\/\/hingelocks.com\/cs\/wp-json\/wp\/v2\/product_tag?post=3341"}],"curies":[{"name":"wp","href":"https:\/\/api.w.org\/{rel}","templated":true}]}}