{"id":3684,"date":"2024-07-14T17:34:45","date_gmt":"2024-07-14T09:34:45","guid":{"rendered":"https:\/\/hingelocks.com\/product\/msz-01\/"},"modified":"2024-07-14T17:35:27","modified_gmt":"2024-07-14T09:35:27","slug":"msz-01","status":"publish","type":"product","link":"https:\/\/hingelocks.com\/cs\/produkt\/msz-01\/","title":{"rendered":"MSZ-01"},"content":{"rendered":"<p><img src='https:\/\/hingelocks.com\/wp-content\/uploads\/2024\/07\/2015525144528408EN01.jpg'>                             <\/p>\n<h2>Specifikace<\/h2>\n<p>                                                      <img decoding=\"async\" src=\"https:\/\/hingelocks.com\/wp-content\/uploads\/2024\/07\/2015525144537788EN02.jpg\" class=\"w80\"><\/p>","protected":false},"excerpt":{"rendered":"<div class=\"name\">Funkce<\/div>\n<p>                                                           \u25cf materi\u00e1l: z\u00e1mek ze zinkov\u00e9 slitiny, pozinkovan\u00fd ocelov\u00fd \u0161roub, tlakov\u00e1 deska<br \/>\u25cf Povrchov\u00e1 \u00faprava: leskl\u00fd chrom<br \/>\u25cf Pozn\u00e1mka: z\u00e1v\u011bs dve\u0159\u00ed sk\u0159\u00edn\u011b<br \/>\u25cf                                                                   <\/p>\n<div class=\"name\">Materi\u00e1l<\/div>\n<p>                                                                    \u25cf Slitina zinku                                                                                    <\/p>\n<div class=\"name\">Dokon\u010den\u00ed<\/div>\n<p>                                                                    \u25cf Elektrolytick\u00fd plech<\/p>","protected":false},"featured_media":3687,"template":"","meta":{"_seopress_robots_primary_cat":"","_seopress_titles_title":"","_seopress_titles_desc":"","_seopress_robots_index":"","_import_markdown_pro_load_document_selector":0,"_import_markdown_pro_submit_text_textarea":""},"product_cat":[52],"product_tag":[],"_links":{"self":[{"href":"https:\/\/hingelocks.com\/cs\/wp-json\/wp\/v2\/product\/3684"}],"collection":[{"href":"https:\/\/hingelocks.com\/cs\/wp-json\/wp\/v2\/product"}],"about":[{"href":"https:\/\/hingelocks.com\/cs\/wp-json\/wp\/v2\/types\/product"}],"wp:featuredmedia":[{"embeddable":true,"href":"https:\/\/hingelocks.com\/cs\/wp-json\/wp\/v2\/media\/3687"}],"wp:attachment":[{"href":"https:\/\/hingelocks.com\/cs\/wp-json\/wp\/v2\/media?parent=3684"}],"wp:term":[{"taxonomy":"product_cat","embeddable":true,"href":"https:\/\/hingelocks.com\/cs\/wp-json\/wp\/v2\/product_cat?post=3684"},{"taxonomy":"product_tag","embeddable":true,"href":"https:\/\/hingelocks.com\/cs\/wp-json\/wp\/v2\/product_tag?post=3684"}],"curies":[{"name":"wp","href":"https:\/\/api.w.org\/{rel}","templated":true}]}}