{"id":3791,"date":"2024-07-14T17:44:44","date_gmt":"2024-07-14T09:44:44","guid":{"rendered":"https:\/\/hingelocks.com\/product\/hl021-2a\/"},"modified":"2024-07-14T17:45:01","modified_gmt":"2024-07-14T09:45:01","slug":"hl021-2a","status":"publish","type":"product","link":"https:\/\/hingelocks.com\/cs\/produkt\/hl021-2a\/","title":{"rendered":"HL021-2A"},"content":{"rendered":"<p><img src='https:\/\/hingelocks.com\/wp-content\/uploads\/2024\/07\/201563182646989EN01.jpg'>                             <\/p>\n<h2>Specifikace<\/h2>\n<p>                                                      <img decoding=\"async\" src=\"https:\/\/hingelocks.com\/wp-content\/uploads\/2024\/07\/201561282620112EN02.jpg\" class=\"w80\"><\/p>","protected":false},"excerpt":{"rendered":"<div class=\"name\">Funkce<\/div>\n<p>                                                           \u25cf Materi\u00e1l: z\u00e1v\u011bs ze zinkov\u00e9 slitiny, A3 pro kol\u00edk<br \/>\u25cf Povrchov\u00e1 \u00faprava: leskl\u00fd chrom<br \/>\u25cf Funkce: 180\u00b0 kloub                                                                  <\/p>\n<div class=\"name\">Materi\u00e1l<\/div>\n<p>                                                                    \u25cf Slitina zinku                                                                                    <\/p>\n<div class=\"name\">Dokon\u010den\u00ed<\/div>\n<p>                                                                    \u25cf Elektrolytick\u00fd plech<\/p>","protected":false},"featured_media":3794,"template":"","meta":{"_seopress_robots_primary_cat":"","_seopress_titles_title":"","_seopress_titles_desc":"","_seopress_robots_index":"","_import_markdown_pro_load_document_selector":0,"_import_markdown_pro_submit_text_textarea":""},"product_cat":[53],"product_tag":[],"_links":{"self":[{"href":"https:\/\/hingelocks.com\/cs\/wp-json\/wp\/v2\/product\/3791"}],"collection":[{"href":"https:\/\/hingelocks.com\/cs\/wp-json\/wp\/v2\/product"}],"about":[{"href":"https:\/\/hingelocks.com\/cs\/wp-json\/wp\/v2\/types\/product"}],"wp:featuredmedia":[{"embeddable":true,"href":"https:\/\/hingelocks.com\/cs\/wp-json\/wp\/v2\/media\/3794"}],"wp:attachment":[{"href":"https:\/\/hingelocks.com\/cs\/wp-json\/wp\/v2\/media?parent=3791"}],"wp:term":[{"taxonomy":"product_cat","embeddable":true,"href":"https:\/\/hingelocks.com\/cs\/wp-json\/wp\/v2\/product_cat?post=3791"},{"taxonomy":"product_tag","embeddable":true,"href":"https:\/\/hingelocks.com\/cs\/wp-json\/wp\/v2\/product_tag?post=3791"}],"curies":[{"name":"wp","href":"https:\/\/api.w.org\/{rel}","templated":true}]}}