{"id":3803,"date":"2024-07-14T17:45:41","date_gmt":"2024-07-14T09:45:41","guid":{"rendered":"https:\/\/hingelocks.com\/product\/hl003\/"},"modified":"2024-07-14T17:46:25","modified_gmt":"2024-07-14T09:46:25","slug":"hl003","status":"publish","type":"product","link":"https:\/\/hingelocks.com\/cs\/produkt\/hl003\/","title":{"rendered":"HL003"},"content":{"rendered":"<p><img src='https:\/\/hingelocks.com\/wp-content\/uploads\/2024\/07\/2020101917275592EN01.jpg'><br \/><img src='https:\/\/hingelocks.com\/wp-content\/uploads\/2024\/07\/202162511120327.jpg'><br \/><img src='https:\/\/hingelocks.com\/wp-content\/uploads\/2024\/07\/202162511120138EN03-scaled.jpg'><br \/><img src='https:\/\/hingelocks.com\/wp-content\/uploads\/2024\/07\/202162511120783EN04-scaled.jpg'>                             <\/p>\n<h2>Specifikace<\/h2>\n<p>                                                      <img decoding=\"async\" src=\"https:\/\/hingelocks.com\/wp-content\/uploads\/2024\/07\/EN05.jpg\" class=\"w80\"><\/p>","protected":false},"excerpt":{"rendered":"<div class=\"name\">Funkce<\/div>\n<p>                                                           \u25cf Materi\u00e1l: K dispozici je zinkov\u00fd tlakov\u00fd odlitek, nerezov\u00e1 ocel a poniklovan\u00fd ocelov\u00fd \u010dep.<br \/>\u25cf Povrchov\u00e1 \u00faprava: leskl\u00e9 chromov\u00e1n\u00ed \u010dern\u00e9 pr\u00e1\u0161kov\u00e9 lakov\u00e1n\u00ed<br \/>\u25cf Pozn\u00e1mka: Z\u00e1v\u011bs 180\u00b0                                                                  <\/p>\n<div class=\"name\">Materi\u00e1l<\/div>\n<p>                                                                    \u25cf Slitina zinku                                                                                    <\/p>\n<div class=\"name\">Dokon\u010den\u00ed<\/div>\n<p>                                                                    \u25cf Plastov\u00fd sprej<\/p>","protected":false},"featured_media":3809,"template":"","meta":{"_seopress_robots_primary_cat":"","_seopress_titles_title":"","_seopress_titles_desc":"","_seopress_robots_index":"","_import_markdown_pro_load_document_selector":0,"_import_markdown_pro_submit_text_textarea":""},"product_cat":[53],"product_tag":[],"_links":{"self":[{"href":"https:\/\/hingelocks.com\/cs\/wp-json\/wp\/v2\/product\/3803"}],"collection":[{"href":"https:\/\/hingelocks.com\/cs\/wp-json\/wp\/v2\/product"}],"about":[{"href":"https:\/\/hingelocks.com\/cs\/wp-json\/wp\/v2\/types\/product"}],"wp:featuredmedia":[{"embeddable":true,"href":"https:\/\/hingelocks.com\/cs\/wp-json\/wp\/v2\/media\/3809"}],"wp:attachment":[{"href":"https:\/\/hingelocks.com\/cs\/wp-json\/wp\/v2\/media?parent=3803"}],"wp:term":[{"taxonomy":"product_cat","embeddable":true,"href":"https:\/\/hingelocks.com\/cs\/wp-json\/wp\/v2\/product_cat?post=3803"},{"taxonomy":"product_tag","embeddable":true,"href":"https:\/\/hingelocks.com\/cs\/wp-json\/wp\/v2\/product_tag?post=3803"}],"curies":[{"name":"wp","href":"https:\/\/api.w.org\/{rel}","templated":true}]}}