{"id":3844,"date":"2024-07-14T17:48:55","date_gmt":"2024-07-14T09:48:55","guid":{"rendered":"https:\/\/hingelocks.com\/product\/hl009\/"},"modified":"2024-10-14T19:32:01","modified_gmt":"2024-10-14T11:32:01","slug":"hl009","status":"publish","type":"product","link":"https:\/\/hingelocks.com\/cs\/produkt\/hl009\/","title":{"rendered":"180 stup\u0148\u016f Pr\u016fmyslov\u00e9 z\u00e1v\u011bsy Hl009 Z\u00e1v\u011bsy elektrick\u00fdch sk\u0159\u00edn\u00ed"},"content":{"rendered":"<p><img decoding=\"async\" src=\"https:\/\/hingelocks.com\/wp-content\/uploads\/2024\/07\/20177299822883.jpg\" \/><br \/>\n<img decoding=\"async\" src=\"https:\/\/hingelocks.com\/wp-content\/uploads\/2024\/07\/20177299836359EN02-scaled.jpg\" \/><\/p>\n<h2>Specifikace<\/h2>\n<p><img decoding=\"async\" class=\"w80\" src=\"https:\/\/hingelocks.com\/wp-content\/uploads\/2024\/07\/20177298464198EN03.jpg\" \/><\/p>","protected":false},"excerpt":{"rendered":"<div class=\"name\">Funkce<\/div>\n<p>\u25cf Material: Zinc die-casting hinge,stainless steel and nickel plating steel pin are available.<br \/>\n\u25cf Pozn\u00e1mka: Z\u00e1v\u011bs 180\u00b0.<\/p>\n<div class=\"name\">Materi\u00e1l<\/div>\n<p>\u25cf Slitina zinku<\/p>\n<div class=\"name\">Dokon\u010den\u00ed<\/div>\n<p>\u25cf Plastov\u00fd sprej<br \/>\n\u25cf Elektrolytick\u00fd plech<\/p>","protected":false},"featured_media":3848,"template":"","meta":{"_seopress_robots_primary_cat":"none","_seopress_titles_title":"","_seopress_titles_desc":"","_seopress_robots_index":"","_import_markdown_pro_load_document_selector":0,"_import_markdown_pro_submit_text_textarea":""},"product_cat":[53],"product_tag":[],"_links":{"self":[{"href":"https:\/\/hingelocks.com\/cs\/wp-json\/wp\/v2\/product\/3844"}],"collection":[{"href":"https:\/\/hingelocks.com\/cs\/wp-json\/wp\/v2\/product"}],"about":[{"href":"https:\/\/hingelocks.com\/cs\/wp-json\/wp\/v2\/types\/product"}],"wp:featuredmedia":[{"embeddable":true,"href":"https:\/\/hingelocks.com\/cs\/wp-json\/wp\/v2\/media\/3848"}],"wp:attachment":[{"href":"https:\/\/hingelocks.com\/cs\/wp-json\/wp\/v2\/media?parent=3844"}],"wp:term":[{"taxonomy":"product_cat","embeddable":true,"href":"https:\/\/hingelocks.com\/cs\/wp-json\/wp\/v2\/product_cat?post=3844"},{"taxonomy":"product_tag","embeddable":true,"href":"https:\/\/hingelocks.com\/cs\/wp-json\/wp\/v2\/product_tag?post=3844"}],"curies":[{"name":"wp","href":"https:\/\/api.w.org\/{rel}","templated":true}]}}