{"id":3858,"date":"2024-07-14T17:49:52","date_gmt":"2024-07-14T09:49:52","guid":{"rendered":"https:\/\/hingelocks.com\/product\/hl024\/"},"modified":"2024-10-14T19:35:15","modified_gmt":"2024-10-14T11:35:15","slug":"hl024","status":"publish","type":"product","link":"https:\/\/hingelocks.com\/cs\/produkt\/hl024\/","title":{"rendered":"180stup\u0148ov\u00fd \u010dern\u00fd pr\u00e1\u0161kov\u011b lakovan\u00fd vlo\u017een\u00fd skryt\u00fd z\u00e1v\u011bs"},"content":{"rendered":"<p><img decoding=\"async\" src=\"https:\/\/hingelocks.com\/wp-content\/uploads\/2024\/07\/201797145624992EN01.jpg\" \/><\/p>\n<h2>Specifikace<\/h2>\n<p><img decoding=\"async\" class=\"w80\" src=\"https:\/\/hingelocks.com\/wp-content\/uploads\/2024\/07\/201552810117389EN02.jpg\" \/><\/p>","protected":false},"excerpt":{"rendered":"<div class=\"name\">Funkce<\/div>\n<p>\u25cf Materi\u00e1l: K dispozici je zinkov\u00fd tlakov\u00fd odlitek, nerezov\u00e1 ocel a poniklovan\u00fd ocelov\u00fd \u010dep.<br \/>\n\u25cf Povrchov\u00e1 \u00faprava: \u010dern\u00e1 pr\u00e1\u0161kov\u00e1 barva<br \/>\n\u25cf Pozn\u00e1mka: Z\u00e1v\u011bs 180\u00b0<\/p>\n<div class=\"name\">Materi\u00e1l<\/div>\n<p>\u25cf Slitina zinku<\/p>\n<div class=\"name\">Dokon\u010den\u00ed<\/div>\n<p>\u25cf Plastov\u00fd sprej<\/p>","protected":false},"featured_media":3861,"template":"","meta":{"_seopress_robots_primary_cat":"none","_seopress_titles_title":"","_seopress_titles_desc":"","_seopress_robots_index":"","_import_markdown_pro_load_document_selector":0,"_import_markdown_pro_submit_text_textarea":""},"product_cat":[53],"product_tag":[],"_links":{"self":[{"href":"https:\/\/hingelocks.com\/cs\/wp-json\/wp\/v2\/product\/3858"}],"collection":[{"href":"https:\/\/hingelocks.com\/cs\/wp-json\/wp\/v2\/product"}],"about":[{"href":"https:\/\/hingelocks.com\/cs\/wp-json\/wp\/v2\/types\/product"}],"wp:featuredmedia":[{"embeddable":true,"href":"https:\/\/hingelocks.com\/cs\/wp-json\/wp\/v2\/media\/3861"}],"wp:attachment":[{"href":"https:\/\/hingelocks.com\/cs\/wp-json\/wp\/v2\/media?parent=3858"}],"wp:term":[{"taxonomy":"product_cat","embeddable":true,"href":"https:\/\/hingelocks.com\/cs\/wp-json\/wp\/v2\/product_cat?post=3858"},{"taxonomy":"product_tag","embeddable":true,"href":"https:\/\/hingelocks.com\/cs\/wp-json\/wp\/v2\/product_tag?post=3858"}],"curies":[{"name":"wp","href":"https:\/\/api.w.org\/{rel}","templated":true}]}}