{"id":3918,"date":"2024-07-14T17:53:21","date_gmt":"2024-07-14T09:53:21","guid":{"rendered":"https:\/\/hingelocks.com\/product\/hl037\/"},"modified":"2024-10-14T18:55:54","modified_gmt":"2024-10-14T10:55:54","slug":"hl037","status":"publish","type":"product","link":"https:\/\/hingelocks.com\/cs\/produkt\/hl037\/","title":{"rendered":"Hl037 Zinc Plating Steel Spring Hinge for Door and Cabinet"},"content":{"rendered":"<p><img decoding=\"async\" src=\"https:\/\/hingelocks.com\/wp-content\/uploads\/2024\/07\/2015528105119473.jpg\" \/><\/p>\n<h2>Specifikace<\/h2>\n<p><img decoding=\"async\" class=\"w80\" src=\"https:\/\/hingelocks.com\/wp-content\/uploads\/2024\/07\/2015528105125987EN\uff0902.jpg\" \/><\/p>","protected":false},"excerpt":{"rendered":"<div class=\"name\">Funkce<\/div>\n<p>\u25cf Material:Zinc plating steel hinge and pin<br \/>\n\u25cf Povrchov\u00e1 \u00faprava: b\u00edl\u00fd zinek<\/p>\n<div class=\"name\">Materi\u00e1l<\/div>\n<p>\u25cf A3<\/p>\n<div class=\"name\">Dokon\u010den\u00ed<\/div>\n<p>\u25cf Elektrolytick\u00fd plech<\/p>","protected":false},"featured_media":3921,"template":"","meta":{"_seopress_robots_primary_cat":"none","_seopress_titles_title":"","_seopress_titles_desc":"","_seopress_robots_index":"","_import_markdown_pro_load_document_selector":0,"_import_markdown_pro_submit_text_textarea":""},"product_cat":[53],"product_tag":[],"_links":{"self":[{"href":"https:\/\/hingelocks.com\/cs\/wp-json\/wp\/v2\/product\/3918"}],"collection":[{"href":"https:\/\/hingelocks.com\/cs\/wp-json\/wp\/v2\/product"}],"about":[{"href":"https:\/\/hingelocks.com\/cs\/wp-json\/wp\/v2\/types\/product"}],"wp:featuredmedia":[{"embeddable":true,"href":"https:\/\/hingelocks.com\/cs\/wp-json\/wp\/v2\/media\/3921"}],"wp:attachment":[{"href":"https:\/\/hingelocks.com\/cs\/wp-json\/wp\/v2\/media?parent=3918"}],"wp:term":[{"taxonomy":"product_cat","embeddable":true,"href":"https:\/\/hingelocks.com\/cs\/wp-json\/wp\/v2\/product_cat?post=3918"},{"taxonomy":"product_tag","embeddable":true,"href":"https:\/\/hingelocks.com\/cs\/wp-json\/wp\/v2\/product_tag?post=3918"}],"curies":[{"name":"wp","href":"https:\/\/api.w.org\/{rel}","templated":true}]}}