{"id":3930,"date":"2024-07-14T17:53:43","date_gmt":"2024-07-14T09:53:43","guid":{"rendered":"https:\/\/hingelocks.com\/product\/hl041\/"},"modified":"2024-10-14T18:41:16","modified_gmt":"2024-10-14T10:41:16","slug":"hl041","status":"publish","type":"product","link":"https:\/\/hingelocks.com\/cs\/produkt\/hl041\/","title":{"rendered":"Hl041 Stainless Steel and Nickel Plating Door Hinge 180 Degree Hinge"},"content":{"rendered":"<p><img decoding=\"async\" src=\"https:\/\/hingelocks.com\/wp-content\/uploads\/2024\/07\/2018110111423330.jpg\" \/><\/p>\n<h2>Specifikace<\/h2>\n<p><img decoding=\"async\" class=\"w80\" src=\"https:\/\/hingelocks.com\/wp-content\/uploads\/2024\/07\/201552811242283EN02.jpg\" \/><\/p>","protected":false},"excerpt":{"rendered":"<div class=\"name\">Funkce<\/div>\n<p>\u25cf Materi\u00e1l: zinkov\u00fd tlakov\u00fd odlitek, nerezov\u00e1 ocel a poniklovan\u00fd ocelov\u00fd \u010dep jsou k dispozici<br \/>\n\u25cf Povrchov\u00e1 \u00faprava: leskl\u00e9 chromov\u00e1n\u00ed<br \/>\n\u25cf Pozn\u00e1mka: 180\u00b0 kloub<\/p>\n<div class=\"name\">Materi\u00e1l<\/div>\n<p>\u25cf Slitina zinku<\/p>\n<div class=\"name\">Dokon\u010den\u00ed<\/div>\n<p>\u25cf Elektrolytick\u00fd plech<\/p>","protected":false},"featured_media":3933,"template":"","meta":{"_seopress_robots_primary_cat":"none","_seopress_titles_title":"","_seopress_titles_desc":"","_seopress_robots_index":"","_import_markdown_pro_load_document_selector":0,"_import_markdown_pro_submit_text_textarea":""},"product_cat":[53],"product_tag":[],"_links":{"self":[{"href":"https:\/\/hingelocks.com\/cs\/wp-json\/wp\/v2\/product\/3930"}],"collection":[{"href":"https:\/\/hingelocks.com\/cs\/wp-json\/wp\/v2\/product"}],"about":[{"href":"https:\/\/hingelocks.com\/cs\/wp-json\/wp\/v2\/types\/product"}],"wp:featuredmedia":[{"embeddable":true,"href":"https:\/\/hingelocks.com\/cs\/wp-json\/wp\/v2\/media\/3933"}],"wp:attachment":[{"href":"https:\/\/hingelocks.com\/cs\/wp-json\/wp\/v2\/media?parent=3930"}],"wp:term":[{"taxonomy":"product_cat","embeddable":true,"href":"https:\/\/hingelocks.com\/cs\/wp-json\/wp\/v2\/product_cat?post=3930"},{"taxonomy":"product_tag","embeddable":true,"href":"https:\/\/hingelocks.com\/cs\/wp-json\/wp\/v2\/product_tag?post=3930"}],"curies":[{"name":"wp","href":"https:\/\/api.w.org\/{rel}","templated":true}]}}