{"id":4008,"date":"2024-07-14T17:58:51","date_gmt":"2024-07-14T09:58:51","guid":{"rendered":"https:\/\/hingelocks.com\/product\/hl047\/"},"modified":"2024-10-08T15:12:33","modified_gmt":"2024-10-08T07:12:33","slug":"hl047","status":"publish","type":"product","link":"https:\/\/hingelocks.com\/cs\/produkt\/hl047\/","title":{"rendered":"Hl047 Black powder coated Industrial Hinge 180 Degree"},"content":{"rendered":"<p><img decoding=\"async\" src=\"https:\/\/hingelocks.com\/wp-content\/uploads\/2024\/07\/201912511456626.jpg\" \/><br \/>\n<img decoding=\"async\" title=\"1718787161467000379.jpg\" src=\"https:\/\/www.essentrahengzhu.comhttps:\/\/www.essentrahengzhu.com\/upload\/image\/20240619\/1718787161467000379.jpg\" alt=\"1.jpg\" \/><\/p>\n<h2>Specifikace<\/h2>\n<p><img decoding=\"async\" class=\"w80\" src=\"https:\/\/hingelocks.com\/wp-content\/uploads\/2024\/07\/2015528112857860EN02.jpg\" \/><\/p>","protected":false},"excerpt":{"rendered":"<div class=\"name\">Funkce<\/div>\n<p>\u25cf Materi\u00e1l: zinkov\u00fd tlakov\u00fd odlitek, nerezov\u00e1 ocel a poniklovan\u00fd ocelov\u00fd \u010dep jsou k dispozici<br \/>\n\u25cf Povrchov\u00e1 \u00faprava: \u010dern\u00e1 pr\u00e1\u0161kov\u00e1 barva<br \/>\n\u25cf Pozn\u00e1mka: 180\u00b0 kloub.<\/p>\n<div class=\"name\">Materi\u00e1l<\/div>\n<p>\u25cf Slitina zinku<\/p>\n<div class=\"name\">Dokon\u010den\u00ed<\/div>\n<p>\u25cf Plastov\u00fd sprej<\/p>","protected":false},"featured_media":4011,"template":"","meta":{"_seopress_robots_primary_cat":"none","_seopress_titles_title":"","_seopress_titles_desc":"","_seopress_robots_index":"","_import_markdown_pro_load_document_selector":0,"_import_markdown_pro_submit_text_textarea":""},"product_cat":[53],"product_tag":[],"_links":{"self":[{"href":"https:\/\/hingelocks.com\/cs\/wp-json\/wp\/v2\/product\/4008"}],"collection":[{"href":"https:\/\/hingelocks.com\/cs\/wp-json\/wp\/v2\/product"}],"about":[{"href":"https:\/\/hingelocks.com\/cs\/wp-json\/wp\/v2\/types\/product"}],"wp:featuredmedia":[{"embeddable":true,"href":"https:\/\/hingelocks.com\/cs\/wp-json\/wp\/v2\/media\/4011"}],"wp:attachment":[{"href":"https:\/\/hingelocks.com\/cs\/wp-json\/wp\/v2\/media?parent=4008"}],"wp:term":[{"taxonomy":"product_cat","embeddable":true,"href":"https:\/\/hingelocks.com\/cs\/wp-json\/wp\/v2\/product_cat?post=4008"},{"taxonomy":"product_tag","embeddable":true,"href":"https:\/\/hingelocks.com\/cs\/wp-json\/wp\/v2\/product_tag?post=4008"}],"curies":[{"name":"wp","href":"https:\/\/api.w.org\/{rel}","templated":true}]}}