{"id":4156,"date":"2024-07-14T18:06:01","date_gmt":"2024-07-14T10:06:01","guid":{"rendered":"https:\/\/hingelocks.com\/product\/hl086\/"},"modified":"2024-08-30T22:43:34","modified_gmt":"2024-08-30T14:43:34","slug":"180-degree-door-hinge-hl086-zinc-plating-steel-hinge","status":"publish","type":"product","link":"https:\/\/hingelocks.com\/cs\/produkt\/180-degree-door-hinge-hl086-zinc-plating-steel-hinge\/","title":{"rendered":"180 stup\u0148ov\u00fd dve\u0159n\u00ed z\u00e1v\u011bs Hl086 zinkov\u00fd ocelov\u00fd z\u00e1v\u011bs"},"content":{"rendered":"<p><img decoding=\"async\" src=\"https:\/\/hingelocks.com\/wp-content\/uploads\/2024\/07\/2015528151630222.jpg\" \/><\/p>\n<h2>Specifikace<\/h2>\n<p><img decoding=\"async\" class=\"w80\" src=\"https:\/\/hingelocks.com\/wp-content\/uploads\/2024\/07\/2015528151639824EN02.jpg\" \/><\/p>","protected":false},"excerpt":{"rendered":"<div class=\"name\">Funkce<\/div>\n<p>\u25cf Materi\u00e1l: zinkov\u00fd ocelov\u00fd z\u00e1v\u011bs<br \/>\n\u25cf Finish: drawing<br \/>\n\u25cf Pozn\u00e1mka: 180\u00b0 kloub<\/p>\n<div class=\"name\">Materi\u00e1l<\/div>\n<p>\u25cf A3<\/p>\n<div class=\"name\">Dokon\u010den\u00ed<\/div>","protected":false},"featured_media":4159,"template":"","meta":{"_seopress_robots_primary_cat":"none","_seopress_titles_title":"","_seopress_titles_desc":"","_seopress_robots_index":"","_import_markdown_pro_load_document_selector":0,"_import_markdown_pro_submit_text_textarea":""},"product_cat":[53],"product_tag":[],"_links":{"self":[{"href":"https:\/\/hingelocks.com\/cs\/wp-json\/wp\/v2\/product\/4156"}],"collection":[{"href":"https:\/\/hingelocks.com\/cs\/wp-json\/wp\/v2\/product"}],"about":[{"href":"https:\/\/hingelocks.com\/cs\/wp-json\/wp\/v2\/types\/product"}],"wp:featuredmedia":[{"embeddable":true,"href":"https:\/\/hingelocks.com\/cs\/wp-json\/wp\/v2\/media\/4159"}],"wp:attachment":[{"href":"https:\/\/hingelocks.com\/cs\/wp-json\/wp\/v2\/media?parent=4156"}],"wp:term":[{"taxonomy":"product_cat","embeddable":true,"href":"https:\/\/hingelocks.com\/cs\/wp-json\/wp\/v2\/product_cat?post=4156"},{"taxonomy":"product_tag","embeddable":true,"href":"https:\/\/hingelocks.com\/cs\/wp-json\/wp\/v2\/product_tag?post=4156"}],"curies":[{"name":"wp","href":"https:\/\/api.w.org\/{rel}","templated":true}]}}