{"id":4182,"date":"2024-07-14T18:07:17","date_gmt":"2024-07-14T10:07:17","guid":{"rendered":"https:\/\/hingelocks.com\/product\/hl091\/"},"modified":"2024-08-30T22:39:46","modified_gmt":"2024-08-30T14:39:46","slug":"180-degree-plastic-hinge-machine-doors-lids-take-apart-shutter-door-hinge-hl091","status":"publish","type":"product","link":"https:\/\/hingelocks.com\/cs\/produkt\/180-degree-plastic-hinge-machine-doors-lids-take-apart-shutter-door-hinge-hl091\/","title":{"rendered":"180 stup\u0148ov\u00fd plastov\u00fd z\u00e1v\u011bs dve\u0159\u00ed stroj\u016f V\u00edka odd\u011blit z\u00e1v\u011bs dve\u0159\u00ed Hl091"},"content":{"rendered":"<p><img decoding=\"async\" src=\"https:\/\/hingelocks.com\/wp-content\/uploads\/2024\/07\/2015528153634817.jpg\" \/><br \/>\n<img decoding=\"async\" src=\"https:\/\/hingelocks.com\/wp-content\/uploads\/2024\/07\/2015528153715857.jpg\" \/><\/p>\n<h2>Specifikace<\/h2>\n<p><img decoding=\"async\" class=\"w80\" src=\"https:\/\/hingelocks.com\/wp-content\/uploads\/2024\/07\/2015528153722137EN02.jpg\" \/><\/p>","protected":false},"excerpt":{"rendered":"<div class=\"name\">Funkce<\/div>\n<p>\u25cf Material:PA-6 hinge<br \/>\n\u25cf Finish:Matt black<br \/>\n\u25cf Remark:180\u00b0prominent hinge both left and right use<\/p>\n<div class=\"name\">Materi\u00e1l<\/div>\n<p>\u25cf Plastic<\/p>\n<div class=\"name\">Dokon\u010den\u00ed<\/div>\n<p>\u25cf Plastov\u00fd sprej<\/p>","protected":false},"featured_media":4186,"template":"","meta":{"_seopress_robots_primary_cat":"none","_seopress_titles_title":"","_seopress_titles_desc":"","_seopress_robots_index":"","_import_markdown_pro_load_document_selector":0,"_import_markdown_pro_submit_text_textarea":""},"product_cat":[53],"product_tag":[],"_links":{"self":[{"href":"https:\/\/hingelocks.com\/cs\/wp-json\/wp\/v2\/product\/4182"}],"collection":[{"href":"https:\/\/hingelocks.com\/cs\/wp-json\/wp\/v2\/product"}],"about":[{"href":"https:\/\/hingelocks.com\/cs\/wp-json\/wp\/v2\/types\/product"}],"wp:featuredmedia":[{"embeddable":true,"href":"https:\/\/hingelocks.com\/cs\/wp-json\/wp\/v2\/media\/4186"}],"wp:attachment":[{"href":"https:\/\/hingelocks.com\/cs\/wp-json\/wp\/v2\/media?parent=4182"}],"wp:term":[{"taxonomy":"product_cat","embeddable":true,"href":"https:\/\/hingelocks.com\/cs\/wp-json\/wp\/v2\/product_cat?post=4182"},{"taxonomy":"product_tag","embeddable":true,"href":"https:\/\/hingelocks.com\/cs\/wp-json\/wp\/v2\/product_tag?post=4182"}],"curies":[{"name":"wp","href":"https:\/\/api.w.org\/{rel}","templated":true}]}}