{"id":4220,"date":"2024-07-14T18:09:09","date_gmt":"2024-07-14T10:09:09","guid":{"rendered":"https:\/\/hingelocks.com\/product\/hl134\/"},"modified":"2024-08-30T22:27:05","modified_gmt":"2024-08-30T14:27:05","slug":"hl134-plastic-black-internal-metal-corner-hinges","status":"publish","type":"product","link":"https:\/\/hingelocks.com\/cs\/produkt\/hl134-plastic-black-internal-metal-corner-hinges\/","title":{"rendered":"HL134 Plastic Black  Internal Metal Corner Hinges"},"content":{"rendered":"<p><img decoding=\"async\" src=\"https:\/\/hingelocks.com\/wp-content\/uploads\/2024\/07\/2015528173512242EN01.jpg\" \/><\/p>\n<h2>Specifikace<\/h2>\n<p><img decoding=\"async\" class=\"w80\" src=\"https:\/\/hingelocks.com\/wp-content\/uploads\/2024\/07\/2015528173518361EN02.jpg\" \/><\/p>","protected":false},"excerpt":{"rendered":"<div class=\"name\">Funkce<\/div>\n<p>\u25cf Material : aluminium alloy hinge steel pin<br \/>\n\u25cf Povrchov\u00e1 \u00faprava: \u010dern\u00e1 pr\u00e1\u0161kov\u00e1 barva<br \/>\n\u25cf Pozn\u00e1mka: Z\u00e1v\u011bs 180\u00b0<br \/>\n\u25cf<br \/>\n\u25cf<\/p>\n<div class=\"name\">Materi\u00e1l<\/div>\n<div class=\"name\">Dokon\u010den\u00ed<\/div>\n<p>\u25cf Plastov\u00fd sprej<\/p>","protected":false},"featured_media":4223,"template":"","meta":{"_seopress_robots_primary_cat":"none","_seopress_titles_title":"","_seopress_titles_desc":"","_seopress_robots_index":"","_import_markdown_pro_load_document_selector":0,"_import_markdown_pro_submit_text_textarea":""},"product_cat":[53],"product_tag":[],"_links":{"self":[{"href":"https:\/\/hingelocks.com\/cs\/wp-json\/wp\/v2\/product\/4220"}],"collection":[{"href":"https:\/\/hingelocks.com\/cs\/wp-json\/wp\/v2\/product"}],"about":[{"href":"https:\/\/hingelocks.com\/cs\/wp-json\/wp\/v2\/types\/product"}],"wp:featuredmedia":[{"embeddable":true,"href":"https:\/\/hingelocks.com\/cs\/wp-json\/wp\/v2\/media\/4223"}],"wp:attachment":[{"href":"https:\/\/hingelocks.com\/cs\/wp-json\/wp\/v2\/media?parent=4220"}],"wp:term":[{"taxonomy":"product_cat","embeddable":true,"href":"https:\/\/hingelocks.com\/cs\/wp-json\/wp\/v2\/product_cat?post=4220"},{"taxonomy":"product_tag","embeddable":true,"href":"https:\/\/hingelocks.com\/cs\/wp-json\/wp\/v2\/product_tag?post=4220"}],"curies":[{"name":"wp","href":"https:\/\/api.w.org\/{rel}","templated":true}]}}