{"id":4278,"date":"2024-07-14T18:12:32","date_gmt":"2024-07-14T10:12:32","guid":{"rendered":"https:\/\/hingelocks.com\/product\/hl123\/"},"modified":"2024-08-30T22:08:09","modified_gmt":"2024-08-30T14:08:09","slug":"zinc-alloy-hinge-hl123-cabinet-industrial-hinge","status":"publish","type":"product","link":"https:\/\/hingelocks.com\/cs\/produkt\/zinc-alloy-hinge-hl123-cabinet-industrial-hinge\/","title":{"rendered":"Z\u00e1v\u011bs ze zinkov\u00e9 slitiny Hl123 Sk\u0159\u00ed\u0148ov\u00fd pr\u016fmyslov\u00fd z\u00e1v\u011bs"},"content":{"rendered":"<p><img src='https:\/\/hingelocks.com\/wp-content\/uploads\/2024\/07\/201552817917505.jpg'>                             <\/p>\n<h2>Specifikace<\/h2>\n<p>                                                      <img decoding=\"async\" src=\"https:\/\/hingelocks.com\/wp-content\/uploads\/2024\/07\/201552817923625EN02.jpg\" class=\"w80\"><\/p>","protected":false},"excerpt":{"rendered":"<div class=\"name\">Funkce<\/div>\n<p>                                                           \u25cf Material :zinc alloy hing   steel pin and mounting panel<br \/>\u25cf Finish :black powder couted<br \/>\u25cf Pozn\u00e1mka: 180\u00b0 kloub                                                                  <\/p>\n<div class=\"name\">Materi\u00e1l<\/div>\n<p>                                                                    \u25cf Slitina zinku                                                                                    <\/p>\n<div class=\"name\">Dokon\u010den\u00ed<\/div>\n<p>                                                                    \u25cf Plastov\u00fd sprej<\/p>","protected":false},"featured_media":4281,"template":"","meta":{"_seopress_robots_primary_cat":"","_seopress_titles_title":"","_seopress_titles_desc":"","_seopress_robots_index":"","_import_markdown_pro_load_document_selector":0,"_import_markdown_pro_submit_text_textarea":""},"product_cat":[53],"product_tag":[],"_links":{"self":[{"href":"https:\/\/hingelocks.com\/cs\/wp-json\/wp\/v2\/product\/4278"}],"collection":[{"href":"https:\/\/hingelocks.com\/cs\/wp-json\/wp\/v2\/product"}],"about":[{"href":"https:\/\/hingelocks.com\/cs\/wp-json\/wp\/v2\/types\/product"}],"wp:featuredmedia":[{"embeddable":true,"href":"https:\/\/hingelocks.com\/cs\/wp-json\/wp\/v2\/media\/4281"}],"wp:attachment":[{"href":"https:\/\/hingelocks.com\/cs\/wp-json\/wp\/v2\/media?parent=4278"}],"wp:term":[{"taxonomy":"product_cat","embeddable":true,"href":"https:\/\/hingelocks.com\/cs\/wp-json\/wp\/v2\/product_cat?post=4278"},{"taxonomy":"product_tag","embeddable":true,"href":"https:\/\/hingelocks.com\/cs\/wp-json\/wp\/v2\/product_tag?post=4278"}],"curies":[{"name":"wp","href":"https:\/\/api.w.org\/{rel}","templated":true}]}}