{"id":4282,"date":"2024-07-14T18:12:48","date_gmt":"2024-07-14T10:12:48","guid":{"rendered":"https:\/\/hingelocks.com\/product\/hl124-1\/"},"modified":"2024-08-30T22:04:32","modified_gmt":"2024-08-30T14:04:32","slug":"hl124-1-torque-zinc-alloy-hinges-for-cabinet-damping-hinge","status":"publish","type":"product","link":"https:\/\/hingelocks.com\/cs\/produkt\/hl124-1-torque-zinc-alloy-hinges-for-cabinet-damping-hinge\/","title":{"rendered":"Hl124-1 momentov\u00e9 z\u00e1v\u011bsy ze zinkov\u00e9 slitiny pro tlumic\u00ed z\u00e1v\u011bsy sk\u0159\u00edn\u00ed"},"content":{"rendered":"<p><img decoding=\"async\" src=\"https:\/\/hingelocks.com\/wp-content\/uploads\/2024\/07\/2015528171051469.jpg\" \/><\/p>\n<h2>Specifikace<\/h2>\n<p><img decoding=\"async\" class=\"w80\" src=\"https:\/\/hingelocks.com\/wp-content\/uploads\/2024\/07\/2015528171058662EN02.jpg\" \/><\/p>","protected":false},"excerpt":{"rendered":"<div class=\"name\">Funkce<\/div>\n<p>\u25cf Material: zinc alloy hinge,steel pin<br \/>\n\u25cf Finish: the color<br \/>\n\u25cf Structural function: 3Nm symmetrical torque<br \/>\n\u25cf Remark: friction hinge 180\u00b0hinge<\/p>\n<div class=\"name\">Materi\u00e1l<\/div>\n<p>\u25cf Slitina zinku<\/p>\n<div class=\"name\">Dokon\u010den\u00ed<\/div>\n<p>\u25cf Plastov\u00fd sprej<\/p>","protected":false},"featured_media":4285,"template":"","meta":{"_seopress_robots_primary_cat":"none","_seopress_titles_title":"","_seopress_titles_desc":"","_seopress_robots_index":"","_import_markdown_pro_load_document_selector":0,"_import_markdown_pro_submit_text_textarea":""},"product_cat":[53],"product_tag":[],"_links":{"self":[{"href":"https:\/\/hingelocks.com\/cs\/wp-json\/wp\/v2\/product\/4282"}],"collection":[{"href":"https:\/\/hingelocks.com\/cs\/wp-json\/wp\/v2\/product"}],"about":[{"href":"https:\/\/hingelocks.com\/cs\/wp-json\/wp\/v2\/types\/product"}],"wp:featuredmedia":[{"embeddable":true,"href":"https:\/\/hingelocks.com\/cs\/wp-json\/wp\/v2\/media\/4285"}],"wp:attachment":[{"href":"https:\/\/hingelocks.com\/cs\/wp-json\/wp\/v2\/media?parent=4282"}],"wp:term":[{"taxonomy":"product_cat","embeddable":true,"href":"https:\/\/hingelocks.com\/cs\/wp-json\/wp\/v2\/product_cat?post=4282"},{"taxonomy":"product_tag","embeddable":true,"href":"https:\/\/hingelocks.com\/cs\/wp-json\/wp\/v2\/product_tag?post=4282"}],"curies":[{"name":"wp","href":"https:\/\/api.w.org\/{rel}","templated":true}]}}