{"id":4303,"date":"2024-07-14T18:13:02","date_gmt":"2024-07-14T10:13:02","guid":{"rendered":"https:\/\/hingelocks.com\/product\/hl143\/"},"modified":"2024-08-30T21:58:37","modified_gmt":"2024-08-30T13:58:37","slug":"hl143-180degree-plastic-industrial-distribution-box-hinges","status":"publish","type":"product","link":"https:\/\/hingelocks.com\/cs\/produkt\/hl143-180degree-plastic-industrial-distribution-box-hinges\/","title":{"rendered":"Hl143 180stup\u0148ov\u00e9 plastov\u00e9 z\u00e1v\u011bsy pr\u016fmyslov\u00fdch rozvodn\u00fdch sk\u0159\u00edn\u00ed"},"content":{"rendered":"<p><img decoding=\"async\" src=\"https:\/\/hingelocks.com\/wp-content\/uploads\/2024\/07\/201563185850394.jpg\" \/><br \/>\n<img decoding=\"async\" src=\"https:\/\/hingelocks.com\/wp-content\/uploads\/2024\/07\/201651814130244EN01.jpg\" \/><\/p>\n<h2>Specifikace<\/h2>\n<p><img decoding=\"async\" class=\"w80\" src=\"https:\/\/hingelocks.com\/wp-content\/uploads\/2024\/07\/201563185858323EN03.jpg\" \/><\/p>","protected":false},"excerpt":{"rendered":"<div class=\"name\">Funkce<\/div>\n<p>\u25cf Material:30% glass fiber and 70% PA66 hinge,blue-white zinc plating for the pin.<br \/>\n\u25cf Finish:sand grain surface.<br \/>\n\u25cf Funkce: 180\u00b0 kloub<\/p>\n<div class=\"name\">Materi\u00e1l<\/div>\n<p>\u25cf Plastic<\/p>\n<div class=\"name\">Dokon\u010den\u00ed<\/div>\n<p>\u25cf Plastov\u00fd sprej<\/p>","protected":false},"featured_media":4307,"template":"","meta":{"_seopress_robots_primary_cat":"none","_seopress_titles_title":"","_seopress_titles_desc":"","_seopress_robots_index":"","_import_markdown_pro_load_document_selector":0,"_import_markdown_pro_submit_text_textarea":""},"product_cat":[53],"product_tag":[],"_links":{"self":[{"href":"https:\/\/hingelocks.com\/cs\/wp-json\/wp\/v2\/product\/4303"}],"collection":[{"href":"https:\/\/hingelocks.com\/cs\/wp-json\/wp\/v2\/product"}],"about":[{"href":"https:\/\/hingelocks.com\/cs\/wp-json\/wp\/v2\/types\/product"}],"wp:featuredmedia":[{"embeddable":true,"href":"https:\/\/hingelocks.com\/cs\/wp-json\/wp\/v2\/media\/4307"}],"wp:attachment":[{"href":"https:\/\/hingelocks.com\/cs\/wp-json\/wp\/v2\/media?parent=4303"}],"wp:term":[{"taxonomy":"product_cat","embeddable":true,"href":"https:\/\/hingelocks.com\/cs\/wp-json\/wp\/v2\/product_cat?post=4303"},{"taxonomy":"product_tag","embeddable":true,"href":"https:\/\/hingelocks.com\/cs\/wp-json\/wp\/v2\/product_tag?post=4303"}],"curies":[{"name":"wp","href":"https:\/\/api.w.org\/{rel}","templated":true}]}}