{"id":4308,"date":"2024-07-14T18:14:06","date_gmt":"2024-07-14T10:14:06","guid":{"rendered":"https:\/\/hingelocks.com\/product\/hl145\/"},"modified":"2024-08-30T21:56:30","modified_gmt":"2024-08-30T13:56:30","slug":"hl145-for-folding-door-hinge-180-degree-door-stainless-steel-hinge","status":"publish","type":"product","link":"https:\/\/hingelocks.com\/cs\/produkt\/hl145-for-folding-door-hinge-180-degree-door-stainless-steel-hinge\/","title":{"rendered":"Hl145 pro z\u00e1v\u011bs skl\u00e1dac\u00edch dve\u0159\u00ed 180 stup\u0148\u016f Dve\u0159n\u00ed z\u00e1v\u011bs z nerezov\u00e9 oceli"},"content":{"rendered":"<p><img decoding=\"async\" src=\"https:\/\/hingelocks.com\/wp-content\/uploads\/2024\/07\/201772610155241.jpg\" \/><\/p>\n<h2>Specifikace<\/h2>\n<p><img decoding=\"async\" class=\"w80\" src=\"https:\/\/hingelocks.com\/wp-content\/uploads\/2024\/07\/201772610155693EN02.jpg\" \/><\/p>","protected":false},"excerpt":{"rendered":"<div class=\"name\">Funkce<\/div>\n<p>\u25cf Material:Stainless steel hing<br \/>\n\u25cf Finish:drawing<br \/>\n\u25cf Pozn\u00e1mka: 180\u00b0 kloub<\/p>\n<div class=\"name\">Materi\u00e1l<\/div>\n<p>\u25cf nerezov\u00e1 ocel<\/p>\n<div class=\"name\">Dokon\u010den\u00ed<\/div>","protected":false},"featured_media":4311,"template":"","meta":{"_seopress_robots_primary_cat":"none","_seopress_titles_title":"","_seopress_titles_desc":"","_seopress_robots_index":"","_import_markdown_pro_load_document_selector":0,"_import_markdown_pro_submit_text_textarea":""},"product_cat":[53],"product_tag":[],"_links":{"self":[{"href":"https:\/\/hingelocks.com\/cs\/wp-json\/wp\/v2\/product\/4308"}],"collection":[{"href":"https:\/\/hingelocks.com\/cs\/wp-json\/wp\/v2\/product"}],"about":[{"href":"https:\/\/hingelocks.com\/cs\/wp-json\/wp\/v2\/types\/product"}],"wp:featuredmedia":[{"embeddable":true,"href":"https:\/\/hingelocks.com\/cs\/wp-json\/wp\/v2\/media\/4311"}],"wp:attachment":[{"href":"https:\/\/hingelocks.com\/cs\/wp-json\/wp\/v2\/media?parent=4308"}],"wp:term":[{"taxonomy":"product_cat","embeddable":true,"href":"https:\/\/hingelocks.com\/cs\/wp-json\/wp\/v2\/product_cat?post=4308"},{"taxonomy":"product_tag","embeddable":true,"href":"https:\/\/hingelocks.com\/cs\/wp-json\/wp\/v2\/product_tag?post=4308"}],"curies":[{"name":"wp","href":"https:\/\/api.w.org\/{rel}","templated":true}]}}