{"id":4335,"date":"2024-07-14T18:15:00","date_gmt":"2024-07-14T10:15:00","guid":{"rendered":"https:\/\/hingelocks.com\/product\/hl168-1\/"},"modified":"2024-08-30T21:50:03","modified_gmt":"2024-08-30T13:50:03","slug":"hl168-adjustable-torque-position-control-hinges-friction-stay-hinge","status":"publish","type":"product","link":"https:\/\/hingelocks.com\/cs\/produkt\/hl168-adjustable-torque-position-control-hinges-friction-stay-hinge\/","title":{"rendered":"Hl168 Z\u00e1v\u011bsy s nastaviteln\u00fdm kroutic\u00edm momentem pro ovl\u00e1d\u00e1n\u00ed polohy T\u0159ec\u00ed z\u00e1v\u011bsy"},"content":{"rendered":"<p><img decoding=\"async\" src=\"https:\/\/hingelocks.com\/wp-content\/uploads\/2024\/07\/202073195134238.jpg\" \/><\/p>\n<h2>Specifikace<\/h2>\n<p><img decoding=\"async\" class=\"w80\" src=\"https:\/\/hingelocks.com\/wp-content\/uploads\/2024\/07\/202073195036529EN02.jpg\" \/><\/p>","protected":false},"excerpt":{"rendered":"<div class=\"name\">Funkce<\/div>\n<p>\u25cf Material: zinc alloy dynamic hinges, stainless steel pins, screw lids<br \/>\n\u25cf Surface treatment: dynamic hinge sand chrome &#8211; Lid pull treatment<br \/>\n\u25cf Structure function: Internal symmetrical positioning hinges with opening angle of 60 degrees, 120 s 180 degrees positioning function<\/p>\n<div class=\"name\">Materi\u00e1l<\/div>\n<p>\u25cf nerezov\u00e1 ocel<\/p>\n<div class=\"name\">Dokon\u010den\u00ed<\/div>","protected":false},"featured_media":4338,"template":"","meta":{"_seopress_robots_primary_cat":"none","_seopress_titles_title":"","_seopress_titles_desc":"","_seopress_robots_index":"","_import_markdown_pro_load_document_selector":0,"_import_markdown_pro_submit_text_textarea":""},"product_cat":[53],"product_tag":[],"_links":{"self":[{"href":"https:\/\/hingelocks.com\/cs\/wp-json\/wp\/v2\/product\/4335"}],"collection":[{"href":"https:\/\/hingelocks.com\/cs\/wp-json\/wp\/v2\/product"}],"about":[{"href":"https:\/\/hingelocks.com\/cs\/wp-json\/wp\/v2\/types\/product"}],"wp:featuredmedia":[{"embeddable":true,"href":"https:\/\/hingelocks.com\/cs\/wp-json\/wp\/v2\/media\/4338"}],"wp:attachment":[{"href":"https:\/\/hingelocks.com\/cs\/wp-json\/wp\/v2\/media?parent=4335"}],"wp:term":[{"taxonomy":"product_cat","embeddable":true,"href":"https:\/\/hingelocks.com\/cs\/wp-json\/wp\/v2\/product_cat?post=4335"},{"taxonomy":"product_tag","embeddable":true,"href":"https:\/\/hingelocks.com\/cs\/wp-json\/wp\/v2\/product_tag?post=4335"}],"curies":[{"name":"wp","href":"https:\/\/api.w.org\/{rel}","templated":true}]}}