{"id":4368,"date":"2024-07-14T18:16:23","date_gmt":"2024-07-14T10:16:23","guid":{"rendered":"https:\/\/hingelocks.com\/product\/hl222\/"},"modified":"2024-08-30T21:46:24","modified_gmt":"2024-08-30T13:46:24","slug":"hl222-industrial-hinge-190-degree-zinc-alloy-cabinet-door-hinge","status":"publish","type":"product","link":"https:\/\/hingelocks.com\/cs\/produkt\/hl222-industrial-hinge-190-degree-zinc-alloy-cabinet-door-hinge\/","title":{"rendered":"Hl222 Pr\u016fmyslov\u00fd z\u00e1v\u011bs 190 stup\u0148\u016f Z\u00e1v\u011bs dve\u0159\u00ed sk\u0159\u00edn\u011b ze zinkov\u00e9 slitiny"},"content":{"rendered":"<p><img decoding=\"async\" title=\"1678173404320045635.jpg\" src=\"https:\/\/www.essentrahengzhu.comhttps:\/\/www.essentrahengzhu.com\/upload\/image\/20230307\/1678173404320045635.jpg\" alt=\"\u5c3a\u5bf8_01.jpg\" \/><\/p>\n<h2>Specifikace<\/h2>\n<p><img decoding=\"async\" class=\"w80\" src=\"https:\/\/www.essentrahengzhu.comhttps:\/\/www.essentrahengzhu.com\/upload\/product\/image\/20230307\/img-1678173425240687.jpg\" \/><\/p>","protected":false},"excerpt":{"rendered":"<div class=\"name\">Funkce<\/div>\n<p>\u25cf Materi\u00e1l: z\u00e1v\u011bs ze zinkov\u00e9 slitiny, \u010dep z nerezov\u00e9 oceli;<br \/>\n\u25cf Povrchov\u00e1 \u00faprava: p\u00edskovan\u00e1 \u010dern\u00e1;<br \/>\n\u25cf Pozn\u00e1mka: \u00dahel otev\u0159en\u00ed je p\u0159ibli\u017en\u011b 190\u00b0.<\/p>\n<div class=\"name\">Materi\u00e1l<\/div>\n<p>\u25cf Slitina zinku<\/p>\n<div class=\"name\">Dokon\u010den\u00ed<\/div>\n<p>\u25cf Plastov\u00fd sprej<\/p>","protected":false},"featured_media":4369,"template":"","meta":{"_seopress_robots_primary_cat":"none","_seopress_titles_title":"","_seopress_titles_desc":"","_seopress_robots_index":"","_import_markdown_pro_load_document_selector":0,"_import_markdown_pro_submit_text_textarea":""},"product_cat":[53],"product_tag":[],"_links":{"self":[{"href":"https:\/\/hingelocks.com\/cs\/wp-json\/wp\/v2\/product\/4368"}],"collection":[{"href":"https:\/\/hingelocks.com\/cs\/wp-json\/wp\/v2\/product"}],"about":[{"href":"https:\/\/hingelocks.com\/cs\/wp-json\/wp\/v2\/types\/product"}],"wp:featuredmedia":[{"embeddable":true,"href":"https:\/\/hingelocks.com\/cs\/wp-json\/wp\/v2\/media\/4369"}],"wp:attachment":[{"href":"https:\/\/hingelocks.com\/cs\/wp-json\/wp\/v2\/media?parent=4368"}],"wp:term":[{"taxonomy":"product_cat","embeddable":true,"href":"https:\/\/hingelocks.com\/cs\/wp-json\/wp\/v2\/product_cat?post=4368"},{"taxonomy":"product_tag","embeddable":true,"href":"https:\/\/hingelocks.com\/cs\/wp-json\/wp\/v2\/product_tag?post=4368"}],"curies":[{"name":"wp","href":"https:\/\/api.w.org\/{rel}","templated":true}]}}