{"id":4547,"date":"2024-07-19T15:08:30","date_gmt":"2024-07-19T07:08:30","guid":{"rendered":"https:\/\/hingelocks.com\/?page_id=4547"},"modified":"2024-08-08T11:21:27","modified_gmt":"2024-08-08T03:21:27","slug":"capabilities","status":"publish","type":"page","link":"https:\/\/hingelocks.com\/de\/capabilities\/","title":{"rendered":"F\u00e4higkeiten"},"content":{"rendered":"<div data-elementor-type=\"wp-page\" data-elementor-id=\"4547\" class=\"elementor elementor-4547\" data-elementor-post-type=\"page\">\n\t\t\t\t<div class=\"elementor-element elementor-element-5959504 e-flex e-con-boxed e-con e-parent\" data-id=\"5959504\" data-element_type=\"container\" data-settings=\"{&quot;background_background&quot;:&quot;classic&quot;}\">\n\t\t\t\t\t<div class=\"e-con-inner\">\n\t\t<div class=\"elementor-element elementor-element-40905ac e-grid e-con-full e-con e-child\" data-id=\"40905ac\" data-element_type=\"container\" data-settings=\"{&quot;background_background&quot;:&quot;classic&quot;}\">\n\t\t\t\t<div class=\"elementor-element elementor-element-aef6f69 elementor-widget elementor-widget-heading\" data-id=\"aef6f69\" data-element_type=\"widget\" data-widget_type=\"heading.default\">\n\t\t\t\t<div class=\"elementor-widget-container\">\n\t\t\t\t\t<h2 class=\"elementor-heading-title elementor-size-default\">Unser Leistungsspektrum<\/h2>\t\t\t\t<\/div>\n\t\t\t\t<\/div>\n\t\t\t\t<div class=\"elementor-element elementor-element-2a687f0 elementor-widget elementor-widget-text-editor\" data-id=\"2a687f0\" data-element_type=\"widget\" data-widget_type=\"text-editor.default\">\n\t\t\t\t<div class=\"elementor-widget-container\">\n\t\t\t\t\t\t\t\t\t<p>Alle unsere Produkte werden im eigenen Haus hergestellt, was eine gleichbleibende Qualit\u00e4t und p\u00fcnktliche Lieferung gew\u00e4hrleistet.\u00a0<\/p>\t\t\t\t\t\t\t\t<\/div>\n\t\t\t\t<\/div>\n\t\t\t\t<\/div>\n\t\t\t\t\t<\/div>\n\t\t\t\t<\/div>\n\t\t<div class=\"elementor-element elementor-element-816c64c e-flex e-con-boxed e-con e-parent\" data-id=\"816c64c\" data-element_type=\"container\" data-settings=\"{&quot;background_background&quot;:&quot;classic&quot;}\">\n\t\t\t\t\t<div class=\"e-con-inner\">\n\t\t<div class=\"elementor-element elementor-element-d4d7791 e-con-full e-flex e-con e-child\" data-id=\"d4d7791\" data-element_type=\"container\" data-settings=\"{&quot;background_background&quot;:&quot;classic&quot;}\">\n\t\t\t\t<div class=\"elementor-element elementor-element-5e61440 elementor-widget elementor-widget-heading\" data-id=\"5e61440\" data-element_type=\"widget\" data-widget_type=\"heading.default\">\n\t\t\t\t<div class=\"elementor-widget-container\">\n\t\t\t\t\t<h3 class=\"elementor-heading-title elementor-size-default\">Druckgussverfahren<\/h3>\t\t\t\t<\/div>\n\t\t\t\t<\/div>\n\t\t\t\t<div class=\"elementor-element elementor-element-8d31adc elementor-widget elementor-widget-text-editor\" data-id=\"8d31adc\" data-element_type=\"widget\" data-widget_type=\"text-editor.default\">\n\t\t\t\t<div class=\"elementor-widget-container\">\n\t\t\t\t\t\t\t\t\t<p>Unser Druckgussverfahren bei Hingelocks wurde sorgf\u00e4ltig entwickelt, um hochwertige, pr\u00e4zise Komponenten herzustellen. Durch den Einsatz fortschrittlicher Druckgie\u00dfmaschinen f\u00fcr Zink- und Aluminiumlegierungen stellen wir sicher, dass jedes Produkt mit au\u00dfergew\u00f6hnlicher Genauigkeit und Konsistenz geformt wird. Unsere erfahrenen Techniker \u00fcberwachen jeden Schritt, von der Vorbereitung der Form bis zum Gie\u00dfen und Abk\u00fchlen, um optimale Leistung und Haltbarkeit zu gew\u00e4hrleisten. Das Ergebnis sind robuste, detailgenaue Teile, die den strengen Anforderungen verschiedener industrieller Anwendungen gerecht werden. Durch den Einsatz modernster Technologie und strenger Qualit\u00e4tskontrollen liefern wir Druckgussprodukte, die die Industriestandards \u00fcbertreffen, und bieten zuverl\u00e4ssige L\u00f6sungen f\u00fcr Ihre Fertigungsanforderungen.<\/p>\t\t\t\t\t\t\t\t<\/div>\n\t\t\t\t<\/div>\n\t\t\t\t<\/div>\n\t\t<div class=\"elementor-element elementor-element-2e5ea82 e-con-full e-flex e-con e-child\" data-id=\"2e5ea82\" data-element_type=\"container\">\n\t\t\t\t<div class=\"elementor-element elementor-element-bfe5220 elementor-widget elementor-widget-video\" data-id=\"bfe5220\" data-element_type=\"widget\" data-settings=\"{&quot;youtube_url&quot;:&quot;https:\\\/\\\/youtu.be\\\/h6GfGCgnrB0&quot;,&quot;video_type&quot;:&quot;youtube&quot;,&quot;controls&quot;:&quot;yes&quot;}\" data-widget_type=\"video.default\">\n\t\t\t\t<div class=\"elementor-widget-container\">\n\t\t\t\t\t\t\t<div class=\"elementor-wrapper elementor-open-inline\">\n\t\t\t<div class=\"elementor-video\"><\/div>\t\t<\/div>\n\t\t\t\t\t\t<\/div>\n\t\t\t\t<\/div>\n\t\t\t\t<\/div>\n\t\t\t\t\t<\/div>\n\t\t\t\t<\/div>\n\t\t<div class=\"elementor-element elementor-element-ccf1f9b e-flex e-con-boxed e-con e-parent\" data-id=\"ccf1f9b\" data-element_type=\"container\">\n\t\t\t\t\t<div class=\"e-con-inner\">\n\t\t<div class=\"elementor-element elementor-element-9651d29 e-con-full e-flex e-con e-child\" data-id=\"9651d29\" data-element_type=\"container\">\n\t\t\t\t<div class=\"elementor-element elementor-element-bcd00e7 elementor-widget elementor-widget-video\" data-id=\"bcd00e7\" data-element_type=\"widget\" data-settings=\"{&quot;youtube_url&quot;:&quot;https:\\\/\\\/youtu.be\\\/bc8ZZHYsleY&quot;,&quot;video_type&quot;:&quot;youtube&quot;,&quot;controls&quot;:&quot;yes&quot;}\" data-widget_type=\"video.default\">\n\t\t\t\t<div class=\"elementor-widget-container\">\n\t\t\t\t\t\t\t<div class=\"elementor-wrapper elementor-open-inline\">\n\t\t\t<div class=\"elementor-video\"><\/div>\t\t<\/div>\n\t\t\t\t\t\t<\/div>\n\t\t\t\t<\/div>\n\t\t\t\t<\/div>\n\t\t<div class=\"elementor-element elementor-element-2319996 e-con-full e-flex e-con e-child\" data-id=\"2319996\" data-element_type=\"container\" data-settings=\"{&quot;background_background&quot;:&quot;classic&quot;}\">\n\t\t\t\t<div class=\"elementor-element elementor-element-cf9c0e4 elementor-widget elementor-widget-heading\" data-id=\"cf9c0e4\" data-element_type=\"widget\" data-widget_type=\"heading.default\">\n\t\t\t\t<div class=\"elementor-widget-container\">\n\t\t\t\t\t<h3 class=\"elementor-heading-title elementor-size-default\">Polierverfahren<\/h3>\t\t\t\t<\/div>\n\t\t\t\t<\/div>\n\t\t\t\t<div class=\"elementor-element elementor-element-117fc1f elementor-widget elementor-widget-text-editor\" data-id=\"117fc1f\" data-element_type=\"widget\" data-widget_type=\"text-editor.default\">\n\t\t\t\t<div class=\"elementor-widget-container\">\n\t\t\t\t\t\t\t\t\t<p>Das Polierverfahren von Hingelocks verbessert die \u00e4sthetischen und funktionellen Qualit\u00e4ten unserer Produkte. Mit hochmodernen automatischen Poliermaschinen erzielen wir eine glatte, makellose Oberfl\u00e4che f\u00fcr jedes Bauteil. Dieses Verfahren entfernt Unvollkommenheiten, reduziert die Oberfl\u00e4chenrauheit und bereitet die Teile f\u00fcr nachfolgende Behandlungen vor. Unsere geschulten Mitarbeiter \u00fcberwachen die Polierphasen sorgf\u00e4ltig, um Gleichm\u00e4\u00dfigkeit und Pr\u00e4zision zu gew\u00e4hrleisten. Das Ergebnis ist eine hochwertige, polierte Oberfl\u00e4che, die nicht nur au\u00dfergew\u00f6hnlich aussieht, sondern auch die Leistung und Langlebigkeit des Produkts verbessert. Vertrauen Sie Hingelocks, wenn es um polierte Komponenten geht, die Ihren Endprodukten Wert und Raffinesse verleihen.<\/p>\t\t\t\t\t\t\t\t<\/div>\n\t\t\t\t<\/div>\n\t\t\t\t<\/div>\n\t\t\t\t\t<\/div>\n\t\t\t\t<\/div>\n\t\t<div class=\"elementor-element elementor-element-a528022 e-flex e-con-boxed e-con e-parent\" data-id=\"a528022\" data-element_type=\"container\" data-settings=\"{&quot;background_background&quot;:&quot;classic&quot;}\">\n\t\t\t\t\t<div class=\"e-con-inner\">\n\t\t<div class=\"elementor-element elementor-element-f625c95 e-con-full e-flex e-con e-child\" data-id=\"f625c95\" data-element_type=\"container\" data-settings=\"{&quot;background_background&quot;:&quot;classic&quot;}\">\n\t\t\t\t<div class=\"elementor-element elementor-element-633c00a elementor-widget elementor-widget-heading\" data-id=\"633c00a\" data-element_type=\"widget\" data-widget_type=\"heading.default\">\n\t\t\t\t<div class=\"elementor-widget-container\">\n\t\t\t\t\t<h3 class=\"elementor-heading-title elementor-size-default\">Verfahren zur Oberfl\u00e4chenveredelung<\/h3>\t\t\t\t<\/div>\n\t\t\t\t<\/div>\n\t\t\t\t<div class=\"elementor-element elementor-element-b87cda5 elementor-widget elementor-widget-text-editor\" data-id=\"b87cda5\" data-element_type=\"widget\" data-widget_type=\"text-editor.default\">\n\t\t\t\t<div class=\"elementor-widget-container\">\n\t\t\t\t\t\t\t\t\t<p>Unser Oberfl\u00e4chenveredelungsverfahren bei Hingelocks gew\u00e4hrleistet, dass jedes Produkt den h\u00f6chsten Anforderungen an Aussehen und Haltbarkeit entspricht. Wir bieten eine Reihe fortschrittlicher Techniken an, darunter PVD-Vakuum-Ionen-Sputtern, Nano-Spritzen und dreiwertiges Verchromen. Diese Verfahren bieten eine korrosionsbest\u00e4ndige, umweltfreundliche Oberfl\u00e4che, die die \u00e4sthetischen und funktionalen Eigenschaften des Produkts verbessert. Unser Oberfl\u00e4chenveredelungsverfahren verbessert nicht nur das optische Erscheinungsbild, sondern verl\u00e4ngert auch die Lebensdauer unserer Komponenten und gew\u00e4hrleistet, dass sie unter verschiedenen Bedingungen zuverl\u00e4ssig funktionieren. Mit Hingelocks erhalten Sie hochwertige Oberfl\u00e4chen, die den strengen internationalen Normen entsprechen.<\/p>\t\t\t\t\t\t\t\t<\/div>\n\t\t\t\t<\/div>\n\t\t\t\t<\/div>\n\t\t<div class=\"elementor-element elementor-element-9d66360 e-con-full e-flex e-con e-child\" data-id=\"9d66360\" data-element_type=\"container\">\n\t\t\t\t<div class=\"elementor-element elementor-element-c3dd4bf elementor-widget elementor-widget-video\" data-id=\"c3dd4bf\" data-element_type=\"widget\" data-settings=\"{&quot;youtube_url&quot;:&quot;https:\\\/\\\/youtu.be\\\/w9vZsdVZQrM&quot;,&quot;video_type&quot;:&quot;youtube&quot;,&quot;controls&quot;:&quot;yes&quot;}\" data-widget_type=\"video.default\">\n\t\t\t\t<div class=\"elementor-widget-container\">\n\t\t\t\t\t\t\t<div class=\"elementor-wrapper elementor-open-inline\">\n\t\t\t<div class=\"elementor-video\"><\/div>\t\t<\/div>\n\t\t\t\t\t\t<\/div>\n\t\t\t\t<\/div>\n\t\t\t\t<\/div>\n\t\t\t\t\t<\/div>\n\t\t\t\t<\/div>\n\t\t<div class=\"elementor-element elementor-element-aabb57d e-flex e-con-boxed e-con e-parent\" data-id=\"aabb57d\" data-element_type=\"container\">\n\t\t\t\t\t<div class=\"e-con-inner\">\n\t\t<div class=\"elementor-element elementor-element-de5eed5 e-con-full e-flex e-con e-child\" data-id=\"de5eed5\" data-element_type=\"container\">\n\t\t\t\t<div class=\"elementor-element elementor-element-1e87ecd elementor-widget elementor-widget-video\" data-id=\"1e87ecd\" data-element_type=\"widget\" data-settings=\"{&quot;youtube_url&quot;:&quot;https:\\\/\\\/youtu.be\\\/LTv03yexsHw&quot;,&quot;video_type&quot;:&quot;youtube&quot;,&quot;controls&quot;:&quot;yes&quot;}\" data-widget_type=\"video.default\">\n\t\t\t\t<div class=\"elementor-widget-container\">\n\t\t\t\t\t\t\t<div class=\"elementor-wrapper elementor-open-inline\">\n\t\t\t<div class=\"elementor-video\"><\/div>\t\t<\/div>\n\t\t\t\t\t\t<\/div>\n\t\t\t\t<\/div>\n\t\t\t\t<\/div>\n\t\t<div class=\"elementor-element elementor-element-5ff9d0a e-con-full e-flex e-con e-child\" data-id=\"5ff9d0a\" data-element_type=\"container\" data-settings=\"{&quot;background_background&quot;:&quot;classic&quot;}\">\n\t\t\t\t<div class=\"elementor-element elementor-element-cf1c0d2 elementor-widget elementor-widget-heading\" data-id=\"cf1c0d2\" data-element_type=\"widget\" data-widget_type=\"heading.default\">\n\t\t\t\t<div class=\"elementor-widget-container\">\n\t\t\t\t\t<h3 class=\"elementor-heading-title elementor-size-default\">Montageprozess<\/h3>\t\t\t\t<\/div>\n\t\t\t\t<\/div>\n\t\t\t\t<div class=\"elementor-element elementor-element-628a0be elementor-widget elementor-widget-text-editor\" data-id=\"628a0be\" data-element_type=\"widget\" data-widget_type=\"text-editor.default\">\n\t\t\t\t<div class=\"elementor-widget-container\">\n\t\t\t\t\t\t\t\t\t<p>Bei Hingelocks ist unser Montageprozess rationalisiert, um Effizienz und Pr\u00e4zision zu gew\u00e4hrleisten. Unser erfahrenes Team montiert jede Komponente mit akribischer Liebe zum Detail und befolgt dabei strenge Protokolle, um Konsistenz und Qualit\u00e4t zu gew\u00e4hrleisten. Wir setzen fortschrittliche Werkzeuge und Techniken ein, um sicherzustellen, dass jedes Teil perfekt passt und das Produkt einwandfrei funktioniert. Unser Montageprozess ist darauf ausgerichtet, den Arbeitsablauf zu optimieren, die Produktionszeiten zu verk\u00fcrzen und die h\u00f6chsten Qualit\u00e4tsstandards einzuhalten. Da wir uns auf Pr\u00e4zision und Effizienz konzentrieren, liefern wir vollst\u00e4ndig montierte Produkte, die Ihre genauen Spezifikationen erf\u00fcllen und Ihre Erwartungen \u00fcbertreffen.<\/p>\t\t\t\t\t\t\t\t<\/div>\n\t\t\t\t<\/div>\n\t\t\t\t<\/div>\n\t\t\t\t\t<\/div>\n\t\t\t\t<\/div>\n\t\t<div class=\"elementor-element elementor-element-e3d6e46 e-flex e-con-boxed e-con e-parent\" data-id=\"e3d6e46\" data-element_type=\"container\" data-settings=\"{&quot;background_background&quot;:&quot;classic&quot;}\">\n\t\t\t\t\t<div class=\"e-con-inner\">\n\t\t<div class=\"elementor-element elementor-element-b66586a e-con-full e-flex e-con e-child\" data-id=\"b66586a\" data-element_type=\"container\" data-settings=\"{&quot;background_background&quot;:&quot;classic&quot;}\">\n\t\t\t\t<div class=\"elementor-element elementor-element-e9e1f17 elementor-widget elementor-widget-heading\" data-id=\"e9e1f17\" data-element_type=\"widget\" data-widget_type=\"heading.default\">\n\t\t\t\t<div class=\"elementor-widget-container\">\n\t\t\t\t\t<h3 class=\"elementor-heading-title elementor-size-default\">Gussformherstellung<\/h3>\t\t\t\t<\/div>\n\t\t\t\t<\/div>\n\t\t\t\t<div class=\"elementor-element elementor-element-9245559 elementor-widget elementor-widget-text-editor\" data-id=\"9245559\" data-element_type=\"widget\" data-widget_type=\"text-editor.default\">\n\t\t\t\t<div class=\"elementor-widget-container\">\n\t\t\t\t\t\t\t\t\t<p>Der Formenbau von Hingelocks ist mit modernster Technologie ausgestattet, um hochpr\u00e4zise Formen herzustellen. Unser Expertenteam aus Ingenieuren und Technikern entwirft und produziert Formen, die anspruchsvolle Standards erf\u00fcllen und die Genauigkeit und Qualit\u00e4t der Endprodukte gew\u00e4hrleisten. Mit fortschrittlichen CNC-Maschinen und anderen Pr\u00e4zisionsger\u00e4ten stellen wir Formen her, die den Anforderungen der Gro\u00dfserienproduktion standhalten. Dank unserer umfassenden F\u00e4higkeiten im Formenbau sind wir in der Lage, komplexe Entw\u00fcrfe zu bearbeiten und Formen zu liefern, die eine konsistente, qualitativ hochwertige Produktion gew\u00e4hrleisten. Mit Hingelocks profitieren Sie von fachm\u00e4nnisch gefertigten Formen, die den Grundstein f\u00fcr eine hervorragende Fertigung bilden.<\/p>\t\t\t\t\t\t\t\t<\/div>\n\t\t\t\t<\/div>\n\t\t\t\t<\/div>\n\t\t<div class=\"elementor-element elementor-element-6db7422 e-con-full e-flex e-con e-child\" data-id=\"6db7422\" data-element_type=\"container\">\n\t\t\t\t<div class=\"elementor-element elementor-element-0d1783e elementor-widget elementor-widget-video\" data-id=\"0d1783e\" data-element_type=\"widget\" data-settings=\"{&quot;youtube_url&quot;:&quot;https:\\\/\\\/youtu.be\\\/-ChLu7ztcLM&quot;,&quot;video_type&quot;:&quot;youtube&quot;,&quot;controls&quot;:&quot;yes&quot;}\" data-widget_type=\"video.default\">\n\t\t\t\t<div class=\"elementor-widget-container\">\n\t\t\t\t\t\t\t<div class=\"elementor-wrapper elementor-open-inline\">\n\t\t\t<div class=\"elementor-video\"><\/div>\t\t<\/div>\n\t\t\t\t\t\t<\/div>\n\t\t\t\t<\/div>\n\t\t\t\t<\/div>\n\t\t\t\t\t<\/div>\n\t\t\t\t<\/div>\n\t\t<div class=\"elementor-element elementor-element-4bcc51a e-flex e-con-boxed e-con e-parent\" data-id=\"4bcc51a\" data-element_type=\"container\">\n\t\t\t\t\t<div class=\"e-con-inner\">\n\t\t<div class=\"elementor-element elementor-element-b9da925 e-con-full e-flex e-con e-child\" data-id=\"b9da925\" data-element_type=\"container\">\n\t\t\t\t<div class=\"elementor-element elementor-element-64beb32 elementor-widget elementor-widget-video\" data-id=\"64beb32\" data-element_type=\"widget\" data-settings=\"{&quot;youtube_url&quot;:&quot;https:\\\/\\\/youtu.be\\\/LzUoKf1KhVg&quot;,&quot;video_type&quot;:&quot;youtube&quot;,&quot;controls&quot;:&quot;yes&quot;}\" data-widget_type=\"video.default\">\n\t\t\t\t<div class=\"elementor-widget-container\">\n\t\t\t\t\t\t\t<div class=\"elementor-wrapper elementor-open-inline\">\n\t\t\t<div class=\"elementor-video\"><\/div>\t\t<\/div>\n\t\t\t\t\t\t<\/div>\n\t\t\t\t<\/div>\n\t\t\t\t<\/div>\n\t\t<div class=\"elementor-element elementor-element-30147dd e-con-full e-flex e-con e-child\" data-id=\"30147dd\" data-element_type=\"container\" data-settings=\"{&quot;background_background&quot;:&quot;classic&quot;}\">\n\t\t\t\t<div class=\"elementor-element elementor-element-fd93bb5 elementor-widget elementor-widget-heading\" data-id=\"fd93bb5\" data-element_type=\"widget\" data-widget_type=\"heading.default\">\n\t\t\t\t<div class=\"elementor-widget-container\">\n\t\t\t\t\t<h3 class=\"elementor-heading-title elementor-size-default\">Verfahren zur Qualit\u00e4tspr\u00fcfung<\/h3>\t\t\t\t<\/div>\n\t\t\t\t<\/div>\n\t\t\t\t<div class=\"elementor-element elementor-element-386827e elementor-widget elementor-widget-text-editor\" data-id=\"386827e\" data-element_type=\"widget\" data-widget_type=\"text-editor.default\">\n\t\t\t\t<div class=\"elementor-widget-container\">\n\t\t\t\t\t\t\t\t\t<p>Unser Qualit\u00e4tspr\u00fcfungsprozess bei Hingelocks ist gr\u00fcndlich und streng, um sicherzustellen, dass jedes Produkt die h\u00f6chsten Standards erf\u00fcllt, bevor es Sie erreicht. Wir setzen ein mehrstufiges Pr\u00fcfprotokoll ein, das Ma\u00dfkontrollen, Materialanalysen und Leistungstests umfasst. Unsere hochmodernen Pr\u00fcfger\u00e4te und unser erfahrenes Qualit\u00e4tskontrollteam untersuchen jedes einzelne Bauteil genauestens, um etwaige Probleme zu erkennen und zu beheben. Dieser umfassende Ansatz garantiert, dass jedes Produkt die Industriestandards f\u00fcr Zuverl\u00e4ssigkeit und Leistung nicht nur erf\u00fcllt, sondern \u00fcbertrifft. Bei Hingelocks k\u00f6nnen Sie sich auf die gleichbleibende Qualit\u00e4t und Zuverl\u00e4ssigkeit unserer Produkte verlassen.<\/p>\t\t\t\t\t\t\t\t<\/div>\n\t\t\t\t<\/div>\n\t\t\t\t<\/div>\n\t\t\t\t\t<\/div>\n\t\t\t\t<\/div>\n\t\t<div class=\"elementor-element elementor-element-c4adac3 e-flex e-con-boxed e-con e-parent\" data-id=\"c4adac3\" data-element_type=\"container\" data-settings=\"{&quot;background_background&quot;:&quot;classic&quot;}\">\n\t\t\t\t\t<div class=\"e-con-inner\">\n\t\t<div class=\"elementor-element elementor-element-d61709e e-con-full e-flex e-con e-child\" data-id=\"d61709e\" data-element_type=\"container\" data-settings=\"{&quot;background_background&quot;:&quot;classic&quot;}\">\n\t\t\t\t<div class=\"elementor-element elementor-element-0408f82 elementor-widget elementor-widget-heading\" data-id=\"0408f82\" data-element_type=\"widget\" data-widget_type=\"heading.default\">\n\t\t\t\t<div class=\"elementor-widget-container\">\n\t\t\t\t\t<h3 class=\"elementor-heading-title elementor-size-default\">Logistik &amp; Lager<\/h3>\t\t\t\t<\/div>\n\t\t\t\t<\/div>\n\t\t\t\t<div class=\"elementor-element elementor-element-c615442 elementor-widget elementor-widget-text-editor\" data-id=\"c615442\" data-element_type=\"widget\" data-widget_type=\"text-editor.default\">\n\t\t\t\t<div class=\"elementor-widget-container\">\n\t\t\t\t\t\t\t\t\t<p>Die Logistik- und Lagerabl\u00e4ufe bei Hingelocks sind auf Effizienz und Zuverl\u00e4ssigkeit ausgelegt. Unser ger\u00e4umiges, 3.600 Quadratmeter gro\u00dfes Lager stellt sicher, dass wir einen ausreichenden Vorrat vorhalten, um die Nachfrage zeitnah zu befriedigen. Wir setzen ein systematisches Bestandsmanagement ein, um die Lagerung, Handhabung und den Abruf von Produkten zu optimieren. Unser Logistikteam koordiniert nahtlose Versandl\u00f6sungen und bietet je nach Kundenwunsch eine sichere Verpackung und p\u00fcnktliche Lieferung per Kurier oder Seefracht. Durch die Optimierung unserer Logistik- und Lagerprozesse stellen wir sicher, dass Ihre Bestellungen pr\u00e4zise ausgef\u00fchrt und p\u00fcnktlich geliefert werden, und verbessern so Ihre Gesamterfahrung mit Hingelocks.<\/p>\t\t\t\t\t\t\t\t<\/div>\n\t\t\t\t<\/div>\n\t\t\t\t<\/div>\n\t\t<div class=\"elementor-element elementor-element-6570b34 e-con-full e-flex e-con e-child\" data-id=\"6570b34\" data-element_type=\"container\">\n\t\t\t\t<div class=\"elementor-element elementor-element-11d0f16 elementor-widget elementor-widget-video\" data-id=\"11d0f16\" data-element_type=\"widget\" data-settings=\"{&quot;youtube_url&quot;:&quot;https:\\\/\\\/youtu.be\\\/yoYSs67elKk&quot;,&quot;video_type&quot;:&quot;youtube&quot;,&quot;controls&quot;:&quot;yes&quot;}\" data-widget_type=\"video.default\">\n\t\t\t\t<div class=\"elementor-widget-container\">\n\t\t\t\t\t\t\t<div class=\"elementor-wrapper elementor-open-inline\">\n\t\t\t<div class=\"elementor-video\"><\/div>\t\t<\/div>\n\t\t\t\t\t\t<\/div>\n\t\t\t\t<\/div>\n\t\t\t\t<\/div>\n\t\t\t\t\t<\/div>\n\t\t\t\t<\/div>\n\t\t\t\t<\/div>","protected":false},"excerpt":{"rendered":"<p>Our Capabitlies All our products are in-house manufacturing, ensuring consistent quality, and timely delivery\u00a0 Die Casting Process Our die casting process at Hingelocks is meticulously designed to produce high-quality, precise components. Utilizing advanced zinc and aluminum alloy die-casting machines, we ensure each product is formed with exceptional accuracy and consistency. Our skilled technicians oversee every [&hellip;]<\/p>","protected":false},"author":1,"featured_media":0,"parent":0,"menu_order":0,"comment_status":"closed","ping_status":"closed","template":"","meta":{"_seopress_robots_primary_cat":"","_seopress_titles_title":"","_seopress_titles_desc":"","_seopress_robots_index":"","_import_markdown_pro_load_document_selector":0,"_import_markdown_pro_submit_text_textarea":"","footnotes":""},"_links":{"self":[{"href":"https:\/\/hingelocks.com\/de\/wp-json\/wp\/v2\/pages\/4547"}],"collection":[{"href":"https:\/\/hingelocks.com\/de\/wp-json\/wp\/v2\/pages"}],"about":[{"href":"https:\/\/hingelocks.com\/de\/wp-json\/wp\/v2\/types\/page"}],"author":[{"embeddable":true,"href":"https:\/\/hingelocks.com\/de\/wp-json\/wp\/v2\/users\/1"}],"replies":[{"embeddable":true,"href":"https:\/\/hingelocks.com\/de\/wp-json\/wp\/v2\/comments?post=4547"}],"version-history":[{"count":89,"href":"https:\/\/hingelocks.com\/de\/wp-json\/wp\/v2\/pages\/4547\/revisions"}],"predecessor-version":[{"id":5309,"href":"https:\/\/hingelocks.com\/de\/wp-json\/wp\/v2\/pages\/4547\/revisions\/5309"}],"wp:attachment":[{"href":"https:\/\/hingelocks.com\/de\/wp-json\/wp\/v2\/media?parent=4547"}],"curies":[{"name":"wp","href":"https:\/\/api.w.org\/{rel}","templated":true}]}}