{"id":4233,"date":"2024-07-14T18:10:12","date_gmt":"2024-07-14T10:10:12","guid":{"rendered":"https:\/\/hingelocks.com\/product\/hl137\/"},"modified":"2024-08-30T22:17:36","modified_gmt":"2024-08-30T14:17:36","slug":"external-hinge-hl137-105degrees-distribution-cabinet-hinges","status":"publish","type":"product","link":"https:\/\/hingelocks.com\/de\/produkt\/external-hinge-hl137-105degrees-distribution-cabinet-hinges\/","title":{"rendered":"Au\u00dfenscharnier Hl137 105Grad Scharniere f\u00fcr Verteilerschr\u00e4nke"},"content":{"rendered":"<p><img decoding=\"async\" src=\"https:\/\/hingelocks.com\/wp-content\/uploads\/2024\/07\/20156318550710EN01-scaled.jpg\" \/><br \/>\n<img decoding=\"async\" src=\"https:\/\/hingelocks.com\/wp-content\/uploads\/2024\/07\/201563185550792EN02.jpg\" \/><\/p>\n<h2>Spezifikationen<\/h2>\n<p><img decoding=\"async\" class=\"w80\" src=\"https:\/\/hingelocks.com\/wp-content\/uploads\/2024\/07\/201565161653209EN03.jpg\" \/><\/p>","protected":false},"excerpt":{"rendered":"<div class=\"name\">Eigenschaften<\/div>\n<p>\u25cf Material:Zinc die-casting hinge steel pin<br \/>\n\u25cf Finish: Powder coated(7012)<br \/>\n\u25cf Panel thickness: 1~3mm<br \/>\n\u25cf Remarks: 105\u00b0hinge<br \/>\n\u25cf<\/p>\n<div class=\"name\">Material<\/div>\n<p>\u25cf Zinklegierung<\/p>\n<div class=\"name\">Oberfl\u00e4che<\/div>\n<p>\u25cf Elektroplatte<\/p>","protected":false},"featured_media":4237,"template":"","meta":{"_seopress_robots_primary_cat":"none","_seopress_titles_title":"","_seopress_titles_desc":"","_seopress_robots_index":"","_import_markdown_pro_load_document_selector":0,"_import_markdown_pro_submit_text_textarea":""},"product_cat":[53],"product_tag":[],"_links":{"self":[{"href":"https:\/\/hingelocks.com\/de\/wp-json\/wp\/v2\/product\/4233"}],"collection":[{"href":"https:\/\/hingelocks.com\/de\/wp-json\/wp\/v2\/product"}],"about":[{"href":"https:\/\/hingelocks.com\/de\/wp-json\/wp\/v2\/types\/product"}],"wp:featuredmedia":[{"embeddable":true,"href":"https:\/\/hingelocks.com\/de\/wp-json\/wp\/v2\/media\/4237"}],"wp:attachment":[{"href":"https:\/\/hingelocks.com\/de\/wp-json\/wp\/v2\/media?parent=4233"}],"wp:term":[{"taxonomy":"product_cat","embeddable":true,"href":"https:\/\/hingelocks.com\/de\/wp-json\/wp\/v2\/product_cat?post=4233"},{"taxonomy":"product_tag","embeddable":true,"href":"https:\/\/hingelocks.com\/de\/wp-json\/wp\/v2\/product_tag?post=4233"}],"curies":[{"name":"wp","href":"https:\/\/api.w.org\/{rel}","templated":true}]}}