{"id":4547,"date":"2024-07-19T15:08:30","date_gmt":"2024-07-19T07:08:30","guid":{"rendered":"https:\/\/hingelocks.com\/?page_id=4547"},"modified":"2024-08-08T11:21:27","modified_gmt":"2024-08-08T03:21:27","slug":"capabilities","status":"publish","type":"page","link":"https:\/\/hingelocks.com\/es\/capabilities\/","title":{"rendered":"Capacidades"},"content":{"rendered":"<div data-elementor-type=\"wp-page\" data-elementor-id=\"4547\" class=\"elementor elementor-4547\" data-elementor-post-type=\"page\">\n\t\t\t\t<div class=\"elementor-element elementor-element-5959504 e-flex e-con-boxed e-con e-parent\" data-id=\"5959504\" data-element_type=\"container\" data-settings=\"{&quot;background_background&quot;:&quot;classic&quot;}\">\n\t\t\t\t\t<div class=\"e-con-inner\">\n\t\t<div class=\"elementor-element elementor-element-40905ac e-grid e-con-full e-con e-child\" data-id=\"40905ac\" data-element_type=\"container\" data-settings=\"{&quot;background_background&quot;:&quot;classic&quot;}\">\n\t\t\t\t<div class=\"elementor-element elementor-element-aef6f69 elementor-widget elementor-widget-heading\" data-id=\"aef6f69\" data-element_type=\"widget\" data-widget_type=\"heading.default\">\n\t\t\t\t<div class=\"elementor-widget-container\">\n\t\t\t\t\t<h2 class=\"elementor-heading-title elementor-size-default\">Nuestras capacidades<\/h2>\t\t\t\t<\/div>\n\t\t\t\t<\/div>\n\t\t\t\t<div class=\"elementor-element elementor-element-2a687f0 elementor-widget elementor-widget-text-editor\" data-id=\"2a687f0\" data-element_type=\"widget\" data-widget_type=\"text-editor.default\">\n\t\t\t\t<div class=\"elementor-widget-container\">\n\t\t\t\t\t\t\t\t\t<p>Todos nuestros productos son de fabricaci\u00f3n propia, lo que garantiza una calidad constante y una entrega puntual.\u00a0<\/p>\t\t\t\t\t\t\t\t<\/div>\n\t\t\t\t<\/div>\n\t\t\t\t<\/div>\n\t\t\t\t\t<\/div>\n\t\t\t\t<\/div>\n\t\t<div class=\"elementor-element elementor-element-816c64c e-flex e-con-boxed e-con e-parent\" data-id=\"816c64c\" data-element_type=\"container\" data-settings=\"{&quot;background_background&quot;:&quot;classic&quot;}\">\n\t\t\t\t\t<div class=\"e-con-inner\">\n\t\t<div class=\"elementor-element elementor-element-d4d7791 e-con-full e-flex e-con e-child\" data-id=\"d4d7791\" data-element_type=\"container\" data-settings=\"{&quot;background_background&quot;:&quot;classic&quot;}\">\n\t\t\t\t<div class=\"elementor-element elementor-element-5e61440 elementor-widget elementor-widget-heading\" data-id=\"5e61440\" data-element_type=\"widget\" data-widget_type=\"heading.default\">\n\t\t\t\t<div class=\"elementor-widget-container\">\n\t\t\t\t\t<h3 class=\"elementor-heading-title elementor-size-default\">Proceso de fundici\u00f3n a presi\u00f3n<\/h3>\t\t\t\t<\/div>\n\t\t\t\t<\/div>\n\t\t\t\t<div class=\"elementor-element elementor-element-8d31adc elementor-widget elementor-widget-text-editor\" data-id=\"8d31adc\" data-element_type=\"widget\" data-widget_type=\"text-editor.default\">\n\t\t\t\t<div class=\"elementor-widget-container\">\n\t\t\t\t\t\t\t\t\t<p>Nuestro proceso de fundici\u00f3n a presi\u00f3n en Hingelocks est\u00e1 meticulosamente dise\u00f1ado para producir componentes de alta calidad y precisi\u00f3n. Utilizando avanzadas m\u00e1quinas de fundici\u00f3n a presi\u00f3n de aleaci\u00f3n de zinc y aluminio, nos aseguramos de que cada producto se forma con una precisi\u00f3n y consistencia excepcionales. Nuestros t\u00e9cnicos especializados supervisan cada paso, desde la preparaci\u00f3n del molde hasta la fundici\u00f3n y el enfriamiento, para garantizar un rendimiento y una durabilidad \u00f3ptimos. El resultado son piezas robustas y detalladas que satisfacen las estrictas exigencias de diversas aplicaciones industriales. Gracias a la tecnolog\u00eda punta y a los rigurosos controles de calidad, ofrecemos productos de fundici\u00f3n a presi\u00f3n que superan los est\u00e1ndares del sector, proporcionando soluciones fiables para sus necesidades de fabricaci\u00f3n.<\/p>\t\t\t\t\t\t\t\t<\/div>\n\t\t\t\t<\/div>\n\t\t\t\t<\/div>\n\t\t<div class=\"elementor-element elementor-element-2e5ea82 e-con-full e-flex e-con e-child\" data-id=\"2e5ea82\" data-element_type=\"container\">\n\t\t\t\t<div class=\"elementor-element elementor-element-bfe5220 elementor-widget elementor-widget-video\" data-id=\"bfe5220\" data-element_type=\"widget\" data-settings=\"{&quot;youtube_url&quot;:&quot;https:\\\/\\\/youtu.be\\\/h6GfGCgnrB0&quot;,&quot;video_type&quot;:&quot;youtube&quot;,&quot;controls&quot;:&quot;yes&quot;}\" data-widget_type=\"video.default\">\n\t\t\t\t<div class=\"elementor-widget-container\">\n\t\t\t\t\t\t\t<div class=\"elementor-wrapper elementor-open-inline\">\n\t\t\t<div class=\"elementor-video\"><\/div>\t\t<\/div>\n\t\t\t\t\t\t<\/div>\n\t\t\t\t<\/div>\n\t\t\t\t<\/div>\n\t\t\t\t\t<\/div>\n\t\t\t\t<\/div>\n\t\t<div class=\"elementor-element elementor-element-ccf1f9b e-flex e-con-boxed e-con e-parent\" data-id=\"ccf1f9b\" data-element_type=\"container\">\n\t\t\t\t\t<div class=\"e-con-inner\">\n\t\t<div class=\"elementor-element elementor-element-9651d29 e-con-full e-flex e-con e-child\" data-id=\"9651d29\" data-element_type=\"container\">\n\t\t\t\t<div class=\"elementor-element elementor-element-bcd00e7 elementor-widget elementor-widget-video\" data-id=\"bcd00e7\" data-element_type=\"widget\" data-settings=\"{&quot;youtube_url&quot;:&quot;https:\\\/\\\/youtu.be\\\/bc8ZZHYsleY&quot;,&quot;video_type&quot;:&quot;youtube&quot;,&quot;controls&quot;:&quot;yes&quot;}\" data-widget_type=\"video.default\">\n\t\t\t\t<div class=\"elementor-widget-container\">\n\t\t\t\t\t\t\t<div class=\"elementor-wrapper elementor-open-inline\">\n\t\t\t<div class=\"elementor-video\"><\/div>\t\t<\/div>\n\t\t\t\t\t\t<\/div>\n\t\t\t\t<\/div>\n\t\t\t\t<\/div>\n\t\t<div class=\"elementor-element elementor-element-2319996 e-con-full e-flex e-con e-child\" data-id=\"2319996\" data-element_type=\"container\" data-settings=\"{&quot;background_background&quot;:&quot;classic&quot;}\">\n\t\t\t\t<div class=\"elementor-element elementor-element-cf9c0e4 elementor-widget elementor-widget-heading\" data-id=\"cf9c0e4\" data-element_type=\"widget\" data-widget_type=\"heading.default\">\n\t\t\t\t<div class=\"elementor-widget-container\">\n\t\t\t\t\t<h3 class=\"elementor-heading-title elementor-size-default\">Proceso de pulido<\/h3>\t\t\t\t<\/div>\n\t\t\t\t<\/div>\n\t\t\t\t<div class=\"elementor-element elementor-element-117fc1f elementor-widget elementor-widget-text-editor\" data-id=\"117fc1f\" data-element_type=\"widget\" data-widget_type=\"text-editor.default\">\n\t\t\t\t<div class=\"elementor-widget-container\">\n\t\t\t\t\t\t\t\t\t<p>El proceso de pulido de Hingelocks realza las cualidades est\u00e9ticas y funcionales de nuestros productos. Utilizando m\u00e1quinas autom\u00e1ticas de pulido de \u00faltima generaci\u00f3n, conseguimos un acabado liso e impecable en cada componente. Este proceso elimina imperfecciones, reduce la rugosidad de la superficie y prepara las piezas para tratamientos posteriores. Nuestros expertos operarios supervisan meticulosamente las fases de pulido para garantizar la uniformidad y la precisi\u00f3n. El resultado es una superficie pulida de alta calidad que no s\u00f3lo tiene un aspecto excepcional, sino que tambi\u00e9n mejora el rendimiento y la longevidad del producto. Conf\u00ede en Hingelocks para componentes pulidos que a\u00f1aden valor y sofisticaci\u00f3n a sus productos finales.<\/p>\t\t\t\t\t\t\t\t<\/div>\n\t\t\t\t<\/div>\n\t\t\t\t<\/div>\n\t\t\t\t\t<\/div>\n\t\t\t\t<\/div>\n\t\t<div class=\"elementor-element elementor-element-a528022 e-flex e-con-boxed e-con e-parent\" data-id=\"a528022\" data-element_type=\"container\" data-settings=\"{&quot;background_background&quot;:&quot;classic&quot;}\">\n\t\t\t\t\t<div class=\"e-con-inner\">\n\t\t<div class=\"elementor-element elementor-element-f625c95 e-con-full e-flex e-con e-child\" data-id=\"f625c95\" data-element_type=\"container\" data-settings=\"{&quot;background_background&quot;:&quot;classic&quot;}\">\n\t\t\t\t<div class=\"elementor-element elementor-element-633c00a elementor-widget elementor-widget-heading\" data-id=\"633c00a\" data-element_type=\"widget\" data-widget_type=\"heading.default\">\n\t\t\t\t<div class=\"elementor-widget-container\">\n\t\t\t\t\t<h3 class=\"elementor-heading-title elementor-size-default\">Proceso de acabado de superficies<\/h3>\t\t\t\t<\/div>\n\t\t\t\t<\/div>\n\t\t\t\t<div class=\"elementor-element elementor-element-b87cda5 elementor-widget elementor-widget-text-editor\" data-id=\"b87cda5\" data-element_type=\"widget\" data-widget_type=\"text-editor.default\">\n\t\t\t\t<div class=\"elementor-widget-container\">\n\t\t\t\t\t\t\t\t\t<p>Nuestro proceso de acabado de superficies en Hingelocks garantiza que cada producto cumpla las normas m\u00e1s estrictas de aspecto y durabilidad. Ofrecemos una gama de t\u00e9cnicas avanzadas, como el pulverizado i\u00f3nico en vac\u00edo PVD, la nano pulverizaci\u00f3n y la galvanoplastia de cromo trivalente. Estos m\u00e9todos proporcionan un acabado resistente a la corrosi\u00f3n y respetuoso con el medio ambiente que mejora las propiedades est\u00e9ticas y funcionales del producto. Nuestro proceso de acabado de superficies no s\u00f3lo mejora el atractivo visual, sino que tambi\u00e9n prolonga la vida \u00fatil de nuestros componentes, garantizando su rendimiento fiable en diversas condiciones. Con Hingelocks, obtendr\u00e1 acabados superficiales superiores que cumplen las estrictas normas internacionales.<\/p>\t\t\t\t\t\t\t\t<\/div>\n\t\t\t\t<\/div>\n\t\t\t\t<\/div>\n\t\t<div class=\"elementor-element elementor-element-9d66360 e-con-full e-flex e-con e-child\" data-id=\"9d66360\" data-element_type=\"container\">\n\t\t\t\t<div class=\"elementor-element elementor-element-c3dd4bf elementor-widget elementor-widget-video\" data-id=\"c3dd4bf\" data-element_type=\"widget\" data-settings=\"{&quot;youtube_url&quot;:&quot;https:\\\/\\\/youtu.be\\\/w9vZsdVZQrM&quot;,&quot;video_type&quot;:&quot;youtube&quot;,&quot;controls&quot;:&quot;yes&quot;}\" data-widget_type=\"video.default\">\n\t\t\t\t<div class=\"elementor-widget-container\">\n\t\t\t\t\t\t\t<div class=\"elementor-wrapper elementor-open-inline\">\n\t\t\t<div class=\"elementor-video\"><\/div>\t\t<\/div>\n\t\t\t\t\t\t<\/div>\n\t\t\t\t<\/div>\n\t\t\t\t<\/div>\n\t\t\t\t\t<\/div>\n\t\t\t\t<\/div>\n\t\t<div class=\"elementor-element elementor-element-aabb57d e-flex e-con-boxed e-con e-parent\" data-id=\"aabb57d\" data-element_type=\"container\">\n\t\t\t\t\t<div class=\"e-con-inner\">\n\t\t<div class=\"elementor-element elementor-element-de5eed5 e-con-full e-flex e-con e-child\" data-id=\"de5eed5\" data-element_type=\"container\">\n\t\t\t\t<div class=\"elementor-element elementor-element-1e87ecd elementor-widget elementor-widget-video\" data-id=\"1e87ecd\" data-element_type=\"widget\" data-settings=\"{&quot;youtube_url&quot;:&quot;https:\\\/\\\/youtu.be\\\/LTv03yexsHw&quot;,&quot;video_type&quot;:&quot;youtube&quot;,&quot;controls&quot;:&quot;yes&quot;}\" data-widget_type=\"video.default\">\n\t\t\t\t<div class=\"elementor-widget-container\">\n\t\t\t\t\t\t\t<div class=\"elementor-wrapper elementor-open-inline\">\n\t\t\t<div class=\"elementor-video\"><\/div>\t\t<\/div>\n\t\t\t\t\t\t<\/div>\n\t\t\t\t<\/div>\n\t\t\t\t<\/div>\n\t\t<div class=\"elementor-element elementor-element-5ff9d0a e-con-full e-flex e-con e-child\" data-id=\"5ff9d0a\" data-element_type=\"container\" data-settings=\"{&quot;background_background&quot;:&quot;classic&quot;}\">\n\t\t\t\t<div class=\"elementor-element elementor-element-cf1c0d2 elementor-widget elementor-widget-heading\" data-id=\"cf1c0d2\" data-element_type=\"widget\" data-widget_type=\"heading.default\">\n\t\t\t\t<div class=\"elementor-widget-container\">\n\t\t\t\t\t<h3 class=\"elementor-heading-title elementor-size-default\">Proceso de montaje<\/h3>\t\t\t\t<\/div>\n\t\t\t\t<\/div>\n\t\t\t\t<div class=\"elementor-element elementor-element-628a0be elementor-widget elementor-widget-text-editor\" data-id=\"628a0be\" data-element_type=\"widget\" data-widget_type=\"text-editor.default\">\n\t\t\t\t<div class=\"elementor-widget-container\">\n\t\t\t\t\t\t\t\t\t<p>En Hingelocks, nuestro proceso de montaje est\u00e1 racionalizado para garantizar la eficiencia y la precisi\u00f3n. Nuestro experimentado equipo ensambla cada componente con meticulosa atenci\u00f3n al detalle, siguiendo estrictos protocolos para mantener la coherencia y la calidad. Utilizamos herramientas y t\u00e9cnicas avanzadas para garantizar que cada pieza encaje perfectamente, lo que resulta en un producto que funciona a la perfecci\u00f3n. Nuestro proceso de montaje est\u00e1 dise\u00f1ado para optimizar el flujo de trabajo, reducir los tiempos de producci\u00f3n y mantener los m\u00e1s altos est\u00e1ndares de calidad. Al centrarnos en la precisi\u00f3n y la eficacia, entregamos productos totalmente ensamblados que cumplen sus especificaciones exactas y superan sus expectativas.<\/p>\t\t\t\t\t\t\t\t<\/div>\n\t\t\t\t<\/div>\n\t\t\t\t<\/div>\n\t\t\t\t\t<\/div>\n\t\t\t\t<\/div>\n\t\t<div class=\"elementor-element elementor-element-e3d6e46 e-flex e-con-boxed e-con e-parent\" data-id=\"e3d6e46\" data-element_type=\"container\" data-settings=\"{&quot;background_background&quot;:&quot;classic&quot;}\">\n\t\t\t\t\t<div class=\"e-con-inner\">\n\t\t<div class=\"elementor-element elementor-element-b66586a e-con-full e-flex e-con e-child\" data-id=\"b66586a\" data-element_type=\"container\" data-settings=\"{&quot;background_background&quot;:&quot;classic&quot;}\">\n\t\t\t\t<div class=\"elementor-element elementor-element-e9e1f17 elementor-widget elementor-widget-heading\" data-id=\"e9e1f17\" data-element_type=\"widget\" data-widget_type=\"heading.default\">\n\t\t\t\t<div class=\"elementor-widget-container\">\n\t\t\t\t\t<h3 class=\"elementor-heading-title elementor-size-default\">Instalaci\u00f3n de moldeo<\/h3>\t\t\t\t<\/div>\n\t\t\t\t<\/div>\n\t\t\t\t<div class=\"elementor-element elementor-element-9245559 elementor-widget elementor-widget-text-editor\" data-id=\"9245559\" data-element_type=\"widget\" data-widget_type=\"text-editor.default\">\n\t\t\t\t<div class=\"elementor-widget-container\">\n\t\t\t\t\t\t\t\t\t<p>Las instalaciones de fabricaci\u00f3n de moldes de Hingelocks est\u00e1n equipadas con tecnolog\u00eda de vanguardia para crear moldes de alta precisi\u00f3n. Nuestro experto equipo de ingenieros y t\u00e9cnicos dise\u00f1a y produce moldes que cumplen normas exigentes, garantizando la precisi\u00f3n y calidad de los productos finales. Utilizando avanzadas m\u00e1quinas CNC y otros equipos de precisi\u00f3n, fabricamos moldes que pueden soportar los rigores de la producci\u00f3n de grandes vol\u00famenes. Nuestras amplias capacidades de fabricaci\u00f3n de moldes nos permiten manejar dise\u00f1os complejos y entregar moldes que garantizan una producci\u00f3n consistente y de alta calidad. Con Hingelocks, usted se beneficia de moldes elaborados por expertos que son la piedra angular de una fabricaci\u00f3n superior.<\/p>\t\t\t\t\t\t\t\t<\/div>\n\t\t\t\t<\/div>\n\t\t\t\t<\/div>\n\t\t<div class=\"elementor-element elementor-element-6db7422 e-con-full e-flex e-con e-child\" data-id=\"6db7422\" data-element_type=\"container\">\n\t\t\t\t<div class=\"elementor-element elementor-element-0d1783e elementor-widget elementor-widget-video\" data-id=\"0d1783e\" data-element_type=\"widget\" data-settings=\"{&quot;youtube_url&quot;:&quot;https:\\\/\\\/youtu.be\\\/-ChLu7ztcLM&quot;,&quot;video_type&quot;:&quot;youtube&quot;,&quot;controls&quot;:&quot;yes&quot;}\" data-widget_type=\"video.default\">\n\t\t\t\t<div class=\"elementor-widget-container\">\n\t\t\t\t\t\t\t<div class=\"elementor-wrapper elementor-open-inline\">\n\t\t\t<div class=\"elementor-video\"><\/div>\t\t<\/div>\n\t\t\t\t\t\t<\/div>\n\t\t\t\t<\/div>\n\t\t\t\t<\/div>\n\t\t\t\t\t<\/div>\n\t\t\t\t<\/div>\n\t\t<div class=\"elementor-element elementor-element-4bcc51a e-flex e-con-boxed e-con e-parent\" data-id=\"4bcc51a\" data-element_type=\"container\">\n\t\t\t\t\t<div class=\"e-con-inner\">\n\t\t<div class=\"elementor-element elementor-element-b9da925 e-con-full e-flex e-con e-child\" data-id=\"b9da925\" data-element_type=\"container\">\n\t\t\t\t<div class=\"elementor-element elementor-element-64beb32 elementor-widget elementor-widget-video\" data-id=\"64beb32\" data-element_type=\"widget\" data-settings=\"{&quot;youtube_url&quot;:&quot;https:\\\/\\\/youtu.be\\\/LzUoKf1KhVg&quot;,&quot;video_type&quot;:&quot;youtube&quot;,&quot;controls&quot;:&quot;yes&quot;}\" data-widget_type=\"video.default\">\n\t\t\t\t<div class=\"elementor-widget-container\">\n\t\t\t\t\t\t\t<div class=\"elementor-wrapper elementor-open-inline\">\n\t\t\t<div class=\"elementor-video\"><\/div>\t\t<\/div>\n\t\t\t\t\t\t<\/div>\n\t\t\t\t<\/div>\n\t\t\t\t<\/div>\n\t\t<div class=\"elementor-element elementor-element-30147dd e-con-full e-flex e-con e-child\" data-id=\"30147dd\" data-element_type=\"container\" data-settings=\"{&quot;background_background&quot;:&quot;classic&quot;}\">\n\t\t\t\t<div class=\"elementor-element elementor-element-fd93bb5 elementor-widget elementor-widget-heading\" data-id=\"fd93bb5\" data-element_type=\"widget\" data-widget_type=\"heading.default\">\n\t\t\t\t<div class=\"elementor-widget-container\">\n\t\t\t\t\t<h3 class=\"elementor-heading-title elementor-size-default\">Proceso de inspecci\u00f3n de calidad<\/h3>\t\t\t\t<\/div>\n\t\t\t\t<\/div>\n\t\t\t\t<div class=\"elementor-element elementor-element-386827e elementor-widget elementor-widget-text-editor\" data-id=\"386827e\" data-element_type=\"widget\" data-widget_type=\"text-editor.default\">\n\t\t\t\t<div class=\"elementor-widget-container\">\n\t\t\t\t\t\t\t\t\t<p>Nuestro proceso de inspecci\u00f3n de calidad en Hingelocks es minucioso y riguroso, garantizando que cada producto cumpla las normas m\u00e1s estrictas antes de llegar a sus manos. Ponemos en pr\u00e1ctica un protocolo de inspecci\u00f3n de varias etapas, incluyendo controles dimensionales, an\u00e1lisis de materiales y pruebas de rendimiento. Nuestro avanzado equipo de pruebas y nuestro experimentado equipo de control de calidad examinan meticulosamente cada componente, identificando y abordando cualquier problema. Este enfoque integral garantiza que cada producto no s\u00f3lo cumple, sino que supera, las normas del sector en cuanto a fiabilidad y rendimiento. Con Hingelocks, puede confiar en la calidad y fiabilidad constantes de nuestros productos.<\/p>\t\t\t\t\t\t\t\t<\/div>\n\t\t\t\t<\/div>\n\t\t\t\t<\/div>\n\t\t\t\t\t<\/div>\n\t\t\t\t<\/div>\n\t\t<div class=\"elementor-element elementor-element-c4adac3 e-flex e-con-boxed e-con e-parent\" data-id=\"c4adac3\" data-element_type=\"container\" data-settings=\"{&quot;background_background&quot;:&quot;classic&quot;}\">\n\t\t\t\t\t<div class=\"e-con-inner\">\n\t\t<div class=\"elementor-element elementor-element-d61709e e-con-full e-flex e-con e-child\" data-id=\"d61709e\" data-element_type=\"container\" data-settings=\"{&quot;background_background&quot;:&quot;classic&quot;}\">\n\t\t\t\t<div class=\"elementor-element elementor-element-0408f82 elementor-widget elementor-widget-heading\" data-id=\"0408f82\" data-element_type=\"widget\" data-widget_type=\"heading.default\">\n\t\t\t\t<div class=\"elementor-widget-container\">\n\t\t\t\t\t<h3 class=\"elementor-heading-title elementor-size-default\">Log\u00edstica y almac\u00e9n<\/h3>\t\t\t\t<\/div>\n\t\t\t\t<\/div>\n\t\t\t\t<div class=\"elementor-element elementor-element-c615442 elementor-widget elementor-widget-text-editor\" data-id=\"c615442\" data-element_type=\"widget\" data-widget_type=\"text-editor.default\">\n\t\t\t\t<div class=\"elementor-widget-container\">\n\t\t\t\t\t\t\t\t\t<p>Las operaciones log\u00edsticas y de almac\u00e9n de Hingelocks est\u00e1n dise\u00f1adas para ser eficaces y fiables. Nuestro espacioso almac\u00e9n de 3.600 metros cuadrados garantiza que mantenemos niveles de existencias suficientes para satisfacer la demanda con prontitud. Aplicamos pr\u00e1cticas sistem\u00e1ticas de gesti\u00f3n de inventarios para agilizar el almacenamiento, la manipulaci\u00f3n y la recuperaci\u00f3n de productos. Nuestro equipo de log\u00edstica coordina soluciones de env\u00edo sin fisuras, ofreciendo un embalaje seguro y una entrega puntual por mensajer\u00eda o transporte mar\u00edtimo en funci\u00f3n de las necesidades del cliente. Mediante la optimizaci\u00f3n de nuestros procesos log\u00edsticos y de almac\u00e9n, nos aseguramos de que sus pedidos se cumplan con precisi\u00f3n y se entreguen a tiempo, mejorando su experiencia general con Hingelocks.<\/p>\t\t\t\t\t\t\t\t<\/div>\n\t\t\t\t<\/div>\n\t\t\t\t<\/div>\n\t\t<div class=\"elementor-element elementor-element-6570b34 e-con-full e-flex e-con e-child\" data-id=\"6570b34\" data-element_type=\"container\">\n\t\t\t\t<div class=\"elementor-element elementor-element-11d0f16 elementor-widget elementor-widget-video\" data-id=\"11d0f16\" data-element_type=\"widget\" data-settings=\"{&quot;youtube_url&quot;:&quot;https:\\\/\\\/youtu.be\\\/yoYSs67elKk&quot;,&quot;video_type&quot;:&quot;youtube&quot;,&quot;controls&quot;:&quot;yes&quot;}\" data-widget_type=\"video.default\">\n\t\t\t\t<div class=\"elementor-widget-container\">\n\t\t\t\t\t\t\t<div class=\"elementor-wrapper elementor-open-inline\">\n\t\t\t<div class=\"elementor-video\"><\/div>\t\t<\/div>\n\t\t\t\t\t\t<\/div>\n\t\t\t\t<\/div>\n\t\t\t\t<\/div>\n\t\t\t\t\t<\/div>\n\t\t\t\t<\/div>\n\t\t\t\t<\/div>","protected":false},"excerpt":{"rendered":"<p>Our Capabitlies All our products are in-house manufacturing, ensuring consistent quality, and timely delivery\u00a0 Die Casting Process Our die casting process at Hingelocks is meticulously designed to produce high-quality, precise components. Utilizing advanced zinc and aluminum alloy die-casting machines, we ensure each product is formed with exceptional accuracy and consistency. Our skilled technicians oversee every [&hellip;]<\/p>","protected":false},"author":1,"featured_media":0,"parent":0,"menu_order":0,"comment_status":"closed","ping_status":"closed","template":"","meta":{"_seopress_robots_primary_cat":"","_seopress_titles_title":"","_seopress_titles_desc":"","_seopress_robots_index":"","_import_markdown_pro_load_document_selector":0,"_import_markdown_pro_submit_text_textarea":"","footnotes":""},"_links":{"self":[{"href":"https:\/\/hingelocks.com\/es\/wp-json\/wp\/v2\/pages\/4547"}],"collection":[{"href":"https:\/\/hingelocks.com\/es\/wp-json\/wp\/v2\/pages"}],"about":[{"href":"https:\/\/hingelocks.com\/es\/wp-json\/wp\/v2\/types\/page"}],"author":[{"embeddable":true,"href":"https:\/\/hingelocks.com\/es\/wp-json\/wp\/v2\/users\/1"}],"replies":[{"embeddable":true,"href":"https:\/\/hingelocks.com\/es\/wp-json\/wp\/v2\/comments?post=4547"}],"version-history":[{"count":89,"href":"https:\/\/hingelocks.com\/es\/wp-json\/wp\/v2\/pages\/4547\/revisions"}],"predecessor-version":[{"id":5309,"href":"https:\/\/hingelocks.com\/es\/wp-json\/wp\/v2\/pages\/4547\/revisions\/5309"}],"wp:attachment":[{"href":"https:\/\/hingelocks.com\/es\/wp-json\/wp\/v2\/media?parent=4547"}],"curies":[{"name":"wp","href":"https:\/\/api.w.org\/{rel}","templated":true}]}}