{"id":2533,"date":"2024-07-14T15:03:58","date_gmt":"2024-07-14T07:03:58","guid":{"rendered":"https:\/\/hingelocks.com\/product\/ms-w400-2b\/"},"modified":"2024-08-08T12:49:18","modified_gmt":"2024-08-08T04:49:18","slug":"ms-w400-2b","status":"publish","type":"product","link":"https:\/\/hingelocks.com\/es\/producto\/ms-w400-2b\/","title":{"rendered":"MS-W400-2B"},"content":{"rendered":"<p><img src='https:\/\/hingelocks.com\/wp-content\/uploads\/2024\/07\/202072155746590EN01.jpg'>                             <\/p>\n<h2>Especificaciones<\/h2>\n<p>                                                      <img decoding=\"async\" src=\"https:\/\/hingelocks.com\/wp-content\/uploads\/2024\/07\/2015527192034926EN02.jpg\" class=\"w80\"><\/p>","protected":false},"excerpt":{"rendered":"<div class=\"name\">Caracter\u00edsticas<\/div>\n<p>                                                           \u25cf Material:Cuerpo de fundici\u00f3n a presi\u00f3n de cinc,Tuerca,Leva cincada,Llave de lat\u00f3n.<br \/>Grosor del panel: 1~10 mm<br \/>\u25cf Finish:Pocked chrome plating<br \/>\u25cf Remark:key combination:2000.<br \/>\u25cf                                                                   <\/p>\n<div class=\"name\">Material<\/div>\n<p>                                                                    \u25cf Aleaci\u00f3n de zinc                                                                                    <\/p>\n<div class=\"name\">Acabado<\/div>\n<p>                                                                    \u25cf Electrochapado<\/p>","protected":false},"featured_media":2536,"template":"","meta":{"_seopress_robots_primary_cat":"","_seopress_titles_title":"","_seopress_titles_desc":"","_seopress_robots_index":"","_import_markdown_pro_load_document_selector":0,"_import_markdown_pro_submit_text_textarea":""},"product_cat":[41,52],"product_tag":[],"_links":{"self":[{"href":"https:\/\/hingelocks.com\/es\/wp-json\/wp\/v2\/product\/2533"}],"collection":[{"href":"https:\/\/hingelocks.com\/es\/wp-json\/wp\/v2\/product"}],"about":[{"href":"https:\/\/hingelocks.com\/es\/wp-json\/wp\/v2\/types\/product"}],"wp:featuredmedia":[{"embeddable":true,"href":"https:\/\/hingelocks.com\/es\/wp-json\/wp\/v2\/media\/2536"}],"wp:attachment":[{"href":"https:\/\/hingelocks.com\/es\/wp-json\/wp\/v2\/media?parent=2533"}],"wp:term":[{"taxonomy":"product_cat","embeddable":true,"href":"https:\/\/hingelocks.com\/es\/wp-json\/wp\/v2\/product_cat?post=2533"},{"taxonomy":"product_tag","embeddable":true,"href":"https:\/\/hingelocks.com\/es\/wp-json\/wp\/v2\/product_tag?post=2533"}],"curies":[{"name":"wp","href":"https:\/\/api.w.org\/{rel}","templated":true}]}}