{"id":3782,"date":"2024-07-14T17:43:35","date_gmt":"2024-07-14T09:43:35","guid":{"rendered":"https:\/\/hingelocks.com\/product\/hl020\/"},"modified":"2024-07-14T17:44:15","modified_gmt":"2024-07-14T09:44:15","slug":"hl020","status":"publish","type":"product","link":"https:\/\/hingelocks.com\/es\/producto\/hl020\/","title":{"rendered":"HL020"},"content":{"rendered":"<p><img src='https:\/\/hingelocks.com\/wp-content\/uploads\/2024\/07\/201797141251108EN01.jpg'>                             <\/p>\n<h2>Especificaciones<\/h2>\n<p>                                                      <img decoding=\"async\" src=\"https:\/\/hingelocks.com\/wp-content\/uploads\/2024\/07\/201552893717311EN02.jpg\" class=\"w80\"><\/p>","protected":false},"excerpt":{"rendered":"<div class=\"name\">Caracter\u00edsticas<\/div>\n<p>                                                           \u25cf Material: Bisagra de fundici\u00f3n a presi\u00f3n de zinc,acero inoxidable y pasador de acero niquelado est\u00e1n disponibles.<br \/>\u25cf Acabado: cromado brillante.<br \/>\u25cf Observaci\u00f3n: bisagra de 270                                                                  <\/p>\n<div class=\"name\">Material<\/div>\n<p>                                                                    \u25cf Aleaci\u00f3n de zinc                                                                                    <\/p>\n<div class=\"name\">Acabado<\/div>\n<p>                                                                    \u25cf Electrochapado<\/p>","protected":false},"featured_media":3785,"template":"","meta":{"_seopress_robots_primary_cat":"","_seopress_titles_title":"","_seopress_titles_desc":"","_seopress_robots_index":"","_import_markdown_pro_load_document_selector":0,"_import_markdown_pro_submit_text_textarea":""},"product_cat":[53],"product_tag":[],"_links":{"self":[{"href":"https:\/\/hingelocks.com\/es\/wp-json\/wp\/v2\/product\/3782"}],"collection":[{"href":"https:\/\/hingelocks.com\/es\/wp-json\/wp\/v2\/product"}],"about":[{"href":"https:\/\/hingelocks.com\/es\/wp-json\/wp\/v2\/types\/product"}],"wp:featuredmedia":[{"embeddable":true,"href":"https:\/\/hingelocks.com\/es\/wp-json\/wp\/v2\/media\/3785"}],"wp:attachment":[{"href":"https:\/\/hingelocks.com\/es\/wp-json\/wp\/v2\/media?parent=3782"}],"wp:term":[{"taxonomy":"product_cat","embeddable":true,"href":"https:\/\/hingelocks.com\/es\/wp-json\/wp\/v2\/product_cat?post=3782"},{"taxonomy":"product_tag","embeddable":true,"href":"https:\/\/hingelocks.com\/es\/wp-json\/wp\/v2\/product_tag?post=3782"}],"curies":[{"name":"wp","href":"https:\/\/api.w.org\/{rel}","templated":true}]}}