{"id":3827,"date":"2024-07-14T17:46:55","date_gmt":"2024-07-14T09:46:55","guid":{"rendered":"https:\/\/hingelocks.com\/product\/hl006\/"},"modified":"2024-10-14T19:21:47","modified_gmt":"2024-10-14T11:21:47","slug":"hl006","status":"publish","type":"product","link":"https:\/\/hingelocks.com\/es\/producto\/hl006\/","title":{"rendered":"Bisagras para puertas de armarios Hl006 Bisagra de aleaci\u00f3n de zinc negra"},"content":{"rendered":"<p><img decoding=\"async\" src=\"https:\/\/hingelocks.com\/wp-content\/uploads\/2024\/07\/201552881846634.jpg\" \/><br \/>\n<img decoding=\"async\" src=\"https:\/\/hingelocks.com\/wp-content\/uploads\/2024\/07\/201552881855604EN02.jpg\" \/><\/p>\n<h2>Especificaciones<\/h2>\n<p><img decoding=\"async\" class=\"w80\" src=\"https:\/\/hingelocks.com\/wp-content\/uploads\/2024\/07\/20155288192381EN03.jpg\" \/><\/p>","protected":false},"excerpt":{"rendered":"<div class=\"name\">Caracter\u00edsticas<\/div>\n<p>\u25cf Material:Bisagra de fundici\u00f3n a presi\u00f3n de cinc, acero inoxidable y pasador de acero niquelado est\u00e1n disponibles, arandela de lat\u00f3n.<br \/>\n\u25cf Acabado:Negro mate\uff0cRecubrimiento en polvo negro.<br \/>\n\u25cf Observaci\u00f3n:bisagra de 180<\/p>\n<div class=\"name\">Material<\/div>\n<p>\u25cf Aleaci\u00f3n de zinc<\/p>\n<div class=\"name\">Acabado<\/div>\n<p>\u25cf Spray de pl\u00e1stico<\/p>","protected":false},"featured_media":3831,"template":"","meta":{"_seopress_robots_primary_cat":"none","_seopress_titles_title":"","_seopress_titles_desc":"","_seopress_robots_index":"","_import_markdown_pro_load_document_selector":0,"_import_markdown_pro_submit_text_textarea":""},"product_cat":[53],"product_tag":[],"_links":{"self":[{"href":"https:\/\/hingelocks.com\/es\/wp-json\/wp\/v2\/product\/3827"}],"collection":[{"href":"https:\/\/hingelocks.com\/es\/wp-json\/wp\/v2\/product"}],"about":[{"href":"https:\/\/hingelocks.com\/es\/wp-json\/wp\/v2\/types\/product"}],"wp:featuredmedia":[{"embeddable":true,"href":"https:\/\/hingelocks.com\/es\/wp-json\/wp\/v2\/media\/3831"}],"wp:attachment":[{"href":"https:\/\/hingelocks.com\/es\/wp-json\/wp\/v2\/media?parent=3827"}],"wp:term":[{"taxonomy":"product_cat","embeddable":true,"href":"https:\/\/hingelocks.com\/es\/wp-json\/wp\/v2\/product_cat?post=3827"},{"taxonomy":"product_tag","embeddable":true,"href":"https:\/\/hingelocks.com\/es\/wp-json\/wp\/v2\/product_tag?post=3827"}],"curies":[{"name":"wp","href":"https:\/\/api.w.org\/{rel}","templated":true}]}}