{"id":3891,"date":"2024-07-14T17:51:48","date_gmt":"2024-07-14T09:51:48","guid":{"rendered":"https:\/\/hingelocks.com\/product\/hl032\/"},"modified":"2024-10-14T19:07:58","modified_gmt":"2024-10-14T11:07:58","slug":"hl032","status":"publish","type":"product","link":"https:\/\/hingelocks.com\/es\/producto\/hl032\/","title":{"rendered":"Bisagras de aleaci\u00f3n de zinc de 180 grados Hl032 Bisagras elevables para armarios"},"content":{"rendered":"<p><img decoding=\"async\" src=\"https:\/\/hingelocks.com\/wp-content\/uploads\/2024\/07\/2015528103025278.jpg\" \/><\/p>\n<h2>Especificaciones<\/h2>\n<p><img decoding=\"async\" class=\"w80\" src=\"https:\/\/hingelocks.com\/wp-content\/uploads\/2024\/07\/2015528103031905EN02.jpg\" \/><\/p>","protected":false},"excerpt":{"rendered":"<div class=\"name\">Caracter\u00edsticas<\/div>\n<p>\u25cf Material: Bisagra de fundici\u00f3n a presi\u00f3n de zinc,acero inoxidable y pasador de acero niquelado est\u00e1n disponibles.<br \/>\n\u25cf Acabado: cromado brillante.<br \/>\n\u25cf Observaci\u00f3n: Bisagra de 180<\/p>\n<div class=\"name\">Material<\/div>\n<p>\u25cf Aleaci\u00f3n de zinc<\/p>\n<div class=\"name\">Acabado<\/div>\n<p>\u25cf Electrochapado<\/p>","protected":false},"featured_media":3894,"template":"","meta":{"_seopress_robots_primary_cat":"none","_seopress_titles_title":"","_seopress_titles_desc":"","_seopress_robots_index":"","_import_markdown_pro_load_document_selector":0,"_import_markdown_pro_submit_text_textarea":""},"product_cat":[53],"product_tag":[],"_links":{"self":[{"href":"https:\/\/hingelocks.com\/es\/wp-json\/wp\/v2\/product\/3891"}],"collection":[{"href":"https:\/\/hingelocks.com\/es\/wp-json\/wp\/v2\/product"}],"about":[{"href":"https:\/\/hingelocks.com\/es\/wp-json\/wp\/v2\/types\/product"}],"wp:featuredmedia":[{"embeddable":true,"href":"https:\/\/hingelocks.com\/es\/wp-json\/wp\/v2\/media\/3894"}],"wp:attachment":[{"href":"https:\/\/hingelocks.com\/es\/wp-json\/wp\/v2\/media?parent=3891"}],"wp:term":[{"taxonomy":"product_cat","embeddable":true,"href":"https:\/\/hingelocks.com\/es\/wp-json\/wp\/v2\/product_cat?post=3891"},{"taxonomy":"product_tag","embeddable":true,"href":"https:\/\/hingelocks.com\/es\/wp-json\/wp\/v2\/product_tag?post=3891"}],"curies":[{"name":"wp","href":"https:\/\/api.w.org\/{rel}","templated":true}]}}