{"id":3958,"date":"2024-07-14T17:55:27","date_gmt":"2024-07-14T09:55:27","guid":{"rendered":"https:\/\/hingelocks.com\/product\/hl054\/"},"modified":"2024-10-08T17:58:05","modified_gmt":"2024-10-08T09:58:05","slug":"hl054","status":"publish","type":"product","link":"https:\/\/hingelocks.com\/es\/producto\/hl054\/","title":{"rendered":"HL054 180 degree black powder coated door hinges"},"content":{"rendered":"<p><img decoding=\"async\" src=\"https:\/\/hingelocks.com\/wp-content\/uploads\/2024\/07\/2015528115157504EN01.jpg\" \/><\/p>\n<h2>Especificaciones<\/h2>\n<p><img decoding=\"async\" class=\"w80\" src=\"https:\/\/hingelocks.com\/wp-content\/uploads\/2024\/07\/201552811523398EN02.jpg\" \/><\/p>","protected":false},"excerpt":{"rendered":"<div class=\"name\">Caracter\u00edsticas<\/div>\n<p>\u25cf Material:bisagra de fundici\u00f3n a presi\u00f3n de zinc,acero inoxidable y acero niquelado pin est\u00e1n disponibles.<br \/>\n\u25cf Acabado: Negro con recubrimiento en polvo<br \/>\n\u25cf Observaci\u00f3n:bisagra de 180<\/p>\n<div class=\"name\">Material<\/div>\n<p>\u25cf Aleaci\u00f3n de zinc<\/p>\n<div class=\"name\">Acabado<\/div>\n<p>\u25cf Spray de pl\u00e1stico<\/p>","protected":false},"featured_media":3961,"template":"","meta":{"_seopress_robots_primary_cat":"none","_seopress_titles_title":"","_seopress_titles_desc":"","_seopress_robots_index":"","_import_markdown_pro_load_document_selector":0,"_import_markdown_pro_submit_text_textarea":""},"product_cat":[53],"product_tag":[],"_links":{"self":[{"href":"https:\/\/hingelocks.com\/es\/wp-json\/wp\/v2\/product\/3958"}],"collection":[{"href":"https:\/\/hingelocks.com\/es\/wp-json\/wp\/v2\/product"}],"about":[{"href":"https:\/\/hingelocks.com\/es\/wp-json\/wp\/v2\/types\/product"}],"wp:featuredmedia":[{"embeddable":true,"href":"https:\/\/hingelocks.com\/es\/wp-json\/wp\/v2\/media\/3961"}],"wp:attachment":[{"href":"https:\/\/hingelocks.com\/es\/wp-json\/wp\/v2\/media?parent=3958"}],"wp:term":[{"taxonomy":"product_cat","embeddable":true,"href":"https:\/\/hingelocks.com\/es\/wp-json\/wp\/v2\/product_cat?post=3958"},{"taxonomy":"product_tag","embeddable":true,"href":"https:\/\/hingelocks.com\/es\/wp-json\/wp\/v2\/product_tag?post=3958"}],"curies":[{"name":"wp","href":"https:\/\/api.w.org\/{rel}","templated":true}]}}