{"id":4331,"date":"2024-07-14T18:15:00","date_gmt":"2024-07-14T10:15:00","guid":{"rendered":"https:\/\/hingelocks.com\/product\/hl161-2\/"},"modified":"2024-08-30T21:50:51","modified_gmt":"2024-08-30T13:50:51","slug":"270-degree-hinge-hl161-2-torque-position-control-hinges","status":"publish","type":"product","link":"https:\/\/hingelocks.com\/es\/producto\/270-degree-hinge-hl161-2-torque-position-control-hinges\/","title":{"rendered":"Bisagra de 270 grados Hl161-2 Bisagras con control de posici\u00f3n de torsi\u00f3n"},"content":{"rendered":"<p><img decoding=\"async\" src=\"https:\/\/hingelocks.com\/wp-content\/uploads\/2024\/07\/20201010111110136.jpg\"\/><\/p>\n<h2>Especificaciones<\/h2>\n<p>                                                      <img decoding=\"async\" src=\"https:\/\/hingelocks.com\/wp-content\/uploads\/2024\/07\/20201010111122833\uff08EN02.jpg\" class=\"w80\"><\/p>","protected":false},"excerpt":{"rendered":"<div class=\"name\">Caracter\u00edsticas<\/div>\n<p>                                                           \u25cf Material:Bisagra de fundici\u00f3n a presi\u00f3n de cinc, acero inoxidable y pasador de acero niquelado est\u00e1n disponibles Estructura y funci\u00f3n: 2,0 Nm de par sim\u00e9trico,Especificaci\u00f3n de par est\u00e1tico \u00b1 20% m\u00e1s de 25.000 veces la vida del ciclo Tanto a la izquierda como a la derecha aplicable Con tornillo M5 para ensamblar.<br \/>\u25cf Acabado: Cromado punteado<br \/>\u25cf Observaci\u00f3n:2                                                                  <\/p>\n<div class=\"name\">Material<\/div>\n<p>                                                                    \u25cf Aleaci\u00f3n de zinc                                                                                    <\/p>\n<div class=\"name\">Acabado<\/div>\n<p>                                                                    \u25cf Spray de pl\u00e1stico<br \/>                                                                   \u25cf Electrochapado<\/p>","protected":false},"featured_media":4334,"template":"","meta":{"_seopress_robots_primary_cat":"","_seopress_titles_title":"","_seopress_titles_desc":"","_seopress_robots_index":"","_import_markdown_pro_load_document_selector":0,"_import_markdown_pro_submit_text_textarea":""},"product_cat":[53],"product_tag":[],"_links":{"self":[{"href":"https:\/\/hingelocks.com\/es\/wp-json\/wp\/v2\/product\/4331"}],"collection":[{"href":"https:\/\/hingelocks.com\/es\/wp-json\/wp\/v2\/product"}],"about":[{"href":"https:\/\/hingelocks.com\/es\/wp-json\/wp\/v2\/types\/product"}],"wp:featuredmedia":[{"embeddable":true,"href":"https:\/\/hingelocks.com\/es\/wp-json\/wp\/v2\/media\/4334"}],"wp:attachment":[{"href":"https:\/\/hingelocks.com\/es\/wp-json\/wp\/v2\/media?parent=4331"}],"wp:term":[{"taxonomy":"product_cat","embeddable":true,"href":"https:\/\/hingelocks.com\/es\/wp-json\/wp\/v2\/product_cat?post=4331"},{"taxonomy":"product_tag","embeddable":true,"href":"https:\/\/hingelocks.com\/es\/wp-json\/wp\/v2\/product_tag?post=4331"}],"curies":[{"name":"wp","href":"https:\/\/api.w.org\/{rel}","templated":true}]}}