{"id":4343,"date":"2024-07-14T18:15:19","date_gmt":"2024-07-14T10:15:19","guid":{"rendered":"https:\/\/hingelocks.com\/product\/hl200-1\/"},"modified":"2024-08-30T21:47:37","modified_gmt":"2024-08-30T13:47:37","slug":"hl200-adjustable-torque-position-control-hinges-friction-stay-hinge","status":"publish","type":"product","link":"https:\/\/hingelocks.com\/es\/producto\/hl200-adjustable-torque-position-control-hinges-friction-stay-hinge\/","title":{"rendered":"Hl200 Bisagras de control de posici\u00f3n de par ajustable Bisagra de tope de fricci\u00f3n"},"content":{"rendered":"<p><img decoding=\"async\" src=\"https:\/\/hingelocks.com\/wp-content\/uploads\/2024\/07\/2020101093858547EN01.jpg\" \/><\/p>\n<h2>Especificaciones<\/h2>\n<p><img decoding=\"async\" class=\"w80\" src=\"https:\/\/hingelocks.com\/wp-content\/uploads\/2024\/07\/202010109395171EN02.jpg\" \/><\/p>","protected":false},"excerpt":{"rendered":"<div class=\"name\">Caracter\u00edsticas<\/div>\n<p>\u25cf Material: bisagras din\u00e1micas de aleaci\u00f3n de zinc, pasadores de acero inoxidable,<br \/>\n\u25cf Tratamiento de la superficie: negro electroforesis.<br \/>\n\u25cf Funci\u00f3n estructural: La bisagra de posicionamiento sim\u00e9trica interna tiene un \u00e1ngulo abierto de 60 grados 120 grados 180 grados, funci\u00f3n de posicionamiento.<br \/>\n\u25cf Y el par de apriete se ajusta con una llave hexagonal interior 6<\/p>\n<div class=\"name\">Material<\/div>\n<p>\u25cf Aleaci\u00f3n de zinc<\/p>\n<div class=\"name\">Acabado<\/div>\n<p>\u25cf Spray de pl\u00e1stico<\/p>","protected":false},"featured_media":4346,"template":"","meta":{"_seopress_robots_primary_cat":"none","_seopress_titles_title":"","_seopress_titles_desc":"","_seopress_robots_index":"","_import_markdown_pro_load_document_selector":0,"_import_markdown_pro_submit_text_textarea":""},"product_cat":[53],"product_tag":[],"_links":{"self":[{"href":"https:\/\/hingelocks.com\/es\/wp-json\/wp\/v2\/product\/4343"}],"collection":[{"href":"https:\/\/hingelocks.com\/es\/wp-json\/wp\/v2\/product"}],"about":[{"href":"https:\/\/hingelocks.com\/es\/wp-json\/wp\/v2\/types\/product"}],"wp:featuredmedia":[{"embeddable":true,"href":"https:\/\/hingelocks.com\/es\/wp-json\/wp\/v2\/media\/4346"}],"wp:attachment":[{"href":"https:\/\/hingelocks.com\/es\/wp-json\/wp\/v2\/media?parent=4343"}],"wp:term":[{"taxonomy":"product_cat","embeddable":true,"href":"https:\/\/hingelocks.com\/es\/wp-json\/wp\/v2\/product_cat?post=4343"},{"taxonomy":"product_tag","embeddable":true,"href":"https:\/\/hingelocks.com\/es\/wp-json\/wp\/v2\/product_tag?post=4343"}],"curies":[{"name":"wp","href":"https:\/\/api.w.org\/{rel}","templated":true}]}}