{"id":4366,"date":"2024-07-14T18:16:23","date_gmt":"2024-07-14T10:16:23","guid":{"rendered":"https:\/\/hingelocks.com\/product\/hl216\/"},"modified":"2024-07-14T18:16:23","modified_gmt":"2024-07-14T10:16:23","slug":"hl216","status":"publish","type":"product","link":"https:\/\/hingelocks.com\/es\/producto\/hl216\/","title":{"rendered":"HL216"},"content":{"rendered":"<p><img decoding=\"async\" src=\"https:\/\/www.essentrahengzhu.comhttps:\/\/www.essentrahengzhu.com\/upload\/image\/20230307\/1678173194075064958.jpg\" title=\"1678173194075064958.jpg\" alt=\"\u5c3a\u5bf8_01.jpg\"\/><\/p>\n<h2>Especificaciones<\/h2>\n<p>                                                      <img decoding=\"async\" src=\"https:\/\/www.essentrahengzhu.comhttps:\/\/www.essentrahengzhu.com\/upload\/product\/image\/20230307\/img-1678173217219638.jpg\" class=\"w80\"><\/p>","protected":false},"excerpt":{"rendered":"<div class=\"name\">Caracter\u00edsticas<\/div>\n<p>                                                           \u25cf Material:bisagra de fundici\u00f3n a presi\u00f3n de zinc, acero inoxidable y acero niquelado pin est\u00e1n disponibles, cubierta de acero inoxidable de superficie de espejo, arandela de lat\u00f3n.<br \/>\u25cf Tratamiento de superficie: cromado en arena\uff1b<br \/>\u25cf Observaci\u00f3n:bisagra de 180                                                                  <\/p>\n<div class=\"name\">Material<\/div>\n<p>                                                                    \u25cf Aleaci\u00f3n de zinc                                                                                    <\/p>\n<div class=\"name\">Acabado<\/div>\n<p>                                                                    \u25cf Electrochapado<\/p>","protected":false},"featured_media":4367,"template":"","meta":{"_seopress_robots_primary_cat":"","_seopress_titles_title":"","_seopress_titles_desc":"","_seopress_robots_index":"","_import_markdown_pro_load_document_selector":0,"_import_markdown_pro_submit_text_textarea":""},"product_cat":[53],"product_tag":[],"_links":{"self":[{"href":"https:\/\/hingelocks.com\/es\/wp-json\/wp\/v2\/product\/4366"}],"collection":[{"href":"https:\/\/hingelocks.com\/es\/wp-json\/wp\/v2\/product"}],"about":[{"href":"https:\/\/hingelocks.com\/es\/wp-json\/wp\/v2\/types\/product"}],"wp:featuredmedia":[{"embeddable":true,"href":"https:\/\/hingelocks.com\/es\/wp-json\/wp\/v2\/media\/4367"}],"wp:attachment":[{"href":"https:\/\/hingelocks.com\/es\/wp-json\/wp\/v2\/media?parent=4366"}],"wp:term":[{"taxonomy":"product_cat","embeddable":true,"href":"https:\/\/hingelocks.com\/es\/wp-json\/wp\/v2\/product_cat?post=4366"},{"taxonomy":"product_tag","embeddable":true,"href":"https:\/\/hingelocks.com\/es\/wp-json\/wp\/v2\/product_tag?post=4366"}],"curies":[{"name":"wp","href":"https:\/\/api.w.org\/{rel}","templated":true}]}}