{"id":4375,"date":"2024-07-14T18:16:34","date_gmt":"2024-07-14T10:16:34","guid":{"rendered":"https:\/\/hingelocks.com\/product\/hl301z-1\/"},"modified":"2024-08-30T21:39:37","modified_gmt":"2024-08-30T13:39:37","slug":"hl301z-adjustable-torque-position-control-hinges-friction-stay-hinge","status":"publish","type":"product","link":"https:\/\/hingelocks.com\/es\/producto\/hl301z-adjustable-torque-position-control-hinges-friction-stay-hinge\/","title":{"rendered":"Hl301z Bisagras de Control de Posici\u00f3n de Par Ajustable Bisagra de Retenci\u00f3n por Fricci\u00f3n"},"content":{"rendered":"<p><img decoding=\"async\" src=\"https:\/\/hingelocks.com\/wp-content\/uploads\/2024\/07\/20201010112544282.jpg\" \/><\/p>\n<h2>Especificaciones<\/h2>\n<p><img decoding=\"async\" class=\"w80\" src=\"https:\/\/hingelocks.com\/wp-content\/uploads\/2024\/07\/20201010112553883EN02.jpg\" \/><\/p>","protected":false},"excerpt":{"rendered":"<div class=\"name\">Caracter\u00edsticas<\/div>\n<p>\u25cf Material:bisagra de fundici\u00f3n a presi\u00f3n de zinc,acero inoxidable y acero niquelado pin est\u00e1n disponibles.<br \/>\n\u25cf Estructura y funci\u00f3n: 2 Nm<br \/>\n\u25cf par sim\u00e9trico,<br \/>\n\u25cf Especificaci\u00f3n de par est\u00e1tico \u00b1 20%<br \/>\n\u25cf M\u00e1s de 25.000 ciclos de vida<br \/>\n\u25cf Aplicable tanto a la izquierda como a la derecha<br \/>\n\u25cf Con tornillo M5 para montaje<br \/>\n\u25cf Acabado: Cromado punteado<br \/>\n\u25cf Rem<\/p>\n<div class=\"name\">Material<\/div>\n<p>\u25cf Aleaci\u00f3n de zinc<\/p>\n<div class=\"name\">Acabado<\/div>\n<p>\u25cf Spray de pl\u00e1stico<\/p>","protected":false},"featured_media":4378,"template":"","meta":{"_seopress_robots_primary_cat":"none","_seopress_titles_title":"","_seopress_titles_desc":"","_seopress_robots_index":"","_import_markdown_pro_load_document_selector":0,"_import_markdown_pro_submit_text_textarea":""},"product_cat":[53],"product_tag":[],"_links":{"self":[{"href":"https:\/\/hingelocks.com\/es\/wp-json\/wp\/v2\/product\/4375"}],"collection":[{"href":"https:\/\/hingelocks.com\/es\/wp-json\/wp\/v2\/product"}],"about":[{"href":"https:\/\/hingelocks.com\/es\/wp-json\/wp\/v2\/types\/product"}],"wp:featuredmedia":[{"embeddable":true,"href":"https:\/\/hingelocks.com\/es\/wp-json\/wp\/v2\/media\/4378"}],"wp:attachment":[{"href":"https:\/\/hingelocks.com\/es\/wp-json\/wp\/v2\/media?parent=4375"}],"wp:term":[{"taxonomy":"product_cat","embeddable":true,"href":"https:\/\/hingelocks.com\/es\/wp-json\/wp\/v2\/product_cat?post=4375"},{"taxonomy":"product_tag","embeddable":true,"href":"https:\/\/hingelocks.com\/es\/wp-json\/wp\/v2\/product_tag?post=4375"}],"curies":[{"name":"wp","href":"https:\/\/api.w.org\/{rel}","templated":true}]}}