{"id":4379,"date":"2024-07-14T18:16:34","date_gmt":"2024-07-14T10:16:34","guid":{"rendered":"https:\/\/hingelocks.com\/product\/hl302z\/"},"modified":"2024-08-28T23:43:34","modified_gmt":"2024-08-28T15:43:34","slug":"hl302z","status":"publish","type":"product","link":"https:\/\/hingelocks.com\/es\/producto\/hl302z\/","title":{"rendered":"Bisagras con control de posici\u00f3n y par de torsi\u00f3n ajustable Bisagra con tope de fricci\u00f3n HL302Z"},"content":{"rendered":"<p><img decoding=\"async\" src=\"https:\/\/hingelocks.com\/wp-content\/uploads\/2024\/07\/2021227172419455.jpg\" \/><\/p>\n<h2>Especificaciones<\/h2>\n<p><img decoding=\"async\" class=\"w80\" src=\"https:\/\/hingelocks.com\/wp-content\/uploads\/2024\/07\/2021227172428670EN02.jpg\" \/><\/p>","protected":false},"excerpt":{"rendered":"<div class=\"name\">Caracter\u00edsticas<\/div>\n<p>\u25cf Materia\uff1aBisagra de acero para muelles, pasador de acero especial.<br \/>\n\u25cf Estructura y funci\u00f3n: Par sim\u00e9trico de 0,5~0,7 Nm,Especificaci\u00f3n de par est\u00e1tico \u00b1 20% m\u00e1s de 25.000 veces de ciclo de vida Tanto a la izquierda como a la derecha aplicable Con tornillo M3 para montaje.<br \/>\n\u25cf Acabado: Cromado punteado<br \/>\n\u25cf Observaci\u00f3n:bisagra de 360<\/p>\n<div class=\"name\">Material<\/div>\n<p>\u25cf Aleaci\u00f3n de zinc<\/p>\n<div class=\"name\">Acabado<\/div>\n<p>\u25cf Electrochapado<\/p>","protected":false},"featured_media":4382,"template":"","meta":{"_seopress_robots_primary_cat":"none","_seopress_titles_title":"","_seopress_titles_desc":"","_seopress_robots_index":"","_import_markdown_pro_load_document_selector":0,"_import_markdown_pro_submit_text_textarea":""},"product_cat":[53],"product_tag":[],"_links":{"self":[{"href":"https:\/\/hingelocks.com\/es\/wp-json\/wp\/v2\/product\/4379"}],"collection":[{"href":"https:\/\/hingelocks.com\/es\/wp-json\/wp\/v2\/product"}],"about":[{"href":"https:\/\/hingelocks.com\/es\/wp-json\/wp\/v2\/types\/product"}],"wp:featuredmedia":[{"embeddable":true,"href":"https:\/\/hingelocks.com\/es\/wp-json\/wp\/v2\/media\/4382"}],"wp:attachment":[{"href":"https:\/\/hingelocks.com\/es\/wp-json\/wp\/v2\/media?parent=4379"}],"wp:term":[{"taxonomy":"product_cat","embeddable":true,"href":"https:\/\/hingelocks.com\/es\/wp-json\/wp\/v2\/product_cat?post=4379"},{"taxonomy":"product_tag","embeddable":true,"href":"https:\/\/hingelocks.com\/es\/wp-json\/wp\/v2\/product_tag?post=4379"}],"curies":[{"name":"wp","href":"https:\/\/api.w.org\/{rel}","templated":true}]}}