{"id":2032,"date":"2024-07-12T18:10:07","date_gmt":"2024-07-12T10:10:07","guid":{"rendered":"https:\/\/hingelocks.com\/?post_type=product&#038;p=2032"},"modified":"2024-07-12T18:20:16","modified_gmt":"2024-07-12T10:20:16","slug":"hl216-hinge","status":"publish","type":"product","link":"https:\/\/hingelocks.com\/fi\/tuote\/hl216-hinge\/","title":{"rendered":"HL216 Sarana"},"content":{"rendered":"<p><img fetchpriority=\"high\" decoding=\"async\" class=\"aligncenter wp-image-2036 size-full\" src=\"https:\/\/hingelocks.com\/wp-content\/uploads\/2024\/07\/1678173194075064958-1.jpg\" alt=\"\" width=\"750\" height=\"932\" srcset=\"https:\/\/hingelocks.com\/wp-content\/uploads\/2024\/07\/1678173194075064958-1.jpg 750w, https:\/\/hingelocks.com\/wp-content\/uploads\/2024\/07\/1678173194075064958-1-600x746.jpg 600w, https:\/\/hingelocks.com\/wp-content\/uploads\/2024\/07\/1678173194075064958-1-241x300.jpg 241w\" sizes=\"(max-width: 750px) 100vw, 750px\" \/> <img decoding=\"async\" class=\"aligncenter wp-image-2037 size-full\" src=\"https:\/\/hingelocks.com\/wp-content\/uploads\/2024\/07\/1678173194075064958.jpg\" alt=\"\" width=\"750\" height=\"932\" srcset=\"https:\/\/hingelocks.com\/wp-content\/uploads\/2024\/07\/1678173194075064958.jpg 750w, https:\/\/hingelocks.com\/wp-content\/uploads\/2024\/07\/1678173194075064958-600x746.jpg 600w, https:\/\/hingelocks.com\/wp-content\/uploads\/2024\/07\/1678173194075064958-241x300.jpg 241w\" sizes=\"(max-width: 750px) 100vw, 750px\" \/><\/p>\n<p><img decoding=\"async\" class=\"aligncenter wp-image-2035 size-full\" src=\"https:\/\/hingelocks.com\/wp-content\/uploads\/2024\/07\/img-1678173217219638.jpg\" alt=\"\" width=\"750\" height=\"176\" srcset=\"https:\/\/hingelocks.com\/wp-content\/uploads\/2024\/07\/img-1678173217219638.jpg 750w, https:\/\/hingelocks.com\/wp-content\/uploads\/2024\/07\/img-1678173217219638-600x141.jpg 600w, https:\/\/hingelocks.com\/wp-content\/uploads\/2024\/07\/img-1678173217219638-300x70.jpg 300w\" sizes=\"(max-width: 750px) 100vw, 750px\" \/><\/p>","protected":false},"excerpt":{"rendered":"<div class=\"text\">\n<p>\u25cf Materiaali: Sinkkivalettu sarana, ruostumaton ter\u00e4s ja nikkelipinnoitettu ter\u00e4s tappi ovat saatavilla, peilipintainen ruostumattomasta ter\u00e4ksest\u00e4 valmistettu kansi, messinkinen aluslevy.<br \/>\n\u25cf Pintak\u00e4sittely: hiekkakromaus\uff1b<br \/>\n\u25cf Huomautus: 180\u00b0 nivel<\/p>\n<\/div>\n<div class=\"text\">\n<div class=\"name\">Materiaali<\/div>\n<p>\u25cf Sinkkiseos<\/p>\n<\/div>\n<div class=\"text\">\n<div class=\"name\">Viimeistely<\/div>\n<p>\u25cf Elektropinnoite<\/p>\n<\/div>","protected":false},"featured_media":2033,"template":"","meta":{"_seopress_robots_primary_cat":"","_seopress_titles_title":"","_seopress_titles_desc":"","_seopress_robots_index":"","_import_markdown_pro_load_document_selector":0,"_import_markdown_pro_submit_text_textarea":""},"product_cat":[26],"product_tag":[],"_links":{"self":[{"href":"https:\/\/hingelocks.com\/fi\/wp-json\/wp\/v2\/product\/2032"}],"collection":[{"href":"https:\/\/hingelocks.com\/fi\/wp-json\/wp\/v2\/product"}],"about":[{"href":"https:\/\/hingelocks.com\/fi\/wp-json\/wp\/v2\/types\/product"}],"wp:featuredmedia":[{"embeddable":true,"href":"https:\/\/hingelocks.com\/fi\/wp-json\/wp\/v2\/media\/2033"}],"wp:attachment":[{"href":"https:\/\/hingelocks.com\/fi\/wp-json\/wp\/v2\/media?parent=2032"}],"wp:term":[{"taxonomy":"product_cat","embeddable":true,"href":"https:\/\/hingelocks.com\/fi\/wp-json\/wp\/v2\/product_cat?post=2032"},{"taxonomy":"product_tag","embeddable":true,"href":"https:\/\/hingelocks.com\/fi\/wp-json\/wp\/v2\/product_tag?post=2032"}],"curies":[{"name":"wp","href":"https:\/\/api.w.org\/{rel}","templated":true}]}}