{"id":3818,"date":"2024-07-14T17:46:55","date_gmt":"2024-07-14T09:46:55","guid":{"rendered":"https:\/\/hingelocks.com\/product\/hl004\/"},"modified":"2024-10-14T19:19:24","modified_gmt":"2024-10-14T11:19:24","slug":"hl004","status":"publish","type":"product","link":"https:\/\/hingelocks.com\/fi\/tuote\/hl004\/","title":{"rendered":"HL004 180 asteen teollinen piilotettu kaappisarana"},"content":{"rendered":"<p><img decoding=\"async\" src=\"https:\/\/hingelocks.com\/wp-content\/uploads\/2024\/07\/201552881342523.jpg\" \/><br \/>\n<img decoding=\"async\" src=\"https:\/\/hingelocks.com\/wp-content\/uploads\/2024\/07\/201552881349121EN\uff0902.jpg\" \/><\/p>\n<h2>Tekniset tiedot<\/h2>\n<p><img decoding=\"async\" class=\"w80\" src=\"https:\/\/hingelocks.com\/wp-content\/uploads\/2024\/07\/201552881358315EN03.jpg\" \/><\/p>","protected":false},"excerpt":{"rendered":"<div class=\"name\">Ominaisuudet<\/div>\n<p>\u25cf Materiaali: Sinkkivalettu ruostumaton ter\u00e4s ja nikkel\u00f6ity ter\u00e4s tappi ovat saatavilla<br \/>\n\u25cf Viimeistely: Kirkas kromaus Musta jauhemaalattu<br \/>\n\u25cf Huomautus: 180\u00b0 nivel.<\/p>\n<div class=\"name\">Materiaali<\/div>\n<p>\u25cf Sinkkiseos<\/p>\n<div class=\"name\">Viimeistely<\/div>\n<p>\u25cf Muovisuihku<\/p>","protected":false},"featured_media":3822,"template":"","meta":{"_seopress_robots_primary_cat":"none","_seopress_titles_title":"","_seopress_titles_desc":"","_seopress_robots_index":"","_import_markdown_pro_load_document_selector":0,"_import_markdown_pro_submit_text_textarea":""},"product_cat":[53],"product_tag":[],"_links":{"self":[{"href":"https:\/\/hingelocks.com\/fi\/wp-json\/wp\/v2\/product\/3818"}],"collection":[{"href":"https:\/\/hingelocks.com\/fi\/wp-json\/wp\/v2\/product"}],"about":[{"href":"https:\/\/hingelocks.com\/fi\/wp-json\/wp\/v2\/types\/product"}],"wp:featuredmedia":[{"embeddable":true,"href":"https:\/\/hingelocks.com\/fi\/wp-json\/wp\/v2\/media\/3822"}],"wp:attachment":[{"href":"https:\/\/hingelocks.com\/fi\/wp-json\/wp\/v2\/media?parent=3818"}],"wp:term":[{"taxonomy":"product_cat","embeddable":true,"href":"https:\/\/hingelocks.com\/fi\/wp-json\/wp\/v2\/product_cat?post=3818"},{"taxonomy":"product_tag","embeddable":true,"href":"https:\/\/hingelocks.com\/fi\/wp-json\/wp\/v2\/product_tag?post=3818"}],"curies":[{"name":"wp","href":"https:\/\/api.w.org\/{rel}","templated":true}]}}