{"id":4004,"date":"2024-07-14T17:57:49","date_gmt":"2024-07-14T09:57:49","guid":{"rendered":"https:\/\/hingelocks.com\/product\/hl046\/"},"modified":"2024-10-08T15:17:31","modified_gmt":"2024-10-08T07:17:31","slug":"hl046","status":"publish","type":"product","link":"https:\/\/hingelocks.com\/fi\/tuote\/hl046\/","title":{"rendered":"180 asteen sarana Hl046 Kaapin saranat"},"content":{"rendered":"<p><img decoding=\"async\" src=\"https:\/\/hingelocks.com\/wp-content\/uploads\/2024\/07\/2020420111959965.jpg\" \/><\/p>\n<h2>Tekniset tiedot<\/h2>\n<p><img decoding=\"async\" class=\"w80\" src=\"https:\/\/hingelocks.com\/wp-content\/uploads\/2024\/07\/2015528112651316EN02.jpg\" \/><\/p>","protected":false},"excerpt":{"rendered":"<div class=\"name\">Ominaisuudet<\/div>\n<p>\u25cf Materiaali: Sinkkivalettu sarana, ruostumaton ter\u00e4s ja nikkel\u00f6ity ter\u00e4s tappi ovat saatavilla<br \/>\n\u25cf Viimeistely: Kromipinnoitus: Pocked kromipinnoitus<br \/>\n\u25cf Huomautus: 180\u00b0 nivel<\/p>\n<div class=\"name\">Materiaali<\/div>\n<p>\u25cf Sinkkiseos<\/p>\n<div class=\"name\">Viimeistely<\/div>\n<p>\u25cf Elektropinnoite<\/p>","protected":false},"featured_media":4007,"template":"","meta":{"_seopress_robots_primary_cat":"none","_seopress_titles_title":"","_seopress_titles_desc":"","_seopress_robots_index":"","_import_markdown_pro_load_document_selector":0,"_import_markdown_pro_submit_text_textarea":""},"product_cat":[53],"product_tag":[],"_links":{"self":[{"href":"https:\/\/hingelocks.com\/fi\/wp-json\/wp\/v2\/product\/4004"}],"collection":[{"href":"https:\/\/hingelocks.com\/fi\/wp-json\/wp\/v2\/product"}],"about":[{"href":"https:\/\/hingelocks.com\/fi\/wp-json\/wp\/v2\/types\/product"}],"wp:featuredmedia":[{"embeddable":true,"href":"https:\/\/hingelocks.com\/fi\/wp-json\/wp\/v2\/media\/4007"}],"wp:attachment":[{"href":"https:\/\/hingelocks.com\/fi\/wp-json\/wp\/v2\/media?parent=4004"}],"wp:term":[{"taxonomy":"product_cat","embeddable":true,"href":"https:\/\/hingelocks.com\/fi\/wp-json\/wp\/v2\/product_cat?post=4004"},{"taxonomy":"product_tag","embeddable":true,"href":"https:\/\/hingelocks.com\/fi\/wp-json\/wp\/v2\/product_tag?post=4004"}],"curies":[{"name":"wp","href":"https:\/\/api.w.org\/{rel}","templated":true}]}}