{"id":4052,"date":"2024-07-14T18:00:56","date_gmt":"2024-07-14T10:00:56","guid":{"rendered":"https:\/\/hingelocks.com\/product\/hl066\/"},"modified":"2024-10-08T12:44:18","modified_gmt":"2024-10-08T04:44:18","slug":"hl066","status":"publish","type":"product","link":"https:\/\/hingelocks.com\/fi\/tuote\/hl066\/","title":{"rendered":"Lift-Off Hinge Hl066 180degrees Zinc Alloy Cabinet Concealed Door Hinge"},"content":{"rendered":"<table border=\"1\">\n<tbody>\n<tr>\n<td>Product model<\/td>\n<td>HL066<\/td>\n<\/tr>\n<tr>\n<td>Certification<\/td>\n<td>ISO9001,ISO14001,OHSAS18001<\/td>\n<\/tr>\n<tr>\n<td>Materiaali<\/td>\n<td>Zinc die-casting hinge,stainless steel and nickel plating steel pin are available<\/td>\n<\/tr>\n<tr>\n<td>Viimeistely<\/td>\n<td>Bright chrome plating<\/td>\n<\/tr>\n<tr>\n<td>Remark<\/td>\n<td>180\u00b0hinge<\/td>\n<\/tr>\n<tr>\n<td>Usage<\/td>\n<td>Railway, machinery and equipment, industrial,electrical\u00a0 \u00a0appliances<\/td>\n<\/tr>\n<\/tbody>\n<\/table>\n<p><img decoding=\"async\" src=\"https:\/\/hingelocks.com\/wp-content\/uploads\/2024\/07\/201552814626870.jpg\" \/><\/p>\n<h2>Tekniset tiedot<\/h2>\n<p><img decoding=\"async\" class=\"w80\" src=\"https:\/\/hingelocks.com\/wp-content\/uploads\/2024\/07\/201552814637587EN02.jpg\" \/><\/p>","protected":false},"excerpt":{"rendered":"<div class=\"name\">Ominaisuudet<\/div>\n<p>\u25cf Materiaali: Sinkkivalettu sarana, ruostumaton ter\u00e4s ja nikkel\u00f6ity ter\u00e4s tappi ovat saatavilla<br \/>\n\u25cf Viimeistely: Kirkas kromaus<br \/>\n\u25cf Huomautus: 180\u00b0 nivel<\/p>\n<div class=\"name\">Materiaali<\/div>\n<p>\u25cf Sinkkiseos<\/p>\n<div class=\"name\">Viimeistely<\/div>\n<p>\u25cf Elektropinnoite<\/p>","protected":false},"featured_media":4055,"template":"","meta":{"_seopress_robots_primary_cat":"none","_seopress_titles_title":"","_seopress_titles_desc":"","_seopress_robots_index":"","_import_markdown_pro_load_document_selector":0,"_import_markdown_pro_submit_text_textarea":""},"product_cat":[53],"product_tag":[],"_links":{"self":[{"href":"https:\/\/hingelocks.com\/fi\/wp-json\/wp\/v2\/product\/4052"}],"collection":[{"href":"https:\/\/hingelocks.com\/fi\/wp-json\/wp\/v2\/product"}],"about":[{"href":"https:\/\/hingelocks.com\/fi\/wp-json\/wp\/v2\/types\/product"}],"wp:featuredmedia":[{"embeddable":true,"href":"https:\/\/hingelocks.com\/fi\/wp-json\/wp\/v2\/media\/4055"}],"wp:attachment":[{"href":"https:\/\/hingelocks.com\/fi\/wp-json\/wp\/v2\/media?parent=4052"}],"wp:term":[{"taxonomy":"product_cat","embeddable":true,"href":"https:\/\/hingelocks.com\/fi\/wp-json\/wp\/v2\/product_cat?post=4052"},{"taxonomy":"product_tag","embeddable":true,"href":"https:\/\/hingelocks.com\/fi\/wp-json\/wp\/v2\/product_tag?post=4052"}],"curies":[{"name":"wp","href":"https:\/\/api.w.org\/{rel}","templated":true}]}}