{"id":4370,"date":"2024-07-14T18:16:23","date_gmt":"2024-07-14T10:16:23","guid":{"rendered":"https:\/\/hingelocks.com\/product\/hl300z\/"},"modified":"2024-08-30T21:43:35","modified_gmt":"2024-08-30T13:43:35","slug":"hl300z-adjustable-torque-position-control-hinges-friction-stay-hinge","status":"publish","type":"product","link":"https:\/\/hingelocks.com\/fi\/tuote\/hl300z-adjustable-torque-position-control-hinges-friction-stay-hinge\/","title":{"rendered":"Hl300z S\u00e4\u00e4dett\u00e4v\u00e4 v\u00e4\u00e4nt\u00f6momenttiasennon s\u00e4\u00e4t\u00f6 saranat Kitka Stay sarana"},"content":{"rendered":"<p><img src='https:\/\/hingelocks.com\/wp-content\/uploads\/2024\/07\/2021127142915476.jpg'><br \/><img src='https:\/\/hingelocks.com\/wp-content\/uploads\/2024\/07\/2021127142927259.jpg'>                             <\/p>\n<h2>Tekniset tiedot<\/h2>\n<p>                                                      <img decoding=\"async\" src=\"https:\/\/hingelocks.com\/wp-content\/uploads\/2024\/07\/2021127142932762EN03.jpg\" class=\"w80\"><\/p>","protected":false},"excerpt":{"rendered":"<div class=\"name\">Ominaisuudet<\/div>\n<p>                                                           \u25cf Materiaali: Sinkkivalettu sarana, ruostumaton ter\u00e4s ja nikkel\u00f6ity ter\u00e4s tappi ovat saatavilla<br \/>\u25cf Rakenne ja toiminta: 2 Nm<br \/>\u25cf symmetrinen v\u00e4\u00e4nt\u00f6momentti, staattinen v\u00e4\u00e4nt\u00f6momentti erittely \u00b1 20% yli 25000 kertaa syklin k\u00e4ytt\u00f6ik\u00e4 Sek\u00e4 vasen ett\u00e4 oikea sovellettavissa M5-ruuvilla kokoonpanoon<br \/>\u25cf Viimeistely: Kromipinnoitus: Pocked kromipinnoitus<br \/>\u25cf Huomautus:2                                                                  <\/p>\n<div class=\"name\">Materiaali<\/div>\n<p>                                                                    \u25cf Sinkkiseos                                                                                    <\/p>\n<div class=\"name\">Viimeistely<\/div>\n<p>                                                                    \u25cf Muovisuihku<\/p>","protected":false},"featured_media":4374,"template":"","meta":{"_seopress_robots_primary_cat":"","_seopress_titles_title":"","_seopress_titles_desc":"","_seopress_robots_index":"","_import_markdown_pro_load_document_selector":0,"_import_markdown_pro_submit_text_textarea":""},"product_cat":[53],"product_tag":[],"_links":{"self":[{"href":"https:\/\/hingelocks.com\/fi\/wp-json\/wp\/v2\/product\/4370"}],"collection":[{"href":"https:\/\/hingelocks.com\/fi\/wp-json\/wp\/v2\/product"}],"about":[{"href":"https:\/\/hingelocks.com\/fi\/wp-json\/wp\/v2\/types\/product"}],"wp:featuredmedia":[{"embeddable":true,"href":"https:\/\/hingelocks.com\/fi\/wp-json\/wp\/v2\/media\/4374"}],"wp:attachment":[{"href":"https:\/\/hingelocks.com\/fi\/wp-json\/wp\/v2\/media?parent=4370"}],"wp:term":[{"taxonomy":"product_cat","embeddable":true,"href":"https:\/\/hingelocks.com\/fi\/wp-json\/wp\/v2\/product_cat?post=4370"},{"taxonomy":"product_tag","embeddable":true,"href":"https:\/\/hingelocks.com\/fi\/wp-json\/wp\/v2\/product_tag?post=4370"}],"curies":[{"name":"wp","href":"https:\/\/api.w.org\/{rel}","templated":true}]}}