{"id":4379,"date":"2024-07-14T18:16:34","date_gmt":"2024-07-14T10:16:34","guid":{"rendered":"https:\/\/hingelocks.com\/product\/hl302z\/"},"modified":"2024-08-28T23:43:34","modified_gmt":"2024-08-28T15:43:34","slug":"hl302z","status":"publish","type":"product","link":"https:\/\/hingelocks.com\/fi\/tuote\/hl302z\/","title":{"rendered":"S\u00e4\u00e4dett\u00e4v\u00e4 v\u00e4\u00e4nt\u00f6momentti asennonohjaussaranat Kitkasarana HL302Z"},"content":{"rendered":"<p><img decoding=\"async\" src=\"https:\/\/hingelocks.com\/wp-content\/uploads\/2024\/07\/2021227172419455.jpg\" \/><\/p>\n<h2>Tekniset tiedot<\/h2>\n<p><img decoding=\"async\" class=\"w80\" src=\"https:\/\/hingelocks.com\/wp-content\/uploads\/2024\/07\/2021227172428670EN02.jpg\" \/><\/p>","protected":false},"excerpt":{"rendered":"<div class=\"name\">Ominaisuudet<\/div>\n<p>\u25cf Materia\uff1aJousiter\u00e4ksinen sarana, erikoister\u00e4ksinen tappi<br \/>\n\u25cf Rakenne ja toiminta: M3-ruuvilla M3-ruuvilla kokoonpanoa varten: 0,5 ~ 0,7 Nm symmetrinen v\u00e4\u00e4nt\u00f6momentti, staattinen v\u00e4\u00e4nt\u00f6momentin erittely \u00b1 20% yli 25 000 kertaa syklin k\u00e4ytt\u00f6ik\u00e4 Sek\u00e4 vasen ett\u00e4 oikea sovellettavissa M3-ruuvilla kokoonpanoon<br \/>\n\u25cf Viimeistely: Kromipinnoitus: Pocked kromipinnoitus<br \/>\n\u25cf Huomautus: 360 \u00b0 nivel<\/p>\n<div class=\"name\">Materiaali<\/div>\n<p>\u25cf Sinkkiseos<\/p>\n<div class=\"name\">Viimeistely<\/div>\n<p>\u25cf Elektropinnoite<\/p>","protected":false},"featured_media":4382,"template":"","meta":{"_seopress_robots_primary_cat":"none","_seopress_titles_title":"","_seopress_titles_desc":"","_seopress_robots_index":"","_import_markdown_pro_load_document_selector":0,"_import_markdown_pro_submit_text_textarea":""},"product_cat":[53],"product_tag":[],"_links":{"self":[{"href":"https:\/\/hingelocks.com\/fi\/wp-json\/wp\/v2\/product\/4379"}],"collection":[{"href":"https:\/\/hingelocks.com\/fi\/wp-json\/wp\/v2\/product"}],"about":[{"href":"https:\/\/hingelocks.com\/fi\/wp-json\/wp\/v2\/types\/product"}],"wp:featuredmedia":[{"embeddable":true,"href":"https:\/\/hingelocks.com\/fi\/wp-json\/wp\/v2\/media\/4382"}],"wp:attachment":[{"href":"https:\/\/hingelocks.com\/fi\/wp-json\/wp\/v2\/media?parent=4379"}],"wp:term":[{"taxonomy":"product_cat","embeddable":true,"href":"https:\/\/hingelocks.com\/fi\/wp-json\/wp\/v2\/product_cat?post=4379"},{"taxonomy":"product_tag","embeddable":true,"href":"https:\/\/hingelocks.com\/fi\/wp-json\/wp\/v2\/product_tag?post=4379"}],"curies":[{"name":"wp","href":"https:\/\/api.w.org\/{rel}","templated":true}]}}