{"id":2525,"date":"2024-07-14T15:03:58","date_gmt":"2024-07-14T07:03:58","guid":{"rendered":"https:\/\/hingelocks.com\/product\/ms-w400-2\/"},"modified":"2024-08-08T12:49:18","modified_gmt":"2024-08-08T04:49:18","slug":"ms-w400-2","status":"publish","type":"product","link":"https:\/\/hingelocks.com\/fr\/produit\/ms-w400-2\/","title":{"rendered":"MS-W400-2"},"content":{"rendered":"<p><img src='https:\/\/hingelocks.com\/wp-content\/uploads\/2024\/07\/2015527191715934EN01.jpg'>                             <\/p>\n<h2>Sp\u00e9cifications<\/h2>\n<p>                                                      <img decoding=\"async\" src=\"https:\/\/hingelocks.com\/wp-content\/uploads\/2024\/07\/2015527191721148CN02.jpg\" class=\"w80\"><\/p>","protected":false},"excerpt":{"rendered":"<div class=\"name\">Caract\u00e9ristiques<\/div>\n<p>                                                           \u25cf Mat\u00e9riau :Corps en zinc moul\u00e9 sous pression, \u00e9crou, came zingu\u00e9e, cl\u00e9 en laiton.<br \/>\u25cf Finition : chromage brillant<br \/>\u25cf \u00c9paisseur du panneau : 1~10mm<br \/>\u25cf Remarque : combinaison de touches : 80<br \/>\u25cf                                                                   <\/p>\n<div class=\"name\">Mat\u00e9riau<\/div>\n<p>                                                                    \u25cf Alliage de zinc                                                                                    <\/p>\n<div class=\"name\">Finition<\/div>\n<p>                                                                    \u25cf Plaque \u00e9lectrolytique<\/p>","protected":false},"featured_media":2528,"template":"","meta":{"_seopress_robots_primary_cat":"","_seopress_titles_title":"","_seopress_titles_desc":"","_seopress_robots_index":"","_import_markdown_pro_load_document_selector":0,"_import_markdown_pro_submit_text_textarea":""},"product_cat":[41,52],"product_tag":[],"_links":{"self":[{"href":"https:\/\/hingelocks.com\/fr\/wp-json\/wp\/v2\/product\/2525"}],"collection":[{"href":"https:\/\/hingelocks.com\/fr\/wp-json\/wp\/v2\/product"}],"about":[{"href":"https:\/\/hingelocks.com\/fr\/wp-json\/wp\/v2\/types\/product"}],"wp:featuredmedia":[{"embeddable":true,"href":"https:\/\/hingelocks.com\/fr\/wp-json\/wp\/v2\/media\/2528"}],"wp:attachment":[{"href":"https:\/\/hingelocks.com\/fr\/wp-json\/wp\/v2\/media?parent=2525"}],"wp:term":[{"taxonomy":"product_cat","embeddable":true,"href":"https:\/\/hingelocks.com\/fr\/wp-json\/wp\/v2\/product_cat?post=2525"},{"taxonomy":"product_tag","embeddable":true,"href":"https:\/\/hingelocks.com\/fr\/wp-json\/wp\/v2\/product_tag?post=2525"}],"curies":[{"name":"wp","href":"https:\/\/api.w.org\/{rel}","templated":true}]}}