{"id":3656,"date":"2024-07-14T17:32:47","date_gmt":"2024-07-14T09:32:47","guid":{"rendered":"https:\/\/hingelocks.com\/product\/ms902\/"},"modified":"2024-08-08T13:38:44","modified_gmt":"2024-08-08T05:38:44","slug":"ms902","status":"publish","type":"product","link":"https:\/\/hingelocks.com\/fr\/produit\/ms902\/","title":{"rendered":"MS902"},"content":{"rendered":"<p><img src='https:\/\/hingelocks.com\/wp-content\/uploads\/2024\/07\/2015526135914184EN01-scaled.jpg'>                             <\/p>\n<h2>Sp\u00e9cifications<\/h2>\n<p>                                                      <img decoding=\"async\" src=\"https:\/\/hingelocks.com\/wp-content\/uploads\/2024\/07\/2015526135922492EN02.jpg\" class=\"w80\"><\/p>","protected":false},"excerpt":{"rendered":"<div class=\"name\">Caract\u00e9ristiques<\/div>\n<p>                                                           \u25cf Mat\u00e9riau:Poign\u00e9e de bo\u00eetier moul\u00e9e sous pression en zinc, came zingu\u00e9e.<br \/>\u25cf Finition :Noir mat<br \/>\u25cf \u00c9paisseur du panneau : 1~2mm<br \/>\u25cf                                                                   <\/p>\n<div class=\"name\">Mat\u00e9riau<\/div>\n<p>                                                                    \u25cf Alliage de zinc                                                                                    <\/p>\n<div class=\"name\">Finition<\/div>\n<p>                                                                    \u25cf Spray plastique<\/p>","protected":false},"featured_media":3659,"template":"","meta":{"_seopress_robots_primary_cat":"","_seopress_titles_title":"","_seopress_titles_desc":"","_seopress_robots_index":"","_import_markdown_pro_load_document_selector":0,"_import_markdown_pro_submit_text_textarea":""},"product_cat":[38,52],"product_tag":[],"_links":{"self":[{"href":"https:\/\/hingelocks.com\/fr\/wp-json\/wp\/v2\/product\/3656"}],"collection":[{"href":"https:\/\/hingelocks.com\/fr\/wp-json\/wp\/v2\/product"}],"about":[{"href":"https:\/\/hingelocks.com\/fr\/wp-json\/wp\/v2\/types\/product"}],"wp:featuredmedia":[{"embeddable":true,"href":"https:\/\/hingelocks.com\/fr\/wp-json\/wp\/v2\/media\/3659"}],"wp:attachment":[{"href":"https:\/\/hingelocks.com\/fr\/wp-json\/wp\/v2\/media?parent=3656"}],"wp:term":[{"taxonomy":"product_cat","embeddable":true,"href":"https:\/\/hingelocks.com\/fr\/wp-json\/wp\/v2\/product_cat?post=3656"},{"taxonomy":"product_tag","embeddable":true,"href":"https:\/\/hingelocks.com\/fr\/wp-json\/wp\/v2\/product_tag?post=3656"}],"curies":[{"name":"wp","href":"https:\/\/api.w.org\/{rel}","templated":true}]}}