{"id":3814,"date":"2024-07-14T17:45:41","date_gmt":"2024-07-14T09:45:41","guid":{"rendered":"https:\/\/hingelocks.com\/product\/hl003-3\/"},"modified":"2024-10-14T19:17:26","modified_gmt":"2024-10-14T11:17:26","slug":"hl003-3","status":"publish","type":"product","link":"https:\/\/hingelocks.com\/fr\/produit\/hl003-3\/","title":{"rendered":"HL003-3 Charni\u00e8re \u00e0 boulon d'armoire Charni\u00e8re \u00e0 pivot dissimul\u00e9 \u00e0 boulon amovible"},"content":{"rendered":"<p><img decoding=\"async\" src=\"https:\/\/hingelocks.com\/wp-content\/uploads\/2024\/07\/202010109376325EN01.jpg\" \/><\/p>\n<h2>Sp\u00e9cifications<\/h2>\n<p><img decoding=\"async\" class=\"w80\" src=\"https:\/\/hingelocks.com\/wp-content\/uploads\/2024\/07\/2020101093712719EN02.jpg\" \/><\/p>","protected":false},"excerpt":{"rendered":"<div class=\"name\">Caract\u00e9ristiques<\/div>\n<p>\u25cf Mat\u00e9riau : Charni\u00e8re en zinc moul\u00e9 sous pression, l'acier inoxydable et l'axe en acier nickel\u00e9 sont disponibles.<br \/>\n\u25cf Finition : chromage brillant Rev\u00eatement poudre noire<br \/>\n\u25cf Remarque : Charni\u00e8re de 180<\/p>\n<div class=\"name\">Mat\u00e9riau<\/div>\n<p>\u25cf Alliage de zinc<\/p>\n<div class=\"name\">Finition<\/div>\n<p>\u25cf Spray plastique<\/p>","protected":false},"featured_media":3817,"template":"","meta":{"_seopress_robots_primary_cat":"none","_seopress_titles_title":"","_seopress_titles_desc":"","_seopress_robots_index":"","_import_markdown_pro_load_document_selector":0,"_import_markdown_pro_submit_text_textarea":""},"product_cat":[53],"product_tag":[],"_links":{"self":[{"href":"https:\/\/hingelocks.com\/fr\/wp-json\/wp\/v2\/product\/3814"}],"collection":[{"href":"https:\/\/hingelocks.com\/fr\/wp-json\/wp\/v2\/product"}],"about":[{"href":"https:\/\/hingelocks.com\/fr\/wp-json\/wp\/v2\/types\/product"}],"wp:featuredmedia":[{"embeddable":true,"href":"https:\/\/hingelocks.com\/fr\/wp-json\/wp\/v2\/media\/3817"}],"wp:attachment":[{"href":"https:\/\/hingelocks.com\/fr\/wp-json\/wp\/v2\/media?parent=3814"}],"wp:term":[{"taxonomy":"product_cat","embeddable":true,"href":"https:\/\/hingelocks.com\/fr\/wp-json\/wp\/v2\/product_cat?post=3814"},{"taxonomy":"product_tag","embeddable":true,"href":"https:\/\/hingelocks.com\/fr\/wp-json\/wp\/v2\/product_tag?post=3814"}],"curies":[{"name":"wp","href":"https:\/\/api.w.org\/{rel}","templated":true}]}}