{"id":3874,"date":"2024-07-14T17:50:47","date_gmt":"2024-07-14T09:50:47","guid":{"rendered":"https:\/\/hingelocks.com\/product\/hl028\/"},"modified":"2024-10-14T19:37:56","modified_gmt":"2024-10-14T11:37:56","slug":"hl028","status":"publish","type":"product","link":"https:\/\/hingelocks.com\/fr\/produit\/hl028\/","title":{"rendered":"Hl028 Zinc Alloy Lift-off 180 Degree Cabinet Hinges"},"content":{"rendered":"<p><img decoding=\"async\" src=\"https:\/\/hingelocks.com\/wp-content\/uploads\/2024\/07\/2015528101943856EN01.jpg\" \/><\/p>\n<h2>Sp\u00e9cifications<\/h2>\n<p><img decoding=\"async\" class=\"w80\" src=\"https:\/\/hingelocks.com\/wp-content\/uploads\/2024\/07\/2015528101949802EN02.jpg\" \/><\/p>","protected":false},"excerpt":{"rendered":"<div class=\"name\">Caract\u00e9ristiques<\/div>\n<p>\u25cf Mat\u00e9riau : Charni\u00e8re en zinc moul\u00e9 sous pression, l'acier inoxydable et l'axe en acier nickel\u00e9 sont disponibles.<br \/>\n\u25cf Finition : chromage brillant<br \/>\n\u25cf Remarque : Charni\u00e8re \u00e0 180\u00b0.<\/p>\n<div class=\"name\">Mat\u00e9riau<\/div>\n<p>\u25cf Alliage de zinc<\/p>\n<div class=\"name\">Finition<\/div>\n<p>\u25cf Plaque \u00e9lectrolytique<\/p>","protected":false},"featured_media":3877,"template":"","meta":{"_seopress_robots_primary_cat":"none","_seopress_titles_title":"","_seopress_titles_desc":"","_seopress_robots_index":"","_import_markdown_pro_load_document_selector":0,"_import_markdown_pro_submit_text_textarea":""},"product_cat":[53],"product_tag":[],"_links":{"self":[{"href":"https:\/\/hingelocks.com\/fr\/wp-json\/wp\/v2\/product\/3874"}],"collection":[{"href":"https:\/\/hingelocks.com\/fr\/wp-json\/wp\/v2\/product"}],"about":[{"href":"https:\/\/hingelocks.com\/fr\/wp-json\/wp\/v2\/types\/product"}],"wp:featuredmedia":[{"embeddable":true,"href":"https:\/\/hingelocks.com\/fr\/wp-json\/wp\/v2\/media\/3877"}],"wp:attachment":[{"href":"https:\/\/hingelocks.com\/fr\/wp-json\/wp\/v2\/media?parent=3874"}],"wp:term":[{"taxonomy":"product_cat","embeddable":true,"href":"https:\/\/hingelocks.com\/fr\/wp-json\/wp\/v2\/product_cat?post=3874"},{"taxonomy":"product_tag","embeddable":true,"href":"https:\/\/hingelocks.com\/fr\/wp-json\/wp\/v2\/product_tag?post=3874"}],"curies":[{"name":"wp","href":"https:\/\/api.w.org\/{rel}","templated":true}]}}