{"id":3950,"date":"2024-07-14T17:54:55","date_gmt":"2024-07-14T09:54:55","guid":{"rendered":"https:\/\/hingelocks.com\/product\/hl052\/"},"modified":"2024-10-14T18:21:32","modified_gmt":"2024-10-14T10:21:32","slug":"hl052","status":"publish","type":"product","link":"https:\/\/hingelocks.com\/fr\/produit\/hl052\/","title":{"rendered":"Hl052 Black Zinc Alloy 180 Degree Hinge"},"content":{"rendered":"<p><img decoding=\"async\" src=\"https:\/\/hingelocks.com\/wp-content\/uploads\/2024\/07\/2015528114621693EN01.jpg\" \/><\/p>\n<h2>Sp\u00e9cifications<\/h2>\n<p><img decoding=\"async\" class=\"w80\" src=\"https:\/\/hingelocks.com\/wp-content\/uploads\/2024\/07\/2015528114627355EN02.jpg\" \/><\/p>","protected":false},"excerpt":{"rendered":"<div class=\"name\">Caract\u00e9ristiques<\/div>\n<p>\u25cf Mat\u00e9riau:charni\u00e8re en zinc moul\u00e9 sous pression, axe en acier inoxydable et en acier nickel\u00e9 disponibles.<br \/>\n\u25cf Finition : rev\u00eatement en poudre noir<br \/>\n\u25cf Remarque : charni\u00e8re \u00e0 180<\/p>\n<div class=\"name\">Mat\u00e9riau<\/div>\n<p>\u25cf Alliage de zinc<\/p>\n<div class=\"name\">Finition<\/div>\n<p>\u25cf Spray plastique<\/p>","protected":false},"featured_media":3953,"template":"","meta":{"_seopress_robots_primary_cat":"none","_seopress_titles_title":"","_seopress_titles_desc":"","_seopress_robots_index":"","_import_markdown_pro_load_document_selector":0,"_import_markdown_pro_submit_text_textarea":""},"product_cat":[53],"product_tag":[],"_links":{"self":[{"href":"https:\/\/hingelocks.com\/fr\/wp-json\/wp\/v2\/product\/3950"}],"collection":[{"href":"https:\/\/hingelocks.com\/fr\/wp-json\/wp\/v2\/product"}],"about":[{"href":"https:\/\/hingelocks.com\/fr\/wp-json\/wp\/v2\/types\/product"}],"wp:featuredmedia":[{"embeddable":true,"href":"https:\/\/hingelocks.com\/fr\/wp-json\/wp\/v2\/media\/3953"}],"wp:attachment":[{"href":"https:\/\/hingelocks.com\/fr\/wp-json\/wp\/v2\/media?parent=3950"}],"wp:term":[{"taxonomy":"product_cat","embeddable":true,"href":"https:\/\/hingelocks.com\/fr\/wp-json\/wp\/v2\/product_cat?post=3950"},{"taxonomy":"product_tag","embeddable":true,"href":"https:\/\/hingelocks.com\/fr\/wp-json\/wp\/v2\/product_tag?post=3950"}],"curies":[{"name":"wp","href":"https:\/\/api.w.org\/{rel}","templated":true}]}}