{"id":3966,"date":"2024-07-14T17:55:27","date_gmt":"2024-07-14T09:55:27","guid":{"rendered":"https:\/\/hingelocks.com\/product\/hl057\/"},"modified":"2024-10-08T18:10:20","modified_gmt":"2024-10-08T10:10:20","slug":"hl057","status":"publish","type":"product","link":"https:\/\/hingelocks.com\/fr\/produit\/hl057\/","title":{"rendered":"Charni\u00e8re d'armoire Hl057 Charni\u00e8res d'armoire \u00e0 180 degr\u00e9s"},"content":{"rendered":"<p>x<img decoding=\"async\" src=\"https:\/\/hingelocks.com\/wp-content\/uploads\/2024\/07\/2019124162653381.jpg\" \/><br \/>\n<img decoding=\"async\" src=\"https:\/\/hingelocks.com\/wp-content\/uploads\/2024\/07\/2015528132947949EN02.jpg\" \/><\/p>\n<h2>Sp\u00e9cifications<\/h2>\n<p><img decoding=\"async\" class=\"w80\" src=\"https:\/\/hingelocks.com\/wp-content\/uploads\/2024\/07\/2015528132954571EN03.jpg\" \/><\/p>","protected":false},"excerpt":{"rendered":"<div class=\"name\">Caract\u00e9ristiques<\/div>\n<p>\u25cf Material:Zinc plating steel body with stainless steel cover.<br \/>\n\u25cf Remarque : charni\u00e8re \u00e0 180\u00b0.<\/p>\n<div class=\"name\">Mat\u00e9riau<\/div>\n<p>\u25cf A3<\/p>\n<div class=\"name\">Finition<\/div>","protected":false},"featured_media":3970,"template":"","meta":{"_seopress_robots_primary_cat":"none","_seopress_titles_title":"","_seopress_titles_desc":"","_seopress_robots_index":"","_import_markdown_pro_load_document_selector":0,"_import_markdown_pro_submit_text_textarea":""},"product_cat":[53],"product_tag":[],"_links":{"self":[{"href":"https:\/\/hingelocks.com\/fr\/wp-json\/wp\/v2\/product\/3966"}],"collection":[{"href":"https:\/\/hingelocks.com\/fr\/wp-json\/wp\/v2\/product"}],"about":[{"href":"https:\/\/hingelocks.com\/fr\/wp-json\/wp\/v2\/types\/product"}],"wp:featuredmedia":[{"embeddable":true,"href":"https:\/\/hingelocks.com\/fr\/wp-json\/wp\/v2\/media\/3970"}],"wp:attachment":[{"href":"https:\/\/hingelocks.com\/fr\/wp-json\/wp\/v2\/media?parent=3966"}],"wp:term":[{"taxonomy":"product_cat","embeddable":true,"href":"https:\/\/hingelocks.com\/fr\/wp-json\/wp\/v2\/product_cat?post=3966"},{"taxonomy":"product_tag","embeddable":true,"href":"https:\/\/hingelocks.com\/fr\/wp-json\/wp\/v2\/product_tag?post=3966"}],"curies":[{"name":"wp","href":"https:\/\/api.w.org\/{rel}","templated":true}]}}