{"id":4016,"date":"2024-07-14T17:58:51","date_gmt":"2024-07-14T09:58:51","guid":{"rendered":"https:\/\/hingelocks.com\/product\/hl049\/"},"modified":"2024-10-08T15:01:08","modified_gmt":"2024-10-08T07:01:08","slug":"hl049","status":"publish","type":"product","link":"https:\/\/hingelocks.com\/fr\/produit\/hl049\/","title":{"rendered":"Charni\u00e8re de porte en fer \u00e0 100 degr\u00e9s Hl049 Spring Hinges"},"content":{"rendered":"<p><img decoding=\"async\" src=\"https:\/\/hingelocks.com\/wp-content\/uploads\/2024\/07\/201552811334780EN01-scaled.jpg\" \/><\/p>\n<h2>Sp\u00e9cifications<\/h2>\n<p><img decoding=\"async\" class=\"w80\" src=\"https:\/\/hingelocks.com\/wp-content\/uploads\/2024\/07\/2015528113310726EN02.jpg\" \/><\/p>","protected":false},"excerpt":{"rendered":"<div class=\"name\">Caract\u00e9ristiques<\/div>\n<p>\u25cf Mat\u00e9riau:charni\u00e8re en acier zingu\u00e9\uff0caxe en acier nickel\u00e9.<br \/>\n\u25cf Finition : zingage blanc<br \/>\n\u25cf Remarque : Charni\u00e8re de 100\u00b0.<\/p>\n<div class=\"name\">Mat\u00e9riau<\/div>\n<p>\u25cf A3<\/p>\n<div class=\"name\">Finition<\/div>\n<p>\u25cf Plaque \u00e9lectrolytique<\/p>","protected":false},"featured_media":4019,"template":"","meta":{"_seopress_robots_primary_cat":"none","_seopress_titles_title":"","_seopress_titles_desc":"","_seopress_robots_index":"","_import_markdown_pro_load_document_selector":0,"_import_markdown_pro_submit_text_textarea":""},"product_cat":[53],"product_tag":[],"_links":{"self":[{"href":"https:\/\/hingelocks.com\/fr\/wp-json\/wp\/v2\/product\/4016"}],"collection":[{"href":"https:\/\/hingelocks.com\/fr\/wp-json\/wp\/v2\/product"}],"about":[{"href":"https:\/\/hingelocks.com\/fr\/wp-json\/wp\/v2\/types\/product"}],"wp:featuredmedia":[{"embeddable":true,"href":"https:\/\/hingelocks.com\/fr\/wp-json\/wp\/v2\/media\/4019"}],"wp:attachment":[{"href":"https:\/\/hingelocks.com\/fr\/wp-json\/wp\/v2\/media?parent=4016"}],"wp:term":[{"taxonomy":"product_cat","embeddable":true,"href":"https:\/\/hingelocks.com\/fr\/wp-json\/wp\/v2\/product_cat?post=4016"},{"taxonomy":"product_tag","embeddable":true,"href":"https:\/\/hingelocks.com\/fr\/wp-json\/wp\/v2\/product_tag?post=4016"}],"curies":[{"name":"wp","href":"https:\/\/api.w.org\/{rel}","templated":true}]}}