{"id":4187,"date":"2024-07-14T18:07:17","date_gmt":"2024-07-14T10:07:17","guid":{"rendered":"https:\/\/hingelocks.com\/product\/hl092\/"},"modified":"2024-08-30T22:37:46","modified_gmt":"2024-08-30T14:37:46","slug":"120-degree-door-hinge-hl092-industrial-corner-hinges","status":"publish","type":"product","link":"https:\/\/hingelocks.com\/fr\/produit\/120-degree-door-hinge-hl092-industrial-corner-hinges\/","title":{"rendered":"Charni\u00e8re de porte \u00e0 120 degr\u00e9s Hl092 Charni\u00e8res d'angle industrielles"},"content":{"rendered":"<p><img decoding=\"async\" src=\"https:\/\/hingelocks.com\/wp-content\/uploads\/2024\/07\/2015528154234179.jpg\" \/><br \/>\n<img decoding=\"async\" src=\"https:\/\/hingelocks.com\/wp-content\/uploads\/2024\/07\/2015528154258247EN02.jpg\" \/><\/p>\n<h2>Sp\u00e9cifications<\/h2>\n<p><img decoding=\"async\" class=\"w80\" src=\"https:\/\/hingelocks.com\/wp-content\/uploads\/2024\/07\/2015528153849942EN03.jpg\" \/><\/p>","protected":false},"excerpt":{"rendered":"<div class=\"name\">Caract\u00e9ristiques<\/div>\n<p>\u25cf Mat\u00e9riau:L'acier zingu\u00e9 et l'acier inoxydable sont disponibles.<br \/>\n\u25cf Remarque : articulation \u00e0 120<\/p>\n<div class=\"name\">Mat\u00e9riau<\/div>\n<p>\u25cf A3<\/p>\n<div class=\"name\">Finition<\/div>\n<p>\u25cf Plaque \u00e9lectrolytique<\/p>","protected":false},"featured_media":4191,"template":"","meta":{"_seopress_robots_primary_cat":"none","_seopress_titles_title":"","_seopress_titles_desc":"","_seopress_robots_index":"","_import_markdown_pro_load_document_selector":0,"_import_markdown_pro_submit_text_textarea":""},"product_cat":[46,53],"product_tag":[],"_links":{"self":[{"href":"https:\/\/hingelocks.com\/fr\/wp-json\/wp\/v2\/product\/4187"}],"collection":[{"href":"https:\/\/hingelocks.com\/fr\/wp-json\/wp\/v2\/product"}],"about":[{"href":"https:\/\/hingelocks.com\/fr\/wp-json\/wp\/v2\/types\/product"}],"wp:featuredmedia":[{"embeddable":true,"href":"https:\/\/hingelocks.com\/fr\/wp-json\/wp\/v2\/media\/4191"}],"wp:attachment":[{"href":"https:\/\/hingelocks.com\/fr\/wp-json\/wp\/v2\/media?parent=4187"}],"wp:term":[{"taxonomy":"product_cat","embeddable":true,"href":"https:\/\/hingelocks.com\/fr\/wp-json\/wp\/v2\/product_cat?post=4187"},{"taxonomy":"product_tag","embeddable":true,"href":"https:\/\/hingelocks.com\/fr\/wp-json\/wp\/v2\/product_tag?post=4187"}],"curies":[{"name":"wp","href":"https:\/\/api.w.org\/{rel}","templated":true}]}}