{"id":4328,"date":"2024-07-14T18:14:27","date_gmt":"2024-07-14T10:14:27","guid":{"rendered":"https:\/\/hingelocks.com\/product\/hl161\/"},"modified":"2024-08-30T21:55:00","modified_gmt":"2024-08-30T13:55:00","slug":"270-degree-hinge-hl161-adjustable-torque-position-control-hinges-friction-stay-hinge","status":"publish","type":"product","link":"https:\/\/hingelocks.com\/fr\/produit\/270-degree-hinge-hl161-adjustable-torque-position-control-hinges-friction-stay-hinge\/","title":{"rendered":"Charni\u00e8re 270 degr\u00e9s Hl161 Charni\u00e8res de contr\u00f4le de position \u00e0 couple r\u00e9glable Charni\u00e8re \u00e0 friction"},"content":{"rendered":"<p><img decoding=\"async\" src=\"https:\/\/www.essentrahengzhu.comhttps:\/\/www.essentrahengzhu.com\/upload\/image\/20230307\/1678175724015073335.jpg\" title=\"1678175724015073335.jpg\" alt=\"\u7ec6\u8282\u5c55\u793a_01.jpg\"\/><\/p>\n<h2>Sp\u00e9cifications<\/h2>\n<p>                                                      <img decoding=\"async\" src=\"https:\/\/hingelocks.com\/wp-content\/uploads\/2024\/07\/202052111302545\uff08EN02.jpg\" class=\"w80\"><\/p>","protected":false},"excerpt":{"rendered":"<div class=\"name\">Caract\u00e9ristiques<\/div>\n<p>                                                           \u25cf Mat\u00e9riau : charni\u00e8re en zinc moul\u00e9 sous pression, axe en acier inoxydable et en acier nickel\u00e9 disponibles Structure et fonction : couple sym\u00e9trique de 2,0 Nm, sp\u00e9cification de couple statique \u00b1 20% plus de 25 000 fois la dur\u00e9e de vie du cycle Applicable \u00e0 gauche et \u00e0 droite Avec vis M5 pour l'assemblage.<br \/>\u25cf Finition : Chromage piqu\u00e9<br \/>\u25cf Remarque:2                                                                  <\/p>\n<div class=\"name\">Mat\u00e9riau<\/div>\n<p>                                                                    \u25cf Alliage de zinc                                                                                    <\/p>\n<div class=\"name\">Finition<\/div>\n<p>                                                                    \u25cf Spray plastique<\/p>","protected":false},"featured_media":4330,"template":"","meta":{"_seopress_robots_primary_cat":"","_seopress_titles_title":"","_seopress_titles_desc":"","_seopress_robots_index":"","_import_markdown_pro_load_document_selector":0,"_import_markdown_pro_submit_text_textarea":""},"product_cat":[53],"product_tag":[],"_links":{"self":[{"href":"https:\/\/hingelocks.com\/fr\/wp-json\/wp\/v2\/product\/4328"}],"collection":[{"href":"https:\/\/hingelocks.com\/fr\/wp-json\/wp\/v2\/product"}],"about":[{"href":"https:\/\/hingelocks.com\/fr\/wp-json\/wp\/v2\/types\/product"}],"wp:featuredmedia":[{"embeddable":true,"href":"https:\/\/hingelocks.com\/fr\/wp-json\/wp\/v2\/media\/4330"}],"wp:attachment":[{"href":"https:\/\/hingelocks.com\/fr\/wp-json\/wp\/v2\/media?parent=4328"}],"wp:term":[{"taxonomy":"product_cat","embeddable":true,"href":"https:\/\/hingelocks.com\/fr\/wp-json\/wp\/v2\/product_cat?post=4328"},{"taxonomy":"product_tag","embeddable":true,"href":"https:\/\/hingelocks.com\/fr\/wp-json\/wp\/v2\/product_tag?post=4328"}],"curies":[{"name":"wp","href":"https:\/\/api.w.org\/{rel}","templated":true}]}}