{"id":4343,"date":"2024-07-14T18:15:19","date_gmt":"2024-07-14T10:15:19","guid":{"rendered":"https:\/\/hingelocks.com\/product\/hl200-1\/"},"modified":"2024-08-30T21:47:37","modified_gmt":"2024-08-30T13:47:37","slug":"hl200-adjustable-torque-position-control-hinges-friction-stay-hinge","status":"publish","type":"product","link":"https:\/\/hingelocks.com\/fr\/produit\/hl200-adjustable-torque-position-control-hinges-friction-stay-hinge\/","title":{"rendered":"Hl200 Charni\u00e8res de contr\u00f4le de position \u00e0 couple r\u00e9glable Charni\u00e8re \u00e0 friction"},"content":{"rendered":"<p><img decoding=\"async\" src=\"https:\/\/hingelocks.com\/wp-content\/uploads\/2024\/07\/2020101093858547EN01.jpg\" \/><\/p>\n<h2>Sp\u00e9cifications<\/h2>\n<p><img decoding=\"async\" class=\"w80\" src=\"https:\/\/hingelocks.com\/wp-content\/uploads\/2024\/07\/202010109395171EN02.jpg\" \/><\/p>","protected":false},"excerpt":{"rendered":"<div class=\"name\">Caract\u00e9ristiques<\/div>\n<p>\u25cf Mat\u00e9riau : charni\u00e8res dynamiques en alliage de zinc, goupilles en acier inoxydable,<br \/>\n\u25cf Traitement de surface : noir \u00e9lectrophor\u00e8se.<br \/>\n\u25cf Fonction structurelle : La charni\u00e8re interne de positionnement sym\u00e9trique a un angle d'ouverture de 60 degr\u00e9s 120 degr\u00e9s 180 degr\u00e9s, fonction de positionnement.<br \/>\n\u25cf Et le couple est ajust\u00e9 \u00e0 l'aide d'une cl\u00e9 hexagonale int\u00e9rieure 6.<\/p>\n<div class=\"name\">Mat\u00e9riau<\/div>\n<p>\u25cf Alliage de zinc<\/p>\n<div class=\"name\">Finition<\/div>\n<p>\u25cf Spray plastique<\/p>","protected":false},"featured_media":4346,"template":"","meta":{"_seopress_robots_primary_cat":"none","_seopress_titles_title":"","_seopress_titles_desc":"","_seopress_robots_index":"","_import_markdown_pro_load_document_selector":0,"_import_markdown_pro_submit_text_textarea":""},"product_cat":[53],"product_tag":[],"_links":{"self":[{"href":"https:\/\/hingelocks.com\/fr\/wp-json\/wp\/v2\/product\/4343"}],"collection":[{"href":"https:\/\/hingelocks.com\/fr\/wp-json\/wp\/v2\/product"}],"about":[{"href":"https:\/\/hingelocks.com\/fr\/wp-json\/wp\/v2\/types\/product"}],"wp:featuredmedia":[{"embeddable":true,"href":"https:\/\/hingelocks.com\/fr\/wp-json\/wp\/v2\/media\/4346"}],"wp:attachment":[{"href":"https:\/\/hingelocks.com\/fr\/wp-json\/wp\/v2\/media?parent=4343"}],"wp:term":[{"taxonomy":"product_cat","embeddable":true,"href":"https:\/\/hingelocks.com\/fr\/wp-json\/wp\/v2\/product_cat?post=4343"},{"taxonomy":"product_tag","embeddable":true,"href":"https:\/\/hingelocks.com\/fr\/wp-json\/wp\/v2\/product_tag?post=4343"}],"curies":[{"name":"wp","href":"https:\/\/api.w.org\/{rel}","templated":true}]}}